{"id":5864,"date":"2025-01-09T17:10:19","date_gmt":"2025-01-09T16:10:19","guid":{"rendered":"https:\/\/compraencieza.es\/?post_type=product&#038;p=5864"},"modified":"2025-01-09T17:22:04","modified_gmt":"2025-01-09T16:22:04","slug":"mascarilla-capilar-acido-hialuronico-hidratante-apivita-20ml","status":"publish","type":"product","link":"https:\/\/compraencieza.es\/en\/product\/mascarilla-capilar-acido-hialuronico-hidratante-apivita-20ml\/","title":{"rendered":"Mascarilla Capilar \u00c1cido Hialur\u00f3nico Hidratante &#8211; Apivita 20ml"},"content":{"rendered":"<div>\u00a1El cabello, igual que nuestra piel, necesita hidrataci\u00f3n!<\/div>\n<div><\/div>\n<div>La mascarilla hidratante para el cabello:<\/div>\n<div>\u2022\u00a0Ofrece una hidrataci\u00f3n intensa y en profundidad recuperando los niveles de hidrataci\u00f3n dentro de la fibra capilar gracias al \u00e1cido hialur\u00f3nico, el aloe, la miel de tomillo y las prote\u00ednas de avena.<\/div>\n<div>\u2022\u00a0Relipidiza el cabello aportando suavidad y flexibilidad gracias a los aceites de jojoba org\u00e1nica y de oliva.<\/div>\n<div>\u2022\u00a0Ayuda a reparar el cabello y previene la rotura y las puntas abiertas con vitaminas y el complejo APISHIELD HS.<\/div>\n<div><\/div>\n<div>El agua de esta f\u00f3rmula ha sido reemplazada por una infusi\u00f3n t\u00f3nica y antiedad de romero org\u00e1nico griego.<\/div>\n<div><\/div>\n<div>USO:<\/div>\n<div>\n<div>Aplicar tras lavar el cabello, dejar actuar durante 3-5 minutos y aclarar con abundante agua.<\/div>\n<div>Para un tratamiento intensivo, aplicar sobre el cabello h\u00famedo, cubrir la cabeza con una toalla caliente y dejar actuar durante 15 minutos.<\/div>\n<div>Evitar el contacto con los ojos. S\u00f3lo para uso externo.<\/div>\n<div><\/div>\n<div><\/div>\n<div>Consejo de \u0391PIVITA<\/div>\n<div>\u2022 Aplicar la mascarilla capilar una o dos veces por semana o seg\u00fan las necesidades espec\u00edficas de tu cabello.<\/div>\n<div>\u2022 Aplicar solo de medios a puntas, evitando la ra\u00edz, y aclarar con abundante agua. Para el cabello corto, aplicar \u00fanicamente en las puntas.<\/div>\n<div>\u2022 Evitar aclarar el cabello con agua muy caliente para que no se irrite el cuero cabelludo.<\/div>\n<div>\u2022 Cepillar el cabello suavemente (preferiblemente con un cepillo con cerdas naturales)<\/div>\n<div>\u2022 Para limitar el da\u00f1o capilar, reducir el uso de instrumentos t\u00e9rmicos de peinado.<\/div>\n<\/div>\n<div><\/div>\n<div>Ingredients:<\/div>\n<div>Aqua\/Water\/Eau**, Cetyl Alcohol, Glycerin, Brassicamidopropyl Dimethylamine, Behentrimonium Chloride, C15-19 Alkane, Cetyl Esters, Cetearyl Alcohol, Plukenetia Volubilis Seed Oil, Simmondsia Chinensis (Jojoba) Seed Oil*, Hydrogenated Castor Oil Isostearate, Coco-Caprylate\/Caprate, Olea Europaea (Olive) Fruit Oil*, Mel\/Honey\/Miel, Rosmarinus Officinalis (Rosemary) Leaf* Extract, Propolis Extract, Rosa Damascena Flower Oil*, Pelargonium Graveolens Flower Oil*, Hydrolyzed Hyaluronic Acid, Aloe Barbadensis Leaf Juice Powder*, Panthenol, Aspartic Acid, Hydrolyzed Oat Protein, Inositol, Benzyl Alcohol, Hydroxyethylcellulose, Aqua\/Water\/Eau, Lactic Acid, Tocopheryl Acetate, Sodium Gluconate, Dehydroacetic Acid, Phytantriol, Alpha-Glucan Oligosaccharide, Sucrose, Trehalose, Glucose, Fructose, Potassium Sorbate, Sodium Benzoate, Arginine, Sodium Citrate, Benzoic Acid, Parfum\/Fragrance, Limonene, Coumarin, Linalool.<\/div>\n<div><\/div>\n<div>Envase:<\/div>\n<div>\n<div><\/div>\n<div>Sobre: pel\u00edcula multicapa actualmente no reciclable.<\/div>\n<div>Por favor, contacte con su programa de reciclaje local para m\u00e1s informaci\u00f3n.<\/div>\n<div>Embalaje externo: Papel con certificaci\u00f3n FSC, 100% reciclable.<\/div>\n<div>Por favor, rec\u00edclalo.<\/div>\n<\/div>\n<div><\/div>","protected":false},"excerpt":{"rendered":"<div>\n<div><\/div>\n<div>\u2022 Hidrataci\u00f3n intensa<\/div>\n<div>\u2022 Protecci\u00f3n frente a las puntas abiertas y el cabello da\u00f1ado<\/div>\n<div>\u2022 Cabello extremadamente suave e hidratado<\/div>\n<\/div>\n<div><\/div>\n<div>Dermatol\u00f3gicamente testado, compatible con homeopat\u00eda.<\/div>\n<div><\/div>\n<div><strong>Venta individual de monodosis.<\/strong><\/div>\n<div><\/div>","protected":false},"featured_media":5081,"comment_status":"open","ping_status":"closed","template":"","meta":{"_acf_changed":false,"inline_featured_image":false},"product_cat":[106],"product_tag":[832,547,309,1820,195,1086,2555,1898,2556,855,144,145,146,2557,2558,2559,2560,2561,315,202,2562,758,2563,2564,631,1051],"genre":[],"class_list":{"0":"post-5864","1":"product","2":"type-product","3":"status-publish","4":"has-post-thumbnail","6":"product_cat-belleza","7":"product_tag-acido","8":"product_tag-aloe","9":"product_tag-apivita","10":"product_tag-avena","11":"product_tag-cabello","12":"product_tag-cuidado","13":"product_tag-danado","14":"product_tag-dermatologicamente","15":"product_tag-hari","16":"product_tag-hialuronico","17":"product_tag-hidrata","18":"product_tag-hidratacion","19":"product_tag-hidratante","20":"product_tag-homeopatia","21":"product_tag-indivicual","22":"product_tag-intensa","23":"product_tag-mascarilla","24":"product_tag-mask","25":"product_tag-miel","26":"product_tag-pelo","27":"product_tag-profundidad","28":"product_tag-proteinas","29":"product_tag-puntas-abiertas","30":"product_tag-relipidiza","31":"product_tag-testado","32":"product_tag-tomillo","34":"first","35":"instock","36":"taxable","37":"shipping-taxable","38":"purchasable","39":"product-type-simple","40":"add-to-wishlist-after_add_to_cart"},"acf":[],"_links":{"self":[{"href":"https:\/\/compraencieza.es\/en\/wp-json\/wp\/v2\/product\/5864","targetHints":{"allow":["GET"]}}],"collection":[{"href":"https:\/\/compraencieza.es\/en\/wp-json\/wp\/v2\/product"}],"about":[{"href":"https:\/\/compraencieza.es\/en\/wp-json\/wp\/v2\/types\/product"}],"replies":[{"embeddable":true,"href":"https:\/\/compraencieza.es\/en\/wp-json\/wp\/v2\/comments?post=5864"}],"wp:featuredmedia":[{"embeddable":true,"href":"https:\/\/compraencieza.es\/en\/wp-json\/wp\/v2\/media\/5081"}],"wp:attachment":[{"href":"https:\/\/compraencieza.es\/en\/wp-json\/wp\/v2\/media?parent=5864"}],"wp:term":[{"taxonomy":"product_cat","embeddable":true,"href":"https:\/\/compraencieza.es\/en\/wp-json\/wp\/v2\/product_cat?post=5864"},{"taxonomy":"product_tag","embeddable":true,"href":"https:\/\/compraencieza.es\/en\/wp-json\/wp\/v2\/product_tag?post=5864"},{"taxonomy":"product_brand","embeddable":true,"href":"https:\/\/compraencieza.es\/en\/wp-json\/wp\/v2\/genre?post=5864"}],"curies":[{"name":"wp","href":"https:\/\/api.w.org\/{rel}","templated":true}]}}