{"id":5865,"date":"2025-01-09T17:10:19","date_gmt":"2025-01-09T16:10:19","guid":{"rendered":"https:\/\/compraencieza.es\/?post_type=product&#038;p=5865"},"modified":"2025-01-09T17:22:04","modified_gmt":"2025-01-09T16:22:04","slug":"mascarilla-capilar-brillo-y-vitalidad","status":"publish","type":"product","link":"https:\/\/compraencieza.es\/en\/product\/mascarilla-capilar-brillo-y-vitalidad\/","title":{"rendered":"Shine and Vitality Hair Mask"},"content":{"rendered":"<div class=\"product-tabs\">\n<div class=\"product-tabs__sections\">\n<div class=\"tabs-content__wrapper product-tabs__tab-wrapper is-active\">\n<div class=\"product-tabs__section js-accordion\">\n<div class=\"product-tabs__content js-accordion-content\">\n<div class=\"content-zone\">\n<p>La mascarilla capilar brillo y vitalidad es ideal para todo tipo de cabello:<\/p>\n<p>\u2022 Ofrece un tratamiento intensivo que devuelve al cabello su brillo y vitalidad natural gracias a los aceites esenciales revitalizantes de naranja, lim\u00f3n y pomelo y a 5 vitaminas.<\/p>\n<p>\u2022 Nutre en profundidad el cabello aportando una suavidad excepcional gracias a la miel de tomillo, al aceite de oliva org\u00e1nico, los amino\u00e1cidos y el aloe.<\/p>\n<p>\u2022 Ayuda a reparar los da\u00f1os del cabello y ofrece una protecci\u00f3n extra para las puntas secas gracias al aceite de semilla de Plukenetia Volibilis y al complejo APISHIELD HS.<\/p>\n<p>\u2022 Previene la rotura y las puntas abiertas, a la vez que protege de los factores externos (contaminaci\u00f3n y herramientas t\u00e9rmicas de peinado) gracias al extracto de t\u00e9 de monta\u00f1a antioxidante y al complejo APISHIELD HS.<\/p>\n<p>\u2022 Deja el cabello brillante y facilita el peinado.<\/p>\n<p>En un pr\u00e1ctico formato sobre de 20ml para un solo uso .<\/p>\n<p>El agua de esta f\u00f3rmula ha sido reemplazada por una infusi\u00f3n t\u00f3nica y antiedad de romero org\u00e1nico griego.<\/p>\n<\/div>\n<\/div>\n<\/div>\n<\/div>\n<\/div>\n<\/div>\n<div class=\"product-special\">\n<div id=\"product-special__items\" class=\"product-special__items  hide-lg\">\n<div class=\"product-special__items-container swiper-container swiper-container-initialized swiper-container-horizontal\">\n<div aria-live=\"polite\"><\/div>\n<div id=\"swiper-wrapper-824fce57b2df6e75\" class=\"swiper-wrapper\" aria-live=\"polite\">Uso:<\/div>\n<\/div>\n<\/div>\n<div class=\"product-special__bottom hide-lg\">\n<div class=\"product-special__internals\">\n<p>Aplicar despu\u00e9s del champ\u00fa a lo largo del cabello. Dejar actuar durante 3-5 minutos y aclarar con abundante agua.<\/p>\n<p>Para un tratamiento intensivo, aplicar la mascarilla en el cabello h\u00famedo, cubrir la cabeza con una toalla caliente y dejar actuar durante 15 minutos. Aclarar con abundante agua.<\/p>\n<p>Evitar el contacto con los ojos. S\u00f3lo para uso externo.<\/p>\n<p>Consejo de \u0391PIVITA<\/p>\n<p>\u2022 Aplicar la mascarilla capilar una o dos veces por semana o seg\u00fan las necesidades espec\u00edficas de tu cabello.<\/p>\n<p>\u2022 Aplicar solo de medios a puntas, evitando la ra\u00edz, y aclarar con abundante agua. Para el cabello corto, aplicar \u00fanicamente en las puntas.<\/p>\n<p>\u2022 Evitar aclarar el cabello con agua muy caliente para que no se irrite el cuero cabelludo.<\/p>\n<p>\u2022 Cepillar el cabello suavemente (preferiblemente con un cepillo con cerdas naturales)<\/p>\n<p>\u2022 Para limitar el da\u00f1o capilar, reducir el uso de instrumentos t\u00e9rmicos de peinado.<\/p>\n<p>Ingredients:<\/p>\n<p>Aqua\/Water\/Eau**, Cetyl Alcohol, Glycerin, Brassicamidopropyl Dimethylamine, Behentrimonium Chloride, Hydrogenated Castor Oil Isostearate, Cetyl Esters, Cetearyl Alcohol, Capryloyl Glycerin\/Sebacic Acid Copolymer, Plukenetia Volubilis Seed Oil, Olea Europaea (Olive) Fruit Oil*, Mel\/Honey\/Miel, Gossypium Herbaceum (Cotton) Flower Extract, Propolis Extract, Rosmarinus Officinalis (Rosemary) Leaf* Extract, Citrus Aurantium Dulcis (Orange) Peel Oil, Citrus Limon (Lemon) Peel Oil, Citrus Paradisi (Grapefruit) Peel Oil*, Aqua\/Water\/Eau, Diheptyl Succinate, Benzyl Alcohol, Aspartic Acid, Panthenol, Hydroxyethylcellulose, Lactic Acid, Tocopheryl Acetate, Sodium Gluconate, Dehydroacetic Acid, Niacinamide, Phytantriol, Alpha-Glucan Oligosaccharide, Aloe Barbadensis Leaf Juice Powder*, Sideritis Syriaca* Extract, Urtica Dioica (Nettle) Leaf* Extract, Biotin, Arginine, Parfum\/Fragrance, Limonene, Linalool, Citronellol, Hexyl Cinnamal.<\/p>\n<\/div>\n<p>Envase:<\/p>\n<div>Sobre: pel\u00edcula multicapa actualmente no reciclable.<\/div>\n<div>Por favor, contacte con su programa de reciclaje local para m\u00e1s informaci\u00f3n.<\/div>\n<div>Embalaje externo: Papel con certificaci\u00f3n FSC, 100% reciclable.<\/div>\n<div>Por favor, rec\u00edclalo.<\/div>\n<\/div>\n<\/div>","protected":false},"excerpt":{"rendered":"<section class=\"ProductActions-Section ProductActions-Section_type_short product-info__description\" aria-label=\"Product short description\">\n<div class=\"ProductActions-ShortDescription\">\n<div>\n<div>\u2022\u00a0 \u00a0 \u00a0 \u00a0Hidrata y nutre<\/div>\n<div>\u2022\u00a0 \u00a0 \u00a0 \u00a0Protege el cabello de los factores externos (contaminaci\u00f3n, herramientas t\u00e9rmicas de peinado)<\/div>\n<div>\u2022\u00a0 \u00a0 \u00a0 \u00a0Deja el cabello suave y brillante<\/div>\n<\/div>\n<\/div>\n<\/section>\n<section class=\"ProductActions-Section ProductActions-Section_type_customizable_options\"><\/section>\n<div class=\"ProductActions-TierPrices\"><\/div>\n<div class=\"product-buttons product-info__buttons\">\n<div class=\"product-buttons__price-wrapper\">\n<div class=\"product-buttons__price-description\">Venta en monodosis de 20ml.<\/div>\n<\/div>\n<\/div>\n<div><\/div>\n<div>Dermatol\u00f3gicamente testado, compatible con homeopat\u00eda.<\/div>","protected":false},"featured_media":5083,"comment_status":"open","ping_status":"closed","template":"","meta":{"_acf_changed":false,"inline_featured_image":false},"product_cat":[106],"product_tag":[832,547,309,1820,2565,195,1086,2555,2566,1898,855,144,145,146,2557,2558,2559,1681,865,2560,315,199,202,2562,758,2563,2564,2567,337,631,869,259,1051],"genre":[],"class_list":{"0":"post-5865","1":"product","2":"type-product","3":"status-publish","4":"has-post-thumbnail","6":"product_cat-belleza","7":"product_tag-acido","8":"product_tag-aloe","9":"product_tag-apivita","10":"product_tag-avena","11":"product_tag-brillante","12":"product_tag-cabello","13":"product_tag-cuidado","14":"product_tag-danado","15":"product_tag-danos","16":"product_tag-dermatologicamente","17":"product_tag-hialuronico","18":"product_tag-hidrata","19":"product_tag-hidratacion","20":"product_tag-hidratante","21":"product_tag-homeopatia","22":"product_tag-indivicual","23":"product_tag-intensa","24":"product_tag-intensivo","25":"product_tag-mantenimiento","26":"product_tag-mascarilla","27":"product_tag-miel","28":"product_tag-naranja","29":"product_tag-pelo","30":"product_tag-profundidad","31":"product_tag-proteinas","32":"product_tag-puntas-abiertas","33":"product_tag-relipidiza","34":"product_tag-repara","35":"product_tag-suave","36":"product_tag-testado","37":"product_tag-tipo","38":"product_tag-todo","39":"product_tag-tomillo","41":"first","42":"instock","43":"taxable","44":"shipping-taxable","45":"purchasable","46":"product-type-simple","47":"add-to-wishlist-after_add_to_cart"},"acf":[],"_links":{"self":[{"href":"https:\/\/compraencieza.es\/en\/wp-json\/wp\/v2\/product\/5865","targetHints":{"allow":["GET"]}}],"collection":[{"href":"https:\/\/compraencieza.es\/en\/wp-json\/wp\/v2\/product"}],"about":[{"href":"https:\/\/compraencieza.es\/en\/wp-json\/wp\/v2\/types\/product"}],"replies":[{"embeddable":true,"href":"https:\/\/compraencieza.es\/en\/wp-json\/wp\/v2\/comments?post=5865"}],"wp:featuredmedia":[{"embeddable":true,"href":"https:\/\/compraencieza.es\/en\/wp-json\/wp\/v2\/media\/5083"}],"wp:attachment":[{"href":"https:\/\/compraencieza.es\/en\/wp-json\/wp\/v2\/media?parent=5865"}],"wp:term":[{"taxonomy":"product_cat","embeddable":true,"href":"https:\/\/compraencieza.es\/en\/wp-json\/wp\/v2\/product_cat?post=5865"},{"taxonomy":"product_tag","embeddable":true,"href":"https:\/\/compraencieza.es\/en\/wp-json\/wp\/v2\/product_tag?post=5865"},{"taxonomy":"product_brand","embeddable":true,"href":"https:\/\/compraencieza.es\/en\/wp-json\/wp\/v2\/genre?post=5865"}],"curies":[{"name":"wp","href":"https:\/\/api.w.org\/{rel}","templated":true}]}}