{"id":5866,"date":"2025-01-09T17:10:27","date_gmt":"2025-01-09T16:10:27","guid":{"rendered":"https:\/\/compraencieza.es\/?post_type=product&#038;p=5866"},"modified":"2025-01-09T17:22:03","modified_gmt":"2025-01-09T16:22:03","slug":"portachupetes-duo-premium-bonhomia-suavinex","status":"publish","type":"product","link":"https:\/\/compraencieza.es\/en\/product\/portachupetes-duo-premium-bonhomia-suavinex\/","title":{"rendered":"Portachupetes Duo &#8211; Premium Bonhom\u00eda &#8211; Suavinex"},"content":{"rendered":"<p>Con dos compartimentos individuales para guardar dos chupetes.<\/p>\n<p>Se puede desmontar y utilizar por separado.<\/p>\n<p>Con asa flexible.<\/p>\n<p>&nbsp;<\/p>\n<p>Consejos:<\/p>\n<p>Labar con agua y jab\u00f3n.<\/p>","protected":false},"excerpt":{"rendered":"<p>&nbsp;<\/p>\n<p>Mant\u00e9n el chupete de tu beb\u00e9 siempre limpio y al alcance con nuestro adorable portachupetes. Este dise\u00f1o presenta simp\u00e1ticos b\u00fahos en\u00a0 blanco, verde y rosa, que no solo son encantadores, sino tambi\u00e9n funcionales. Hecho con materiales de alta calidad, es duradero y f\u00e1cil de limpiar, asegurando que el chupete se conserve higi\u00e9nico y seguro. Ideal para regalar o para el uso diario, este portachupetes combina estilo y practicidad en un solo accesorio.<\/p>","protected":false},"featured_media":5085,"comment_status":"open","ping_status":"closed","template":"","meta":{"_acf_changed":false,"inline_featured_image":false},"product_cat":[49],"product_tag":[2568,159,2569,1771,294,2570,2571,242,2572,580,2573,198,2252,2574,216,1559,2575,2576,2527,187,2577,172,208,2578,2579],"genre":[],"class_list":{"0":"post-5866","1":"product","2":"type-product","3":"status-publish","4":"has-post-thumbnail","6":"product_cat-accesorios","7":"product_tag-asa","8":"product_tag-bebe","9":"product_tag-bhuos","10":"product_tag-blanco","11":"product_tag-bonhomia","12":"product_tag-bonomia","13":"product_tag-buos","14":"product_tag-chupete","15":"product_tag-chupetes","16":"product_tag-diario","17":"product_tag-duo","18":"product_tag-flexible","19":"product_tag-guardar","20":"product_tag-limpio","21":"product_tag-natural","22":"product_tag-nuk","23":"product_tag-porta","24":"product_tag-portachupetes","25":"product_tag-premium","26":"product_tag-regalo","27":"product_tag-reosa","28":"product_tag-suavinex","29":"product_tag-verde","30":"product_tag-vhuos","31":"product_tag-vuos","33":"first","34":"instock","35":"taxable","36":"shipping-taxable","37":"purchasable","38":"product-type-variable","39":"add-to-wishlist-after_add_to_cart"},"acf":[],"_links":{"self":[{"href":"https:\/\/compraencieza.es\/en\/wp-json\/wp\/v2\/product\/5866","targetHints":{"allow":["GET"]}}],"collection":[{"href":"https:\/\/compraencieza.es\/en\/wp-json\/wp\/v2\/product"}],"about":[{"href":"https:\/\/compraencieza.es\/en\/wp-json\/wp\/v2\/types\/product"}],"replies":[{"embeddable":true,"href":"https:\/\/compraencieza.es\/en\/wp-json\/wp\/v2\/comments?post=5866"}],"wp:featuredmedia":[{"embeddable":true,"href":"https:\/\/compraencieza.es\/en\/wp-json\/wp\/v2\/media\/5085"}],"wp:attachment":[{"href":"https:\/\/compraencieza.es\/en\/wp-json\/wp\/v2\/media?parent=5866"}],"wp:term":[{"taxonomy":"product_cat","embeddable":true,"href":"https:\/\/compraencieza.es\/en\/wp-json\/wp\/v2\/product_cat?post=5866"},{"taxonomy":"product_tag","embeddable":true,"href":"https:\/\/compraencieza.es\/en\/wp-json\/wp\/v2\/product_tag?post=5866"},{"taxonomy":"product_brand","embeddable":true,"href":"https:\/\/compraencieza.es\/en\/wp-json\/wp\/v2\/genre?post=5866"}],"curies":[{"name":"wp","href":"https:\/\/api.w.org\/{rel}","templated":true}]}}