{"id":5870,"date":"2025-01-09T17:10:27","date_gmt":"2025-01-09T16:10:27","guid":{"rendered":"https:\/\/compraencieza.es\/?post_type=product&#038;p=5870"},"modified":"2025-01-09T17:22:03","modified_gmt":"2025-01-09T16:22:03","slug":"portachupetes-individual-suavinex","status":"publish","type":"product","link":"https:\/\/compraencieza.es\/en\/product\/portachupetes-individual-suavinex\/","title":{"rendered":"Portachupetes individual &#8211; Suavinex"},"content":{"rendered":"<p>Con Asa flexible<\/p>\n<p>Para todo tipo de chupete.<\/p>\n<p>Consejos de uso:<\/p>\n<p>Labar con agua y jab\u00f3n<\/p>","protected":false},"excerpt":{"rendered":"<p>El portachupetes \u00abA Walk in the Park\u00bb es el accesorio perfecto para mantener el chupete de tu beb\u00e9 limpio y a mano. Con un dise\u00f1o elegante y un mensaje inspirador que dice \u00abA Walk in the Park\u00bb, a\u00f1ade un toque de tranquilidad y estilo a la rutina diaria. Fabricado con materiales resistentes y de f\u00e1cil limpieza, este portachupetes combina funcionalidad y encanto, convirti\u00e9ndolo en un imprescindible para cada paseo.<\/p>","protected":false},"featured_media":5089,"comment_status":"open","ping_status":"closed","template":"","meta":{"_acf_changed":false,"inline_featured_image":false},"product_cat":[49],"product_tag":[823,2568,159,293,1504,2572,580,198,560,2580,2581,2582,2583,1916,1707,521,2574,250,216,1559,2584,1960,2575,2527,186,187,172,2585,2586],"genre":[],"class_list":{"0":"post-5870","1":"product","2":"type-product","3":"status-publish","4":"has-post-thumbnail","6":"product_cat-accesorios","7":"product_tag-a","8":"product_tag-asa","9":"product_tag-bebe","10":"product_tag-bhuo","11":"product_tag-biberon","12":"product_tag-chupetes","13":"product_tag-diario","14":"product_tag-flexible","15":"product_tag-higiene","16":"product_tag-higienico","17":"product_tag-in","18":"product_tag-individual","19":"product_tag-infancia","20":"product_tag-infante","21":"product_tag-limpiar","22":"product_tag-limpieza","23":"product_tag-limpio","24":"product_tag-nacido","25":"product_tag-natural","26":"product_tag-nuk","27":"product_tag-park","28":"product_tag-perfecto","29":"product_tag-porta","30":"product_tag-premium","31":"product_tag-recien","32":"product_tag-regalo","33":"product_tag-suavinex","34":"product_tag-the","35":"product_tag-walk","37":"first","38":"instock","39":"taxable","40":"shipping-taxable","41":"purchasable","42":"product-type-variable","43":"add-to-wishlist-after_add_to_cart"},"acf":[],"_links":{"self":[{"href":"https:\/\/compraencieza.es\/en\/wp-json\/wp\/v2\/product\/5870","targetHints":{"allow":["GET"]}}],"collection":[{"href":"https:\/\/compraencieza.es\/en\/wp-json\/wp\/v2\/product"}],"about":[{"href":"https:\/\/compraencieza.es\/en\/wp-json\/wp\/v2\/types\/product"}],"replies":[{"embeddable":true,"href":"https:\/\/compraencieza.es\/en\/wp-json\/wp\/v2\/comments?post=5870"}],"wp:featuredmedia":[{"embeddable":true,"href":"https:\/\/compraencieza.es\/en\/wp-json\/wp\/v2\/media\/5089"}],"wp:attachment":[{"href":"https:\/\/compraencieza.es\/en\/wp-json\/wp\/v2\/media?parent=5870"}],"wp:term":[{"taxonomy":"product_cat","embeddable":true,"href":"https:\/\/compraencieza.es\/en\/wp-json\/wp\/v2\/product_cat?post=5870"},{"taxonomy":"product_tag","embeddable":true,"href":"https:\/\/compraencieza.es\/en\/wp-json\/wp\/v2\/product_tag?post=5870"},{"taxonomy":"product_brand","embeddable":true,"href":"https:\/\/compraencieza.es\/en\/wp-json\/wp\/v2\/genre?post=5870"}],"curies":[{"name":"wp","href":"https:\/\/api.w.org\/{rel}","templated":true}]}}