{"id":5880,"date":"2025-01-09T17:10:27","date_gmt":"2025-01-09T16:10:27","guid":{"rendered":"https:\/\/compraencieza.es\/?post_type=product&#038;p=5880"},"modified":"2025-01-09T17:22:03","modified_gmt":"2025-01-09T16:22:03","slug":"locion-antipiojos-5-dimeticona-aroma-manzana-100ml-minichampu-lendrera","status":"publish","type":"product","link":"https:\/\/compraencieza.es\/en\/product\/locion-antipiojos-5-dimeticona-aroma-manzana-100ml-minichampu-lendrera\/","title":{"rendered":"Loci\u00f3n Antipiojos 5% Dimeticona aroma Manzana 100ml + Minichamp\u00fa + Lendrera."},"content":{"rendered":"<h2>Descripci\u00f3n<\/h2>\n<p><strong>Dermatologically tested.<\/strong><\/p>\n<p><strong>Suitable for sensitive skin. From 6 months.<\/strong><\/p>\n<p>Instructions for use:<\/p>\n<p>Apply to dry hair, from the roots of the scalp to the tips, with gentle massages. Spread the product so that the hair is completely covered. Leave it to act for 1 minute and start to brush the entire hair from the roots to the tips with the Nosaattack Nit Comb. It is recommended to divide the hair into small sections and comb them carefully to ensure a perfect fit. Insist on behind the ears and the nape of the neck. Leave the product applied for about 15 minutes. Remove the product by washing the hair with Nosaprotect cosmetic shampoo or with your usual shampoo, rinse thoroughly. If live lice are visible after a week, repeat the application.<\/p>","protected":false},"excerpt":{"rendered":"<p>The\u00a0<strong>Anti-Lice Lotion 5% Dimethicone\u00a0<\/strong>Nosaattack without insecticides is formulated with a\u00a0<strong>Exclusive combination of silicones and high-density Dimethicone\u00a0<\/strong>which causes the death of lice and nits.<br \/>\nIn addition, due to its softening and lubricating properties, Nosaattack Dimethicone lotion conditions the hair, making it easier to use the nit comb and effectively remove lice and nits without pulling.<\/p>\n<p>Deja el cabello hidratado, con un irresistible aroma a manzana y no irrita el cuero cabelludo.<\/p>\n<p>The spray applicator allows for greater comfort and precision, making the most of the product. Ideal for long and short hair.<\/p>\n<p>Includes a free nit comb!<\/p>\n<p><strong>Dimethicone:<\/strong>\u00a0It creates a film around the lice and nits that causes them to suffocate and paralyze, leading to their death.<\/p>\n<p>INCLUYE TATOO DE REGALO PARA TU PEQUE<\/p>","protected":false},"featured_media":5102,"comment_status":"open","ping_status":"closed","template":"","meta":{"_acf_changed":false,"inline_featured_image":false},"product_cat":[105],"product_tag":[423,385,132,2610,2376,219,2379,220,1777,222,557,2040,144,2381,1304,2524,2383,2384,1244,227,1072,2611,1506,2612,2613,2614,200,2615,2616,231,2617,2153,232,2618,233,2619,187,2620,405,2621,171,290,337,631,130,208],"genre":[],"class_list":{"0":"post-5880","1":"product","2":"type-product","3":"status-publish","4":"has-post-thumbnail","6":"product_cat-salud","7":"product_tag-423","8":"product_tag-385","9":"product_tag-anti","10":"product_tag-asfixia","11":"product_tag-atack","12":"product_tag-attack","13":"product_tag-cabelludo","14":"product_tag-champu","15":"product_tag-cuero","16":"product_tag-dimeticona","17":"product_tag-elimina","18":"product_tag-ensephar","19":"product_tag-hidrata","20":"product_tag-hidratado","21":"product_tag-irrita","22":"product_tag-lendrera","23":"product_tag-lendres","24":"product_tag-liendres","25":"product_tag-locion","26":"product_tag-manzana","27":"product_tag-masaje","28":"product_tag-mata","29":"product_tag-meses","30":"product_tag-mini","31":"product_tag-muerte","32":"product_tag-no","33":"product_tag-nosa","34":"product_tag-nosatack","35":"product_tag-paraliza","36":"product_tag-pediculosis","37":"product_tag-pelicula","38":"product_tag-pieles","39":"product_tag-pijos","40":"product_tag-piojitos","41":"product_tag-piojos","42":"product_tag-puntas","43":"product_tag-regalo","44":"product_tag-robot","45":"product_tag-seco","46":"product_tag-sensibles","47":"product_tag-silicona","48":"product_tag-spray","49":"product_tag-suave","50":"product_tag-testado","51":"product_tag-valeriana","52":"product_tag-verde","54":"first","55":"instock","56":"taxable","57":"shipping-taxable","58":"purchasable","59":"product-type-simple","60":"add-to-wishlist-after_add_to_cart"},"acf":[],"_links":{"self":[{"href":"https:\/\/compraencieza.es\/en\/wp-json\/wp\/v2\/product\/5880","targetHints":{"allow":["GET"]}}],"collection":[{"href":"https:\/\/compraencieza.es\/en\/wp-json\/wp\/v2\/product"}],"about":[{"href":"https:\/\/compraencieza.es\/en\/wp-json\/wp\/v2\/types\/product"}],"replies":[{"embeddable":true,"href":"https:\/\/compraencieza.es\/en\/wp-json\/wp\/v2\/comments?post=5880"}],"wp:featuredmedia":[{"embeddable":true,"href":"https:\/\/compraencieza.es\/en\/wp-json\/wp\/v2\/media\/5102"}],"wp:attachment":[{"href":"https:\/\/compraencieza.es\/en\/wp-json\/wp\/v2\/media?parent=5880"}],"wp:term":[{"taxonomy":"product_cat","embeddable":true,"href":"https:\/\/compraencieza.es\/en\/wp-json\/wp\/v2\/product_cat?post=5880"},{"taxonomy":"product_tag","embeddable":true,"href":"https:\/\/compraencieza.es\/en\/wp-json\/wp\/v2\/product_tag?post=5880"},{"taxonomy":"product_brand","embeddable":true,"href":"https:\/\/compraencieza.es\/en\/wp-json\/wp\/v2\/genre?post=5880"}],"curies":[{"name":"wp","href":"https:\/\/api.w.org\/{rel}","templated":true}]}}