{"id":5882,"date":"2025-01-09T17:10:28","date_gmt":"2025-01-09T16:10:28","guid":{"rendered":"https:\/\/compraencieza.es\/?post_type=product&#038;p=5882"},"modified":"2025-01-09T17:22:01","modified_gmt":"2025-01-09T16:22:01","slug":"mascarilla-facial-albaricoque-exfoliante-suave-apivita","status":"publish","type":"product","link":"https:\/\/compraencieza.es\/en\/product\/mascarilla-facial-albaricoque-exfoliante-suave-apivita\/","title":{"rendered":"Mascarilla facial Albaricoque exfoliante suave &#8211; Apivita"},"content":{"rendered":"<p>La mascarilla exfoliante con albaricoque, una de las frutas favoritas de la regi\u00f3n del mediterr\u00e1neo, limpia la piel con suavidad sin deshidratarla.<\/p>\n<ul>\n<li>Las semillas de albaricoque finamente molidas exfolian la piel eliminando las c\u00e9lulas muertas.<\/li>\n<li>El aceite de albaricoque, la miel y el pepino unifican la textura de la piel, dej\u00e1ndola suave y rejuvenecida.<\/li>\n<li>El aceite esencial de geranio contribuye a la hidrataci\u00f3n y al rejuvenecimiento de la piel.<\/li>\n<\/ul>\n<p>El agua en esta composici\u00f3n ha sido reemplazada por una infusi\u00f3n de rosa salvaje antioxidante.<\/p>\n<p>Uso:<\/p>\n<p>Aplicar sobre la piel h\u00fameda con movimientos circulares, evitando la zona del contorno de los ojos. A continuaci\u00f3n, aclarar con abundante agua. Recomendada para una exfoliaci\u00f3n suave y m\u00e1s frecuente.<br \/>\nCompleta tu tratamiento con la crema facial APIVITA adecuada para tu piel.<\/p>\n<p>Utilizar una o dos veces a la semana.<br \/>\nSolo para uso externo.<\/p>\n<p>Ingredients:<\/p>\n<table class=\"ingredient_table\">\n<tbody>\n<tr>\n<td><\/td>\n<td>Semillas de albaricoque<\/td>\n<td><\/td>\n<td>Extracto de albaricoque*<\/td>\n<td><\/td>\n<td>Miel de tomillo griego<\/td>\n<td><\/td>\n<td>Pepino<\/td>\n<td><\/td>\n<td>Bisabolol<\/td>\n<td><\/td>\n<td>Pantenol<\/td>\n<td><\/td>\n<td>Aceite esencial de geranio*<\/td>\n<td><\/td>\n<\/tr>\n<\/tbody>\n<\/table>\n<div><\/div>\n<div>Envases:<\/div>\n<div><\/div>\n<div>Sobre: pel\u00edcula multi-capa actualmente no reciclable.<\/div>\n<div><\/div>\n<div>Por favor, contacte con su programa de reciclaje local para m\u00e1s informaci\u00f3n.<\/div>\n<div><\/div>\n<div>Embalaje externo: Papel con certificaci\u00f3n FSC, 100% reciclable.<\/div>\n<div><\/div>\n<div>Por favor, rec\u00edclalo.<\/div>\n<div><\/div>\n<div>Dermatologically tested.<\/div>","protected":false},"excerpt":{"rendered":"<ul>\n<li>Elimina las c\u00e9lulas muertas de la piel<\/li>\n<li>\n<div>\n<p>Unifica la textura de la piel<\/p>\n<\/div>\n<\/li>\n<\/ul>\n<ul>\n<li>\n<div>\n<p>Renueva el aspecto de la piel.<\/p>\n<p><strong>Se vende en 2 monodosis de 8ml cada una<\/strong><\/p>\n<\/div>\n<\/li>\n<\/ul>","protected":false},"featured_media":5135,"comment_status":"open","ping_status":"closed","template":"","meta":{"_acf_changed":false,"inline_featured_image":false},"product_cat":[106],"product_tag":[832,2628,547,309,1820,195,2622,1086,2555,1898,557,2629,2630,2623,2631,855,144,145,146,2557,2558,2632,2559,2625,2560,315,2626,216,202,2562,758,2563,2633,2564,2634,1868,337,205,631,1051],"genre":[],"class_list":{"0":"post-5882","1":"product","2":"type-product","3":"status-publish","4":"has-post-thumbnail","6":"product_cat-belleza","7":"product_tag-acido","8":"product_tag-albaricoque","9":"product_tag-aloe","10":"product_tag-apivita","11":"product_tag-avena","12":"product_tag-cabello","13":"product_tag-celulas","14":"product_tag-cuidado","15":"product_tag-danado","16":"product_tag-dermatologicamente","17":"product_tag-elimina","18":"product_tag-exfolia","19":"product_tag-exfoliacion","20":"product_tag-exfoliante","21":"product_tag-exfoliar","22":"product_tag-hialuronico","23":"product_tag-hidrata","24":"product_tag-hidratacion","25":"product_tag-hidratante","26":"product_tag-homeopatia","27":"product_tag-indivicual","28":"product_tag-instantanea","29":"product_tag-intensa","30":"product_tag-lapivita","31":"product_tag-mascarilla","32":"product_tag-miel","33":"product_tag-muertas","34":"product_tag-natural","35":"product_tag-pelo","36":"product_tag-profundidad","37":"product_tag-proteinas","38":"product_tag-puntas-abiertas","39":"product_tag-reemplaza","40":"product_tag-relipidiza","41":"product_tag-renueva","42":"product_tag-semillas","43":"product_tag-suave","44":"product_tag-suavidad","45":"product_tag-testado","46":"product_tag-tomillo","48":"first","49":"instock","50":"taxable","51":"shipping-taxable","52":"purchasable","53":"product-type-simple","54":"add-to-wishlist-after_add_to_cart"},"acf":[],"_links":{"self":[{"href":"https:\/\/compraencieza.es\/en\/wp-json\/wp\/v2\/product\/5882","targetHints":{"allow":["GET"]}}],"collection":[{"href":"https:\/\/compraencieza.es\/en\/wp-json\/wp\/v2\/product"}],"about":[{"href":"https:\/\/compraencieza.es\/en\/wp-json\/wp\/v2\/types\/product"}],"replies":[{"embeddable":true,"href":"https:\/\/compraencieza.es\/en\/wp-json\/wp\/v2\/comments?post=5882"}],"wp:featuredmedia":[{"embeddable":true,"href":"https:\/\/compraencieza.es\/en\/wp-json\/wp\/v2\/media\/5135"}],"wp:attachment":[{"href":"https:\/\/compraencieza.es\/en\/wp-json\/wp\/v2\/media?parent=5882"}],"wp:term":[{"taxonomy":"product_cat","embeddable":true,"href":"https:\/\/compraencieza.es\/en\/wp-json\/wp\/v2\/product_cat?post=5882"},{"taxonomy":"product_tag","embeddable":true,"href":"https:\/\/compraencieza.es\/en\/wp-json\/wp\/v2\/product_tag?post=5882"},{"taxonomy":"product_brand","embeddable":true,"href":"https:\/\/compraencieza.es\/en\/wp-json\/wp\/v2\/genre?post=5882"}],"curies":[{"name":"wp","href":"https:\/\/api.w.org\/{rel}","templated":true}]}}