{"id":5885,"date":"2025-01-09T17:10:28","date_gmt":"2025-01-09T16:10:28","guid":{"rendered":"https:\/\/compraencieza.es\/?post_type=product&#038;p=5885"},"modified":"2025-01-09T17:22:00","modified_gmt":"2025-01-09T16:22:00","slug":"maca-500-mg","status":"publish","type":"product","link":"https:\/\/compraencieza.es\/en\/product\/maca-500-mg\/","title":{"rendered":"Maca 500 mg"},"content":{"rendered":"<h2>Descripci\u00f3n<\/h2>\n<p><strong>Active nutrients:<\/strong>\u00a0Maca ra\u00edz (<em>Lepidium meyenii<\/em> Walp.).<\/p>\n<table border=\"1\" cellspacing=\"0\">\n<tbody>\n<tr>\n<td><strong>NUTRIENTS<\/strong><\/td>\n<td><strong>AMOUNT<\/strong><\/td>\n<\/tr>\n<tr>\n<td>Maca (<em>Lepidium peruvianum<\/em>)<\/td>\n<td>500 mg<\/td>\n<\/tr>\n<\/tbody>\n<\/table>\n<p><strong>Instructions for Use:<\/strong>\u00a0Como complemento en la dieta tomar tres (3) c\u00e1psulas al d\u00eda, una (1) c\u00e1psula despu\u00e9s de cada comida. En periodos prolongados de tratamiento se recomienda hacer descansos de consumo, para garantizar el efecto deseado.<\/p>\n<p>Caracter\u00edsticas principales de Maca 500 mg c\u00e1psulas:<\/p>\n<p>&nbsp;<\/p>\n<div class=\"et-custom-list etlist-check\">\n<ul>\n<li>Allergen-free product in accordance with Regulation (EU) No. 1169\/2011.<\/li>\n<li>It does not contain gluten or lactose.<\/li>\n<li>No excipients.<\/li>\n<li>Complemento alimenticios a base de planta natural.<\/li>\n<li>Envases para 17 o 20 d\u00edas de uso.<\/li>\n<\/ul>\n<\/div>\n<p>&nbsp;<\/p>\n<p>Warnings: Food supplements should not be used as a substitute for a varied and balanced diet. A healthy lifestyle is recommended. Do not exceed the recommended daily amount. Store in a cool, dry place away from sunlight. Keep out of reach of small children. Consult your doctor if you are pregnant or breastfeeding.<\/p>\n<p>&nbsp;<\/p>","protected":false},"excerpt":{"rendered":"<p>Functions:<\/p>\n<p>1. Aumento de energ\u00eda y resistencia: Muchas personas toman maca para mejorar su energ\u00eda y resistencia f\u00edsica, lo que puede ser \u00fatil para deportistas o aquellos con un estilo de vida activo.<\/p>\n<p>2. Mejora del estado de \u00e1nimo: Se ha sugerido que la maca puede ayudar a reducir la ansiedad y la depresi\u00f3n, contribuyendo a un mejor estado de \u00e1nimo general.<\/p>\n<p>3. Equilibrio hormonal: La maca puede ayudar a regular el equilibrio hormonal, lo que puede ser beneficioso para mujeres durante la menopausia o para aquellos con problemas hormonales.<\/p>\n<p>4. Aumento de la libido: Es conocida por sus propiedades afrodis\u00edacas y se ha utilizado tradicionalmente para mejorar la libido tanto en hombres como en mujeres.<\/p>\n<p>5. Mejora de la fertilidad: Algunos estudios sugieren que la maca puede tener un efecto positivo en la fertilidad, especialmente en hombres, al mejorar la calidad del esperma.<\/p>\n<p>6. Apoyo a la salud \u00f3sea: La maca contiene nutrientes que pueden contribuir a la salud \u00f3sea, lo que es especialmente importante a medida que envejecemos.<\/p>","protected":false},"featured_media":5141,"comment_status":"open","ping_status":"closed","template":"","meta":{"_acf_changed":false,"inline_featured_image":false},"product_cat":[105],"product_tag":[2226,1076,1278,2058,2070,133,956,749,848,2184,730,873,2647,734,1089,2648,2649,2650,2537,828,2651,2652,2653,2654,2469,216,737,2082,1200,2655],"genre":[],"class_list":{"0":"post-5885","1":"product","2":"type-product","3":"status-publish","4":"has-post-thumbnail","6":"product_cat-salud","7":"product_tag-afrodisiaco","8":"product_tag-animico","9":"product_tag-animo","10":"product_tag-ansiedad","11":"product_tag-aumento","12":"product_tag-bio","13":"product_tag-capsula","14":"product_tag-deportista","15":"product_tag-deportistas","16":"product_tag-depresion","17":"product_tag-dis","18":"product_tag-energia","19":"product_tag-equlibrio","20":"product_tag-essential","21":"product_tag-estado","22":"product_tag-fertilidad","23":"product_tag-general","24":"product_tag-hombres","25":"product_tag-hormonal","26":"product_tag-huesos","27":"product_tag-libido","28":"product_tag-maca","29":"product_tag-macarena","30":"product_tag-maka","31":"product_tag-menopausia","32":"product_tag-natural","33":"product_tag-nature","34":"product_tag-osea","35":"product_tag-planta","36":"product_tag-resistencia-fisica","38":"first","39":"instock","40":"taxable","41":"shipping-taxable","42":"purchasable","43":"product-type-variable","44":"add-to-wishlist-after_add_to_cart"},"acf":[],"_links":{"self":[{"href":"https:\/\/compraencieza.es\/en\/wp-json\/wp\/v2\/product\/5885","targetHints":{"allow":["GET"]}}],"collection":[{"href":"https:\/\/compraencieza.es\/en\/wp-json\/wp\/v2\/product"}],"about":[{"href":"https:\/\/compraencieza.es\/en\/wp-json\/wp\/v2\/types\/product"}],"replies":[{"embeddable":true,"href":"https:\/\/compraencieza.es\/en\/wp-json\/wp\/v2\/comments?post=5885"}],"wp:featuredmedia":[{"embeddable":true,"href":"https:\/\/compraencieza.es\/en\/wp-json\/wp\/v2\/media\/5141"}],"wp:attachment":[{"href":"https:\/\/compraencieza.es\/en\/wp-json\/wp\/v2\/media?parent=5885"}],"wp:term":[{"taxonomy":"product_cat","embeddable":true,"href":"https:\/\/compraencieza.es\/en\/wp-json\/wp\/v2\/product_cat?post=5885"},{"taxonomy":"product_tag","embeddable":true,"href":"https:\/\/compraencieza.es\/en\/wp-json\/wp\/v2\/product_tag?post=5885"},{"taxonomy":"product_brand","embeddable":true,"href":"https:\/\/compraencieza.es\/en\/wp-json\/wp\/v2\/genre?post=5885"}],"curies":[{"name":"wp","href":"https:\/\/api.w.org\/{rel}","templated":true}]}}