{"id":5888,"date":"2025-01-09T17:10:28","date_gmt":"2025-01-09T16:10:28","guid":{"rendered":"https:\/\/compraencieza.es\/?post_type=product&#038;p=5888"},"modified":"2025-01-09T17:22:00","modified_gmt":"2025-01-09T16:22:00","slug":"opuntia-150-mg-ext-seco-60-capsulas","status":"publish","type":"product","link":"https:\/\/compraencieza.es\/en\/product\/opuntia-150-mg-ext-seco-60-capsulas\/","title":{"rendered":"Opuntia 150 mg. (ext. seco) 60 c\u00e1psulas"},"content":{"rendered":"<h2>Descripci\u00f3n<\/h2>\n<p><strong>Active nutrients:<\/strong>\u00a0Opuntia extracto seco de hojas (<em>Opuntia ficus-indica<\/em>).<\/p>\n<table border=\"1\" cellspacing=\"0\">\n<tbody>\n<tr>\n<td><strong>NUTRIENTS<\/strong><\/td>\n<td><strong>AMOUNT<\/strong><\/td>\n<\/tr>\n<tr>\n<td>Opuntia 10:1 Extracto seco (<em>Opuntia ficus indica<\/em>)<\/td>\n<td>150 mg<\/td>\n<\/tr>\n<\/tbody>\n<\/table>\n<p><strong>Instructions for Use:<\/strong>\u00a0Como complemento en la dieta tomar dos (2) c\u00e1psulas al d\u00eda. En periodos prolongados de tratamiento se recomienda hacer descansos de consumo, para garantizar el efecto deseado.<\/p>\n<p>Caracter\u00edsticas principales de Opuntia extracto seco 150 mg c\u00e1psulas:<\/p>\n<p>&nbsp;<\/p>\n<div class=\"et-custom-list etlist-check\">\n<ul>\n<li>Allergen-free product in accordance with Regulation (EU) No. 1169\/2011.<\/li>\n<li>No contiene gluten ni lactosa.<\/li>\n<li>Complemento alimenticio a base de planta natural.<\/li>\n<li>Envase para 30 d\u00edas de uso.<\/li>\n<\/ul>\n<\/div>\n<p>&nbsp;<\/p>\n<p>Advertencias:\u00a0Los complementos alimenticios no deben utilizarse como sustitutos de una dieta variada y equilibrada. Se recomienda un\u00a0estilo de vida saludable. No sobrepasar la cantidad diaria recomendada. Conservar en lugar seco, fresco y protegido de la luz\u00a0solar. Mantener fuera del alcance de los ni\u00f1os m\u00e1s peque\u00f1os. Consultar a su m\u00e9dico en caso de embarazo o lactancia. Consultar a su m\u00e9dico en caso de padecer de diabetes.<\/p>\n<p>&nbsp;<\/p>","protected":false},"excerpt":{"rendered":"<p>Funciones<\/p>\n<p>1. Control del az\u00facar en sangre: Se ha estudiado su capacidad para ayudar a regular los niveles de glucosa, lo que puede ser beneficioso para personas con diabetes.<\/p>\n<p>2. Digesti\u00f3n: La Opuntia es rica en fibra, lo que puede favorecer la salud digestiva y ayudar a prevenir el estre\u00f1imiento.<\/p>\n<p>3. Antioxidantes: Contiene compuestos antioxidantes que ayudan a combatir el da\u00f1o celular y pueden contribuir a la salud general.<\/p>\n<p>4. Control del peso: Algunas investigaciones sugieren que puede ayudar a reducir el apetito y, por lo tanto, puede ser \u00fatil en programas de control de peso.<\/p>\n<p>5. Propiedades antiinflamatorias: Puede ayudar a reducir la inflamaci\u00f3n en el cuerpo, lo que es beneficioso para diversas condiciones de salud.<\/p>","protected":false},"featured_media":5144,"comment_status":"open","ping_status":"closed","template":"","meta":{"_acf_changed":false,"inline_featured_image":false},"product_cat":[105],"product_tag":[1011,2656,1599,1313,1339,133,2235,2657,891,540,1319,1367,2275,1341,1342,1320,2172,730,734,2027,1370,1184,180,2658,2649,1349,346,143,684,538,216,737,739,969,740,741,2659,590,700,405,355],"genre":[],"class_list":{"0":"post-5888","1":"product","2":"type-product","3":"status-publish","4":"has-post-thumbnail","6":"product_cat-salud","7":"product_tag-alimenticio","8":"product_tag-antiiflamatorias","9":"product_tag-antioxidante","10":"product_tag-antioxidantes","11":"product_tag-azucar","12":"product_tag-bio","13":"product_tag-cagar","14":"product_tag-celular","15":"product_tag-complemento","16":"product_tag-control","17":"product_tag-cuerpo","18":"product_tag-dalia","19":"product_tag-dano","20":"product_tag-diabetes","21":"product_tag-diabetico","22":"product_tag-digestion","23":"product_tag-digestiva","24":"product_tag-dis","25":"product_tag-essential","26":"product_tag-estrenimiento","27":"product_tag-eterna","28":"product_tag-extracto","29":"product_tag-fibra","30":"product_tag-ficus","31":"product_tag-general","32":"product_tag-glucosa","33":"product_tag-gluten","34":"product_tag-grasa","35":"product_tag-indica","36":"product_tag-lactosa","37":"product_tag-natural","38":"product_tag-nature","39":"product_tag-obire","40":"product_tag-opuntia","41":"product_tag-perder","42":"product_tag-peso","43":"product_tag-quemador","44":"product_tag-salud","45":"product_tag-sangre","46":"product_tag-seco","47":"product_tag-sin","49":"first","50":"instock","51":"taxable","52":"shipping-taxable","53":"purchasable","54":"product-type-simple","55":"add-to-wishlist-after_add_to_cart"},"acf":[],"_links":{"self":[{"href":"https:\/\/compraencieza.es\/en\/wp-json\/wp\/v2\/product\/5888","targetHints":{"allow":["GET"]}}],"collection":[{"href":"https:\/\/compraencieza.es\/en\/wp-json\/wp\/v2\/product"}],"about":[{"href":"https:\/\/compraencieza.es\/en\/wp-json\/wp\/v2\/types\/product"}],"replies":[{"embeddable":true,"href":"https:\/\/compraencieza.es\/en\/wp-json\/wp\/v2\/comments?post=5888"}],"wp:featuredmedia":[{"embeddable":true,"href":"https:\/\/compraencieza.es\/en\/wp-json\/wp\/v2\/media\/5144"}],"wp:attachment":[{"href":"https:\/\/compraencieza.es\/en\/wp-json\/wp\/v2\/media?parent=5888"}],"wp:term":[{"taxonomy":"product_cat","embeddable":true,"href":"https:\/\/compraencieza.es\/en\/wp-json\/wp\/v2\/product_cat?post=5888"},{"taxonomy":"product_tag","embeddable":true,"href":"https:\/\/compraencieza.es\/en\/wp-json\/wp\/v2\/product_tag?post=5888"},{"taxonomy":"product_brand","embeddable":true,"href":"https:\/\/compraencieza.es\/en\/wp-json\/wp\/v2\/genre?post=5888"}],"curies":[{"name":"wp","href":"https:\/\/api.w.org\/{rel}","templated":true}]}}