{"id":5889,"date":"2025-01-09T17:10:28","date_gmt":"2025-01-09T16:10:28","guid":{"rendered":"https:\/\/compraencieza.es\/?post_type=product&#038;p=5889"},"modified":"2025-01-09T17:22:02","modified_gmt":"2025-01-09T16:22:02","slug":"aceite-de-germen-de-trigo-500-mg-60-perlas","status":"publish","type":"product","link":"https:\/\/compraencieza.es\/en\/product\/aceite-de-germen-de-trigo-500-mg-60-perlas\/","title":{"rendered":"Wheat germ oil 500 mg. 60 pearls"},"content":{"rendered":"<h2>Descripci\u00f3n<\/h2>\n<p><strong>Active nutrients:<\/strong> Aceite de Germen de Trigo y Vitamina E (Alfa tocoferol).<\/p>\n<table border=\"1\" cellspacing=\"0\">\n<tbody>\n<tr>\n<td><strong>NUTRIENTS<\/strong><\/td>\n<td><strong>AMOUNT<\/strong><\/td>\n<td><strong>WEALTH<\/strong><\/td>\n<td><strong>CONTRIBUTE<\/strong><\/td>\n<td><strong>*%VRN<\/strong><\/td>\n<\/tr>\n<tr>\n<td>Aceite de germen de trigo<\/td>\n<td>500 mg<\/td>\n<td>\u2013<\/td>\n<td>\u2013<\/td>\n<td>\u2013<\/td>\n<\/tr>\n<tr>\n<td>Vitamina E Natural (D-AlfaTocoferol)<\/td>\n<td>0,84 mg<\/td>\n<td>\u2013<\/td>\n<td>\u2013<\/td>\n<td>7%<\/td>\n<\/tr>\n<\/tbody>\n<\/table>\n<p>*VRN: Valores de Referencia de Nutrientes<\/p>\n<p><strong>Instructions for Use:<\/strong>\u00a0Como complemento en la dieta tomar tres (3) perlas al d\u00eda, en la comida. En periodos prolongados de tratamiento se recomienda hacer descansos de consumo, para garantizar el efecto deseado.<\/p>\n<p>Caracter\u00edsticas principales de Aceite de germen de Trigo 500 mg perlas:<\/p>\n<p>&nbsp;<\/p>\n<div class=\"et-custom-list etlist-check\">\n<ul>\n<li>Contiene GLUTEN.<\/li>\n<li>No contiene lactosa.<\/li>\n<li>Complemento alimenticios a base de aceite natural.<\/li>\n<li>Envase para 20 d\u00edas de uso.<\/li>\n<li>Formato perla, que protege al aceite de la oxidaci\u00f3n.<\/li>\n<\/ul>\n<\/div>\n<p>&nbsp;<\/p>\n<p>Warnings: Food supplements should not be used as a substitute for a varied and balanced diet. A healthy lifestyle is recommended. Do not exceed the recommended daily amount. Store in a cool, dry place away from sunlight. Keep out of reach of small children. Consult your doctor if you are pregnant or breastfeeding.<\/p>","protected":false},"excerpt":{"rendered":"<p>1. Rico en Nutrientes: Es una excelente fuente de vitamina E, que es un antioxidante potente. Esto ayuda a proteger las c\u00e9lulas del da\u00f1o causado por los radicales libres.<\/p>\n<p>2. Salud de la Piel: Gracias a su contenido de vitamina E y \u00e1cidos grasos esenciales, puede contribuir a mantener la piel hidratada y saludable, adem\u00e1s de ayudar en la regeneraci\u00f3n celular.<\/p>\n<p>3. Apoyo al Sistema Inmunol\u00f3gico: Los antioxidantes presentes en el aceite de germen de trigo pueden ayudar a fortalecer el sistema inmunol\u00f3gico.<\/p>\n<p>4. Beneficios Cardiovasculares: Puede ayudar a mejorar la salud del coraz\u00f3n al reducir el colesterol LDL (el \u00abmalo\u00bb) y aumentar el colesterol HDL (el \u00abbueno\u00bb).<\/p>\n<p>5. Energ\u00eda y Vitalidad: Al ser una fuente de nutrientes, puede proporcionar un impulso de energ\u00eda y vitalidad, lo que es ideal para quienes llevan un estilo de vida activo.<\/p>","protected":false},"featured_media":5145,"comment_status":"open","ping_status":"closed","template":"","meta":{"_acf_changed":false,"inline_featured_image":false},"product_cat":[105],"product_tag":[131,2660,1599,1927,2661,2622,958,412,2062,873,734,2662,346,2663,963,2664,1830,874,2100,965,216,737,2665,148,2544,604,352,2666,2667,590,876,207,2668,422,358],"genre":[],"class_list":{"0":"post-5889","1":"product","2":"type-product","3":"status-publish","4":"has-post-thumbnail","6":"product_cat-salud","7":"product_tag-aceite","8":"product_tag-acidos","9":"product_tag-antioxidante","10":"product_tag-cardiovascular","11":"product_tag-cardiovasculares","12":"product_tag-celulas","13":"product_tag-colesterol","14":"product_tag-e","15":"product_tag-embarazo","16":"product_tag-energia","17":"product_tag-essential","18":"product_tag-germen","19":"product_tag-gluten","20":"product_tag-grasos","21":"product_tag-hdl","22":"product_tag-hidtratada","23":"product_tag-inmune","24":"product_tag-inmunologico","25":"product_tag-lactancia","26":"product_tag-ldl","27":"product_tag-natural","28":"product_tag-nature","29":"product_tag-nitrientes","30":"product_tag-oil","31":"product_tag-perlas","32":"product_tag-piel","33":"product_tag-plantas","34":"product_tag-potente","35":"product_tag-regeneracion-celular","36":"product_tag-salud","37":"product_tag-sistema","38":"product_tag-trigo","39":"product_tag-vitalidad","40":"product_tag-vitamina","41":"product_tag-vitaminas","43":"first","44":"instock","45":"taxable","46":"shipping-taxable","47":"purchasable","48":"product-type-simple","49":"add-to-wishlist-after_add_to_cart"},"acf":[],"_links":{"self":[{"href":"https:\/\/compraencieza.es\/en\/wp-json\/wp\/v2\/product\/5889","targetHints":{"allow":["GET"]}}],"collection":[{"href":"https:\/\/compraencieza.es\/en\/wp-json\/wp\/v2\/product"}],"about":[{"href":"https:\/\/compraencieza.es\/en\/wp-json\/wp\/v2\/types\/product"}],"replies":[{"embeddable":true,"href":"https:\/\/compraencieza.es\/en\/wp-json\/wp\/v2\/comments?post=5889"}],"wp:featuredmedia":[{"embeddable":true,"href":"https:\/\/compraencieza.es\/en\/wp-json\/wp\/v2\/media\/5145"}],"wp:attachment":[{"href":"https:\/\/compraencieza.es\/en\/wp-json\/wp\/v2\/media?parent=5889"}],"wp:term":[{"taxonomy":"product_cat","embeddable":true,"href":"https:\/\/compraencieza.es\/en\/wp-json\/wp\/v2\/product_cat?post=5889"},{"taxonomy":"product_tag","embeddable":true,"href":"https:\/\/compraencieza.es\/en\/wp-json\/wp\/v2\/product_tag?post=5889"},{"taxonomy":"product_brand","embeddable":true,"href":"https:\/\/compraencieza.es\/en\/wp-json\/wp\/v2\/genre?post=5889"}],"curies":[{"name":"wp","href":"https:\/\/api.w.org\/{rel}","templated":true}]}}