{"id":5892,"date":"2025-01-09T17:10:28","date_gmt":"2025-01-09T16:10:28","guid":{"rendered":"https:\/\/compraencieza.es\/?post_type=product&#038;p=5892"},"modified":"2025-01-09T17:22:01","modified_gmt":"2025-01-09T16:22:01","slug":"gel-de-bano-con-aceites-esenciales-pure-jasmine-apivita","status":"publish","type":"product","link":"https:\/\/compraencieza.es\/en\/product\/gel-de-bano-con-aceites-esenciales-pure-jasmine-apivita\/","title":{"rendered":"Bath gel with essential oils \u2013 Pure Jasmine \u2013 Apivita"},"content":{"rendered":"<p>Gel de ba\u00f1o hidratante con aceites esenciales, inspirado en los principios de la aromaterapia, ofrece una limpieza suave sin dejar la piel deshidratada, al mismo tiempo que aporta una sensaci\u00f3n de bienestar gracias al singular aroma del jazm\u00edn.<\/p>\n<ul>\n<li>Limpia suavemente y mantiene la hidrataci\u00f3n natural de la piel con agentes de limpieza suaves, extracto de prop\u00f3leo y jab\u00f3n.<\/li>\n<li>Hidrata, protege contras las irritaciones y suaviza gracias al aloe bioactivo, extracto de lavanda org\u00e1nica de APIGEA y pantenol.<\/li>\n<li>Ofrece una sensaci\u00f3n \u00fanica de bienestar gracias a los aceites esenciales org\u00e1nicos de jazm\u00edn, nerol\u00ed y pachul\u00ed.<\/li>\n<li>Aroma \u00fanico con relajantes notas de jazm\u00edn.<\/li>\n<li>El agua ha sido reemplazada por la infusi\u00f3n patentada de la combinaci\u00f3n de tres especies de t\u00e9 de monta\u00f1a Griego procedentes de los cultivos org\u00e1nicos de APIGEA (Sideritis Scardica, Sideritis Perfoliata, Sideritis Raeseri), ofreciendo una acci\u00f3n antioxidante e hidratante.<\/li>\n<\/ul>\n<p>Uso:<\/p>\n<p>Aplicar una peque\u00f1a cantidad sobre la piel h\u00fameda. Aclarar con abundante agua.<br \/>\nEvitar el contacto con los ojos. Solo para uso externo.<\/p>\n<p>Ingredients:<\/p>\n<table class=\"ingredient_table\" border=\"0\">\n<tbody>\n<tr>\n<td>Saponaria<\/td>\n<td><\/td>\n<\/tr>\n<tr>\n<td>Agentes limpiadores suaves<\/td>\n<td><\/td>\n<\/tr>\n<tr>\n<td>Extracto de jazm\u00edn<\/td>\n<td><\/td>\n<\/tr>\n<tr>\n<td>Extracto de prop\u00f3leo<\/td>\n<td><\/td>\n<\/tr>\n<tr>\n<td>Extracto de lavanda*<\/td>\n<td><\/td>\n<\/tr>\n<tr>\n<td>Aloe*<\/td>\n<td><\/td>\n<\/tr>\n<tr>\n<td>Panthenol<\/td>\n<td><\/td>\n<\/tr>\n<tr>\n<td>Arginina<\/td>\n<td><\/td>\n<\/tr>\n<tr>\n<td>Aceite esencial de jazm\u00edn*<\/td>\n<td><\/td>\n<\/tr>\n<tr>\n<td>Aceite esencial de neroli*<\/td>\n<td><\/td>\n<\/tr>\n<tr>\n<td>Aceite esencial de pachuli*<\/td>\n<td><\/td>\n<\/tr>\n<tr>\n<td>Infusi\u00f3n de 3 especies de t\u00e9 de monta\u00f1a griego (Sideritis Scardica,<br \/>\nSideritis Perfoliata, Sideritis Raeseri)<sup>1<\/sup><\/td>\n<\/tr>\n<\/tbody>\n<\/table>\n<p>&nbsp;<\/p>\n<p>Dermatologically tested.<\/p>","protected":false},"excerpt":{"rendered":"<div id=\"ProductGallery-container\" class=\"ProductGallery-container\">\n<div id=\"ProductGallery\" class=\"ProductGallery\">\n<p>\u2022 Limpia suavemente<\/p>\n<p>\u2022 Mantiene la hidrataci\u00f3n natural de la piel<\/p>\n<p>\u2022 Ofrece sensaci\u00f3n de confort<\/p>\n<\/div>\n<\/div>","protected":false},"featured_media":5148,"comment_status":"open","ping_status":"closed","template":"","meta":{"_acf_changed":false,"inline_featured_image":false},"product_cat":[106],"product_tag":[423,1208,1660,1627,1661,365,220,1662,1110,1663,1664,245,224,144,146,1665,943,2686,2687,2688,1244,417,1001,419,1666,603,216,303,543,919,589,604,657,1667,1332,1668,1620,383],"genre":[],"class_list":{"0":"post-5892","1":"product","2":"type-product","3":"status-publish","4":"has-post-thumbnail","6":"product_cat-belleza","7":"product_tag-423","8":"product_tag-adultos","9":"product_tag-atopica","10":"product_tag-ayuda","11":"product_tag-botanics","12":"product_tag-calma","13":"product_tag-champu","14":"product_tag-corporal","15":"product_tag-emoliente","16":"product_tag-escama","17":"product_tag-escamada","18":"product_tag-fisiologico","19":"product_tag-gel","20":"product_tag-hidrata","21":"product_tag-hidratante","22":"product_tag-hipoalergenico","23":"product_tag-jabon","24":"product_tag-jasmin","25":"product_tag-jasmine","26":"product_tag-jazmin","27":"product_tag-locion","28":"product_tag-masvital","29":"product_tag-mejora","30":"product_tag-mussvital","31":"product_tag-mussvitall","32":"product_tag-musvital","33":"product_tag-natural","34":"product_tag-nino","35":"product_tag-ninos","36":"product_tag-ph","37":"product_tag-picor","38":"product_tag-piel","39":"product_tag-previene","40":"product_tag-problema","41":"product_tag-problemas","42":"product_tag-prurito","43":"product_tag-pure","44":"product_tag-seca","46":"first","47":"instock","48":"taxable","49":"shipping-taxable","50":"purchasable","51":"product-type-simple","52":"add-to-wishlist-after_add_to_cart"},"acf":[],"_links":{"self":[{"href":"https:\/\/compraencieza.es\/en\/wp-json\/wp\/v2\/product\/5892","targetHints":{"allow":["GET"]}}],"collection":[{"href":"https:\/\/compraencieza.es\/en\/wp-json\/wp\/v2\/product"}],"about":[{"href":"https:\/\/compraencieza.es\/en\/wp-json\/wp\/v2\/types\/product"}],"replies":[{"embeddable":true,"href":"https:\/\/compraencieza.es\/en\/wp-json\/wp\/v2\/comments?post=5892"}],"wp:featuredmedia":[{"embeddable":true,"href":"https:\/\/compraencieza.es\/en\/wp-json\/wp\/v2\/media\/5148"}],"wp:attachment":[{"href":"https:\/\/compraencieza.es\/en\/wp-json\/wp\/v2\/media?parent=5892"}],"wp:term":[{"taxonomy":"product_cat","embeddable":true,"href":"https:\/\/compraencieza.es\/en\/wp-json\/wp\/v2\/product_cat?post=5892"},{"taxonomy":"product_tag","embeddable":true,"href":"https:\/\/compraencieza.es\/en\/wp-json\/wp\/v2\/product_tag?post=5892"},{"taxonomy":"product_brand","embeddable":true,"href":"https:\/\/compraencieza.es\/en\/wp-json\/wp\/v2\/genre?post=5892"}],"curies":[{"name":"wp","href":"https:\/\/api.w.org\/{rel}","templated":true}]}}