{"id":5893,"date":"2025-01-09T17:10:28","date_gmt":"2025-01-09T16:10:28","guid":{"rendered":"https:\/\/compraencieza.es\/?post_type=product&#038;p=5893"},"modified":"2025-01-09T17:22:02","modified_gmt":"2025-01-09T16:22:02","slug":"propolis-plus-400-mg-90-capsulas-equinacea-tomillo-y-vitamina-c","status":"publish","type":"product","link":"https:\/\/compraencieza.es\/en\/product\/propolis-plus-400-mg-90-capsulas-equinacea-tomillo-y-vitamina-c\/","title":{"rendered":"Pr\u00f3polis PLUS 400 mg. 90 c\u00e1psulas Equin\u00e1cea, Tomillo y Vitamina C"},"content":{"rendered":"<div class=\"product-precontenido\">\n<ul class=\"listado_caracteristicas-producto\">\n<li class=\"caracteristica-producto\">Activa al sistema inmune.<\/li>\n<li class=\"caracteristica-producto\">Ayuda a las defensas.<\/li>\n<\/ul>\n<\/div>\n<div class=\"product-contenido\">\n<h2>Descripci\u00f3n<\/h2>\n<p><strong>Pr\u00f3polis plus 400 mg c\u00e1psulas\u00a0<\/strong>de Obire est\u00e1 formulado con Pr\u00f3polis, Equin\u00e1cea, Tomillo y Vitamina C que tiene propiedades que ayudan a activar el sistema inmune.<\/p>\n<p><strong>Active nutrients:<\/strong>\u00a0Echin\u00e1cea extracto seco de ra\u00edz (<em>Echinacea purpurea<\/em>), Tomillo extracto seco de hierba (<em>Thymus vulgaris<\/em>), Pr\u00f3polis y Vitamina C (\u00e1cido L-asc\u00f3rbico).\u00a0<strong>(Ver ficha t\u00e9cnica)<\/strong><\/p>\n<table border=\"1\" cellspacing=\"0\">\n<tbody>\n<tr>\n<td><strong>NUTRIENTS<\/strong><\/td>\n<td><strong>AMOUNT<\/strong><\/td>\n<td><strong>WEALTH<\/strong><\/td>\n<td><strong>CONTRIBUTE<\/strong><\/td>\n<td><strong>*%VRN<\/strong><\/td>\n<\/tr>\n<tr>\n<td>Pr\u00f3polis<\/td>\n<td>60 mg<\/td>\n<td>10%<\/td>\n<td>6 mg Galangina<\/td>\n<td>\u2013<\/td>\n<\/tr>\n<tr>\n<td>Echinacea Ext. Seco (<em>Echinacea purpurea L<\/em>.)<\/td>\n<td>200 mg<\/td>\n<td>\u2013<\/td>\n<td>\u2013<\/td>\n<td>\u2013<\/td>\n<\/tr>\n<tr>\n<td>Tomillo Ext. Seco (<em>Thymus vulgaris L.<\/em>)<\/td>\n<td>125 mg<\/td>\n<td>\u2013<\/td>\n<td>\u2013<\/td>\n<td>\u2013<\/td>\n<\/tr>\n<tr>\n<td>Vitamina C (\u00c1cido L-asc\u00f3rbico)<\/td>\n<td>15 mg<\/td>\n<td>\u2013<\/td>\n<td>\u2013<\/td>\n<td>18,75%<\/td>\n<\/tr>\n<\/tbody>\n<\/table>\n<p>*VRN: Valores de Referencia de Nutrientes.<\/p>\n<p>VRN: Valores de Referencia de Nutrientes<\/p>\n<p><strong>Instructions for Use:<\/strong>\u00a0Como complemento en la dieta tomar dos (2) c\u00e1psulas al d\u00eda. En periodos prolongados de tratamiento se recomienda hacer descansos de consumo, para garantizar el efecto deseado.<\/p>\n<p>Caracter\u00edsticas principales de Pr\u00f3polis plus 400 mg c\u00e1psulas:<\/p>\n<p>&nbsp;<\/p>\n<div class=\"et-custom-list etlist-check\">\n<ul>\n<li>Puede contener GLUTEN.<\/li>\n<li>No contiene lactosa.<\/li>\n<li>Complemento alimenticio a base de plantas naturales y vitamina C.<\/li>\n<li>Envase para 45 d\u00edas de uso.<\/li>\n<\/ul>\n<\/div>\n<p>&nbsp;<\/p>\n<p>Warnings: Food supplements should not be used as a substitute for a varied and balanced diet. A healthy lifestyle is recommended. Do not exceed the recommended daily amount. Store in a cool, dry place away from sunlight. Keep out of reach of small children. Consult your doctor if you are pregnant or breastfeeding.<\/p>\n<\/div>","protected":false},"excerpt":{"rendered":"<p>Functions:<\/p>\n<p>1. Prop\u00f3leos: Es una sustancia resinosa que las abejas producen y se utiliza por sus propiedades antimicrobianas y antiinflamatorias. Puede ayudar a fortalecer el sistema inmunol\u00f3gico y a combatir infecciones.<\/p>\n<p>2. Equin\u00e1cea: Esta planta es conocida por sus propiedades inmunoestimulantes. Se utiliza com\u00fanmente para prevenir o acortar la duraci\u00f3n de resfriados y otras infecciones respiratorias.<\/p>\n<p>3. Tomillo: Adem\u00e1s de ser una hierba culinaria, el tomillo tiene propiedades antimicrobianas y antioxidantes. Puede ayudar a aliviar problemas respiratorios y a mejorar la salud digestiva.<\/p>\n<p>4. Vitamina E: Es un potente antioxidante que ayuda a proteger las c\u00e9lulas del da\u00f1o causado por los radicales libres. Tambi\u00e9n apoya la salud de la piel y el sistema inmunol\u00f3gico.<\/p>","protected":false},"featured_media":5150,"comment_status":"open","ping_status":"closed","template":"","meta":{"_acf_changed":false,"inline_featured_image":false},"product_cat":[105],"product_tag":[578,2689,133,730,2051,2053,734,997,346,2081,2054,1830,874,538,1813,737,739,2243,316,382,1048,1334,2430,1050,355,876,1051,422,358],"genre":[],"class_list":{"0":"post-5893","1":"product","2":"type-product","3":"status-publish","4":"has-post-thumbnail","6":"product_cat-salud","7":"product_tag-antiinflamatorio","8":"product_tag-barato","9":"product_tag-bio","10":"product_tag-dis","11":"product_tag-echinacea","12":"product_tag-equinacea","13":"product_tag-essential","14":"product_tag-fortalece","15":"product_tag-gluten","16":"product_tag-infeccion","17":"product_tag-infecciones","18":"product_tag-inmune","19":"product_tag-inmunologico","20":"product_tag-lactosa","21":"product_tag-natrual","22":"product_tag-nature","23":"product_tag-obire","24":"product_tag-plus","25":"product_tag-propoleo","26":"product_tag-propolis","27":"product_tag-resfriado","28":"product_tag-respiracion","29":"product_tag-respiratorias","30":"product_tag-respiratorio","31":"product_tag-sin","32":"product_tag-sistema","33":"product_tag-tomillo","34":"product_tag-vitamina","35":"product_tag-vitaminas","37":"first","38":"instock","39":"taxable","40":"shipping-taxable","41":"purchasable","42":"product-type-simple","43":"add-to-wishlist-after_add_to_cart"},"acf":[],"_links":{"self":[{"href":"https:\/\/compraencieza.es\/en\/wp-json\/wp\/v2\/product\/5893","targetHints":{"allow":["GET"]}}],"collection":[{"href":"https:\/\/compraencieza.es\/en\/wp-json\/wp\/v2\/product"}],"about":[{"href":"https:\/\/compraencieza.es\/en\/wp-json\/wp\/v2\/types\/product"}],"replies":[{"embeddable":true,"href":"https:\/\/compraencieza.es\/en\/wp-json\/wp\/v2\/comments?post=5893"}],"wp:featuredmedia":[{"embeddable":true,"href":"https:\/\/compraencieza.es\/en\/wp-json\/wp\/v2\/media\/5150"}],"wp:attachment":[{"href":"https:\/\/compraencieza.es\/en\/wp-json\/wp\/v2\/media?parent=5893"}],"wp:term":[{"taxonomy":"product_cat","embeddable":true,"href":"https:\/\/compraencieza.es\/en\/wp-json\/wp\/v2\/product_cat?post=5893"},{"taxonomy":"product_tag","embeddable":true,"href":"https:\/\/compraencieza.es\/en\/wp-json\/wp\/v2\/product_tag?post=5893"},{"taxonomy":"product_brand","embeddable":true,"href":"https:\/\/compraencieza.es\/en\/wp-json\/wp\/v2\/genre?post=5893"}],"curies":[{"name":"wp","href":"https:\/\/api.w.org\/{rel}","templated":true}]}}