{"id":5895,"date":"2025-01-09T17:10:28","date_gmt":"2025-01-09T16:10:28","guid":{"rendered":"https:\/\/compraencieza.es\/?post_type=product&#038;p=5895"},"modified":"2025-01-09T17:22:01","modified_gmt":"2025-01-09T16:22:01","slug":"potito-nutriben-de-manzana-naranja-platano-y-pera-williams-sin-almidones","status":"publish","type":"product","link":"https:\/\/compraencieza.es\/en\/product\/potito-nutriben-de-manzana-naranja-platano-y-pera-williams-sin-almidones\/","title":{"rendered":"Nutrib\u00e9n Baby Food with Apple, Orange, Banana and Williams Pear Without Starches"},"content":{"rendered":"<p>Ingredients:<\/p>\n<ul>\n<li>Pur\u00e9 de manzana 88%.<\/li>\n<li>Pur\u00e9 de pera 5%.<\/li>\n<li>Pur\u00e9 de pl\u00e1tano 5%.<\/li>\n<li>Zumo concentrado de naranja 2%.<\/li>\n<li>Vitamina C.<\/li>\n<\/ul>\n<h2><b>\u00bfConsideras importante la Seguridad Alimentaria para tu beb\u00e9?<\/b><\/h2>\n<p>Los beb\u00e9s hasta los 3 a\u00f1os son especialmente vulnerables a las bacterias.\u00a0Por eso, cuando el destinatario de la alimentaci\u00f3n es un bebe, la seguridad y calidad de los alimentos es mucho m\u00e1s importante.<\/p>\n<h2><b>\u00bfSabes qu\u00e9 es la normativa\u00a0<\/b><b>Seguridad Alimentaria<\/b><b>?<\/b><\/h2>\n<p>Es una normativa que aplica a la fabricaci\u00f3n de los alimentos infantiles (0-3 a\u00f1os)<\/p>\n<ul>\n<li aria-level=\"1\">Regula la presencia de residuos de\u00a0<b>plaguicidas y pesticidas<\/b>.<\/li>\n<li aria-level=\"1\">Proh\u00edbe el uso de determinados plaguicidas\u00a0<b>muy t\u00f3xicos\u00a0<\/b>para los beb\u00e9s.<\/li>\n<li aria-level=\"1\">Exige el cumplimiento de medidas de higiene, uso de aditivos alimentarios, contaminantes y el uso de materiales que vayan a entrar en contacto con los productos<\/li>\n<li aria-level=\"1\">Define un nivel m\u00ednimo y m\u00e1ximo de todos los compuestos (energ\u00eda, prote\u00ednas, carbohidratos, grasas, minerales, vitaminas y otros ingredientes), adaptados a las necesidades del beb\u00e9.<\/li>\n<\/ul>\n<h2><b>Principales diferencias entre la Seguridad Alimentaria para beb\u00e9s y en alimentaci\u00f3n general:<\/b><\/h2>\n<p>Los alimentos espec\u00edficos para beb\u00e9s cumplen con:<\/p>\n<ul>\n<li aria-level=\"1\">Requisitos mayores de calidad y seguridad.<\/li>\n<li aria-level=\"1\">L\u00edmites m\u00e1s estrictos de metales pesados, micotoxinas, contaminantes qu\u00edmicos, residuos de plaguicidas&#8230;<\/li>\n<li aria-level=\"1\">Sin aditivos colorantes y sin edulcorantes permitidos.<\/li>\n<li aria-level=\"1\">Gran cantidad de nutrientes en peque\u00f1as porciones de comida.<\/li>\n<\/ul>\n<p>Los alimentos generales, no tienen tantas limitaciones, dado que el organismo adulto est\u00e1 m\u00e1s desarrollado y no se ve afectado de la misma manera.\u00a0<b>En Nutrib\u00e9n\u00ae innovamos continuamente para ofrecer a tu beb\u00e9 productos de la m\u00e1xima calidad, superando m\u00e1s de 1.600 controles y m\u00e1xima seguridad desarrollados por un laboratorio farmac\u00e9utico y con la garant\u00eda de Seguridad Alimentaria.<\/b>\u00a0<b>Todos los productos Nutrib\u00e9n<sup>\u00ae<\/sup>\u00a0est\u00e1n elaborados por un laboratorio farmac\u00e9utico.<\/b><\/p>","protected":false},"excerpt":{"rendered":"<h2>Estos son los beneficios del Potito de Manzana, naranja, pl\u00e1tano y pera Williams<\/h2>\n<p>Est\u00e1n elaborados por un laboratorio farmac\u00e9utico que garantiza su calidad y Seguridad Alimentaria. Sus ingredientes Nutrib\u00e9n<sup>\u00ae\u00a0<\/sup>son: la manzana, naranja y pl\u00e1tano tienen propiedades antioxidantes y contribuyen a fortalecer el sistema inmunitario de los m\u00e1s peque\u00f1os. Adem\u00e1s, la pera Williams, por su textura, es suave, dulce y muy jugosa, por lo que es una de las variedades m\u00e1s aceptadas por los beb\u00e9s.<\/p>\n<p>&nbsp;<\/p>\n<ul class=\"wp-block-list\">\n<li>The best flavor, your kids will love it.<\/li>\n<\/ul>\n<ul class=\"wp-block-list\">\n<li>We reduce naturally present sugars.<\/li>\n<\/ul>\n<ul class=\"wp-block-list\">\n<li>Grandes cantidades de nutrientes en peque\u00f1as porciones.<\/li>\n<li><\/li>\n<\/ul>","protected":false},"featured_media":5153,"comment_status":"open","ping_status":"closed","template":"","meta":{"_acf_changed":false,"inline_featured_image":false},"product_cat":[95],"product_tag":[1433,1338,1550,1529,1599,159,1517,839,457,1808,2698,2699,227,199,2700,2701,1536,2034,2593,2702,2703,2704,2705,1539,1540,1620,590,355,337,1553,1541,2706,2707,2708,2709],"genre":[],"class_list":{"0":"post-5895","1":"product","2":"type-product","3":"status-publish","4":"has-post-thumbnail","6":"product_cat-alimentacion","7":"product_tag-1433","8":"product_tag-alimentacion","9":"product_tag-alimento","10":"product_tag-almidones","11":"product_tag-antioxidante","12":"product_tag-bebe","13":"product_tag-bebes","14":"product_tag-c","15":"product_tag-dulce","16":"product_tag-fruta","17":"product_tag-frutas","18":"product_tag-jugosa","19":"product_tag-manzana","20":"product_tag-naranja","21":"product_tag-nubriben","22":"product_tag-nutribem","23":"product_tag-nutriben","24":"product_tag-papilla","25":"product_tag-peque","26":"product_tag-pequeno","27":"product_tag-peques","28":"product_tag-pera","29":"product_tag-platano","30":"product_tag-potito","31":"product_tag-potitos","32":"product_tag-pure","33":"product_tag-salud","34":"product_tag-sin","35":"product_tag-suave","36":"product_tag-tarrito","37":"product_tag-tarritos","38":"product_tag-vitamin","39":"product_tag-wiliams","40":"product_tag-williams","41":"product_tag-zumo","43":"first","44":"instock","45":"taxable","46":"shipping-taxable","47":"purchasable","48":"product-type-simple","49":"add-to-wishlist-after_add_to_cart"},"acf":[],"_links":{"self":[{"href":"https:\/\/compraencieza.es\/en\/wp-json\/wp\/v2\/product\/5895","targetHints":{"allow":["GET"]}}],"collection":[{"href":"https:\/\/compraencieza.es\/en\/wp-json\/wp\/v2\/product"}],"about":[{"href":"https:\/\/compraencieza.es\/en\/wp-json\/wp\/v2\/types\/product"}],"replies":[{"embeddable":true,"href":"https:\/\/compraencieza.es\/en\/wp-json\/wp\/v2\/comments?post=5895"}],"wp:featuredmedia":[{"embeddable":true,"href":"https:\/\/compraencieza.es\/en\/wp-json\/wp\/v2\/media\/5153"}],"wp:attachment":[{"href":"https:\/\/compraencieza.es\/en\/wp-json\/wp\/v2\/media?parent=5895"}],"wp:term":[{"taxonomy":"product_cat","embeddable":true,"href":"https:\/\/compraencieza.es\/en\/wp-json\/wp\/v2\/product_cat?post=5895"},{"taxonomy":"product_tag","embeddable":true,"href":"https:\/\/compraencieza.es\/en\/wp-json\/wp\/v2\/product_tag?post=5895"},{"taxonomy":"product_brand","embeddable":true,"href":"https:\/\/compraencieza.es\/en\/wp-json\/wp\/v2\/genre?post=5895"}],"curies":[{"name":"wp","href":"https:\/\/api.w.org\/{rel}","templated":true}]}}