{"id":5896,"date":"2025-01-09T17:10:33","date_gmt":"2025-01-09T16:10:33","guid":{"rendered":"https:\/\/compraencieza.es\/?post_type=product&#038;p=5896"},"modified":"2025-01-09T17:21:59","modified_gmt":"2025-01-09T16:21:59","slug":"dig-max-400-mg-50-capsulas-con-complejo-de-lactobacilos-100-000-000-cel-vivas-g","status":"publish","type":"product","link":"https:\/\/compraencieza.es\/en\/product\/dig-max-400-mg-50-capsulas-con-complejo-de-lactobacilos-100-000-000-cel-vivas-g\/","title":{"rendered":"Dig-max\u00ae 400 mg. 50 c\u00e1psulas con complejo de lactobacilos. 100.000.000 cel vivas\/g"},"content":{"rendered":"<div class=\"product-precontenido\">\n<p>Probi\u00f3ticos.<\/p>\n<\/div>\n<div class=\"product-contenido\">\n<h2>Descripci\u00f3n<\/h2>\n<p><strong>Active nutrients:<\/strong>\u00a0Complejo de lactobacilos (<em>Lactobacillus acidophilus, Streptococcus thermophilus y Lactobacillus bulgaricus<\/em>).<\/p>\n<table border=\"1\" cellspacing=\"0\">\n<tbody>\n<tr>\n<td><strong>NUTRIENTS<\/strong><\/td>\n<td><strong>AMOUNT<\/strong><\/td>\n<td><strong>CONTRIBUTE<\/strong><\/td>\n<\/tr>\n<tr>\n<td>Complejo de Lactobacilos (<em>Lactobacillus acidophilus<\/em>)<\/td>\n<td>400 mg<\/td>\n<td>100.000.000 C\u00e9lulas vivas\/g<\/td>\n<\/tr>\n<\/tbody>\n<\/table>\n<p><strong>Instructions for Use:<\/strong>\u00a0Como complemento en la dieta tomar tres (3) c\u00e1psulas al d\u00eda, una (1) c\u00e1psula despu\u00e9s de cada comida. En periodos prolongados de tratamiento se recomienda hacer descansos de consumo, para garantizar el efecto deseado.<\/p>\n<p>Caracter\u00edsticas principales de DIG-MAX\u00ae 400 mg c\u00e1psulas:<\/p>\n<p>&nbsp;<\/p>\n<div class=\"et-custom-list etlist-check\">\n<ul>\n<li>Allergen-free product in accordance with Regulation (EU) No. 1169\/2011.<\/li>\n<li>It does not contain gluten or lactose.<\/li>\n<li>Riqueza en Lactobacillus Acidophillus: Garantizado 100.000.000 cel vivas\/g.<\/li>\n<li>Complemento alimenticio a base de probi\u00f3ticos.<\/li>\n<li>Envase para 17 d\u00edas de uso.<\/li>\n<\/ul>\n<\/div>\n<p>&nbsp;<\/p>\n<p>Warnings: Food supplements should not be used as a substitute for a varied and balanced diet. A healthy lifestyle is recommended. Do not exceed the recommended daily amount. Store in a cool, dry place away from sunlight. Keep out of reach of small children. Consult your doctor if you are pregnant or breastfeeding.<\/p>\n<\/div>","protected":false},"excerpt":{"rendered":"<p>Functions:<\/p>\n<p>1. Mejora de la circulaci\u00f3n: Puede ayudar a optimizar el flujo sangu\u00edneo.<br \/>\n2. Apoyo a la funci\u00f3n card\u00edaca: Contribuye a mantener un coraz\u00f3n saludable.<br \/>\n3. Antioxidantes: Puede contener ingredientes que ayudan a combatir el estr\u00e9s oxidativo en el cuerpo.<\/p>\n<p>4. Funci\u00f3n probi\u00f3tica: Los probi\u00f3ticos son microorganismos beneficiosos que pueden ayudar a mantener un equilibrio saludable en la flora intestinal. Suelen contribuir a mejorar la digesti\u00f3n, fortalecer el sistema inmunol\u00f3gico y pueden incluso ayudar a reducir algunos problemas gastrointestinales, como la diarrea o el s\u00edndrome del intestino irritable. Adem\u00e1s, algunos estudios sugieren que pueden tener efectos positivos en la salud mental y el bienestar general.<\/p>","protected":false},"featured_media":5154,"comment_status":"open","ping_status":"closed","template":"","meta":{"_acf_changed":false,"inline_featured_image":false},"product_cat":[105],"product_tag":[2710,2711,1313,2712,2713,2714,934,2183,960,2237,2715,2716,1320,267,346,1830,1603,2100,2717,2718,2719,538,2720,2288,602,216,737,352,2721,2722,700,355,876,2723,2724,2725,2726],"genre":[],"class_list":{"0":"post-5896","1":"product","2":"type-product","3":"status-publish","4":"has-post-thumbnail","6":"product_cat-salud","7":"product_tag-acidophilus","8":"product_tag-acifofilus","9":"product_tag-antioxidantes","10":"product_tag-biota","11":"product_tag-bulgaricus","12":"product_tag-cellulas","13":"product_tag-circulacion","14":"product_tag-colon","15":"product_tag-corazon","16":"product_tag-diarrea","17":"product_tag-dig","18":"product_tag-dig-max","19":"product_tag-digestion","20":"product_tag-flujo","21":"product_tag-gluten","22":"product_tag-inmune","23":"product_tag-irritable","24":"product_tag-lactancia","25":"product_tag-lactobacillus","26":"product_tag-lactobacilos","27":"product_tag-lactobacilus","28":"product_tag-lactosa","29":"product_tag-max","30":"product_tag-micro","31":"product_tag-microbiota","32":"product_tag-natural","33":"product_tag-nature","34":"product_tag-plantas","35":"product_tag-probiotico","36":"product_tag-probioticos","37":"product_tag-sangre","38":"product_tag-sin","39":"product_tag-sistema","40":"product_tag-snaguineo","41":"product_tag-streptococcus","42":"product_tag-thermophilus","43":"product_tag-vivas","45":"first","46":"instock","47":"taxable","48":"shipping-taxable","49":"purchasable","50":"product-type-simple","51":"add-to-wishlist-after_add_to_cart"},"acf":[],"_links":{"self":[{"href":"https:\/\/compraencieza.es\/en\/wp-json\/wp\/v2\/product\/5896","targetHints":{"allow":["GET"]}}],"collection":[{"href":"https:\/\/compraencieza.es\/en\/wp-json\/wp\/v2\/product"}],"about":[{"href":"https:\/\/compraencieza.es\/en\/wp-json\/wp\/v2\/types\/product"}],"replies":[{"embeddable":true,"href":"https:\/\/compraencieza.es\/en\/wp-json\/wp\/v2\/comments?post=5896"}],"wp:featuredmedia":[{"embeddable":true,"href":"https:\/\/compraencieza.es\/en\/wp-json\/wp\/v2\/media\/5154"}],"wp:attachment":[{"href":"https:\/\/compraencieza.es\/en\/wp-json\/wp\/v2\/media?parent=5896"}],"wp:term":[{"taxonomy":"product_cat","embeddable":true,"href":"https:\/\/compraencieza.es\/en\/wp-json\/wp\/v2\/product_cat?post=5896"},{"taxonomy":"product_tag","embeddable":true,"href":"https:\/\/compraencieza.es\/en\/wp-json\/wp\/v2\/product_tag?post=5896"},{"taxonomy":"product_brand","embeddable":true,"href":"https:\/\/compraencieza.es\/en\/wp-json\/wp\/v2\/genre?post=5896"}],"curies":[{"name":"wp","href":"https:\/\/api.w.org\/{rel}","templated":true}]}}