{"id":5898,"date":"2025-01-09T17:10:33","date_gmt":"2025-01-09T16:10:33","guid":{"rendered":"https:\/\/compraencieza.es\/?post_type=product&#038;p=5898"},"modified":"2025-01-09T17:21:59","modified_gmt":"2025-01-09T16:21:59","slug":"mascarilla-facial-detox-calabaza-apivita","status":"publish","type":"product","link":"https:\/\/compraencieza.es\/en\/product\/mascarilla-facial-detox-calabaza-apivita\/","title":{"rendered":"Mascarilla facial detox Calabaza &#8211; Apivita"},"content":{"rendered":"<p>Beneficios:<\/p>\n<p>La mascarilla facial detox con calabaza, hortaliza de la dieta Mediterr\u00e1nea conocida por sus propiedades antioxidantes y purificantes, ideal para una detoxificaci\u00f3n de la piel.<\/p>\n<ul>\n<li>Las enzimas de calabaza exfolian con suavidad eliminando la suciedad y las c\u00e9lulas muertas. Proporciona una piel radiante con una textura m\u00e1s uniforme.<\/li>\n<li>La arcilla blanca absorbe el exceso de sebo y reduce la apariencia de los poros.<\/li>\n<li>El aceite de semillas de calabaza, la manteca de karit\u00e9, la miel de tomillo griego y el \u00e1cido hialur\u00f3nico mantienen la piel hidratada.<\/li>\n<li>Los aceites esenciales de lim\u00f3n y jengibre revitalizan y rejuvenecen la piel.<\/li>\n<\/ul>\n<p>El agua en esta composici\u00f3n ha sido reemplazada por una infusi\u00f3n de rosa salvaje antioxidante.<\/p>\n<p>Uso:<\/p>\n<p>Aplicar una capa generosa sobre la piel limpia evitando la zona del contorno de los ojos. Dejar actuar durante 10 minutos y, a continuaci\u00f3n, retirar el exceso de mascarilla con un algod\u00f3n humedecido y aclarar con abundante agua.<br \/>\nUtilizar una o dos veces a la semana.<br \/>\nSolo para uso externo.<\/p>\n<p><strong>\u00a1NUESTRO CONSEJO!<\/strong><br \/>\nMientras esperas que la mascarilla act\u00fae:<\/p>\n<ul>\n<li>Disfruta de un batido nutritivo<\/li>\n<li>Agrega 5 gotas de tu aceite esencial favorito en un recipiente con agua caliente, para una sensaci\u00f3n de calma y relajaci\u00f3n.<\/li>\n<li>\u00a1Si\u00e9ntate y rel\u00e1jate!<\/li>\n<\/ul>\n<p>Completa tu tratamiento con la crema facial APIVITA adecuada para tu piel.<\/p>\n<p>Ingredients:<\/p>\n<div>EXPRESS BEAUTY mascarilla facial detox con calabaza. F\u00f3rmula enriquecida con un 95% de ingredientes de origen natural.<\/div>\n<div><\/div>\n<div>CON<\/div>\n<div>Enzimas de calabaza<\/div>\n<div>Arcilla blanca<\/div>\n<div>Aceite de calabaza*<\/div>\n<div>Manteca de karit\u00e9*<\/div>\n<div>Miel de tomillo griego<\/div>\n<div>\u00c1cido hialur\u00f3nico<\/div>\n<div>Pantenol<\/div>\n<div>Aceite esencial de lim\u00f3n*<\/div>\n<div>Aceite esencial de jengibre<\/div>\n<div><\/div>\n<div>Dermatologically tested.<\/div>","protected":false},"excerpt":{"rendered":"<ul>\n<li>Exfolia suavemente<\/li>\n<li>Elimina las impurezas del medio ambiente<\/li>\n<li>Proporcionan una piel fresca y luminosa.<\/li>\n<\/ul>\n<p><strong>Se vende en 2 monodosis de 8ml cada una<\/strong><\/p>","protected":false},"featured_media":5157,"comment_status":"open","ping_status":"closed","template":"","meta":{"_acf_changed":false,"inline_featured_image":false},"product_cat":[106],"product_tag":[832,547,309,1820,195,2730,1086,2555,1898,2598,557,2629,345,855,144,145,146,2557,2731,2558,2559,2599,2560,315,216,202,604,2562,758,2563,2564,337,2732,631,1051],"genre":[],"class_list":{"0":"post-5898","1":"product","2":"type-product","3":"status-publish","4":"has-post-thumbnail","6":"product_cat-belleza","7":"product_tag-acido","8":"product_tag-aloe","9":"product_tag-apivita","10":"product_tag-avena","11":"product_tag-cabello","12":"product_tag-calabaza","13":"product_tag-cuidado","14":"product_tag-danado","15":"product_tag-dermatologicamente","16":"product_tag-detox","17":"product_tag-elimina","18":"product_tag-exfolia","19":"product_tag-fresca","20":"product_tag-hialuronico","21":"product_tag-hidrata","22":"product_tag-hidratacion","23":"product_tag-hidratante","24":"product_tag-homeopatia","25":"product_tag-impurezas","26":"product_tag-indivicual","27":"product_tag-intensa","28":"product_tag-luminosa","29":"product_tag-mascarilla","30":"product_tag-miel","31":"product_tag-natural","32":"product_tag-pelo","33":"product_tag-piel","34":"product_tag-profundidad","35":"product_tag-proteinas","36":"product_tag-puntas-abiertas","37":"product_tag-relipidiza","38":"product_tag-suave","39":"product_tag-suavemente","40":"product_tag-testado","41":"product_tag-tomillo","43":"first","44":"instock","45":"taxable","46":"shipping-taxable","47":"purchasable","48":"product-type-simple","49":"add-to-wishlist-after_add_to_cart"},"acf":[],"_links":{"self":[{"href":"https:\/\/compraencieza.es\/en\/wp-json\/wp\/v2\/product\/5898","targetHints":{"allow":["GET"]}}],"collection":[{"href":"https:\/\/compraencieza.es\/en\/wp-json\/wp\/v2\/product"}],"about":[{"href":"https:\/\/compraencieza.es\/en\/wp-json\/wp\/v2\/types\/product"}],"replies":[{"embeddable":true,"href":"https:\/\/compraencieza.es\/en\/wp-json\/wp\/v2\/comments?post=5898"}],"wp:featuredmedia":[{"embeddable":true,"href":"https:\/\/compraencieza.es\/en\/wp-json\/wp\/v2\/media\/5157"}],"wp:attachment":[{"href":"https:\/\/compraencieza.es\/en\/wp-json\/wp\/v2\/media?parent=5898"}],"wp:term":[{"taxonomy":"product_cat","embeddable":true,"href":"https:\/\/compraencieza.es\/en\/wp-json\/wp\/v2\/product_cat?post=5898"},{"taxonomy":"product_tag","embeddable":true,"href":"https:\/\/compraencieza.es\/en\/wp-json\/wp\/v2\/product_tag?post=5898"},{"taxonomy":"product_brand","embeddable":true,"href":"https:\/\/compraencieza.es\/en\/wp-json\/wp\/v2\/genre?post=5898"}],"curies":[{"name":"wp","href":"https:\/\/api.w.org\/{rel}","templated":true}]}}