{"id":5899,"date":"2025-01-09T17:10:33","date_gmt":"2025-01-09T16:10:33","guid":{"rendered":"https:\/\/compraencieza.es\/?post_type=product&#038;p=5899"},"modified":"2025-01-09T17:22:00","modified_gmt":"2025-01-09T16:22:00","slug":"mascarilla-facial-limpieza-suave-arcilla-rosa-apivita","status":"publish","type":"product","link":"https:\/\/compraencieza.es\/en\/product\/mascarilla-facial-limpieza-suave-arcilla-rosa-apivita\/","title":{"rendered":"Mascarilla facial limpieza suave Arcilla rosa &#8211; Apivita"},"content":{"rendered":"<p>La mascarilla facial con arcilla rosa, la arcilla m\u00e1s suave rica en oligoelementos, respeta y limpia incluso las pieles m\u00e1s sensibles.<\/p>\n<ul>\n<li>Limpian y reducen la apariencia del tama\u00f1o de los poros con la acci\u00f3n de la arcilla rosa y la saponaria.<\/li>\n<li>Mantiene la hidrataci\u00f3n natural de la piel ofreciendo una sensaci\u00f3n de frescura y suavidad gracias al extracto de rosa, la camomila, la miel de tomillo griego, la cal\u00e9ndula.<\/li>\n<li>Hidrata y revitaliza la piel con el aceite esencial de rosa.<\/li>\n<\/ul>\n<p>El agua en esta composici\u00f3n ha sido reemplazada por una infusi\u00f3n de rosa salvaje antioxidante.<\/p>\n<p>Aplicar una capa generosa sobre la piel limpia evitando la zona del contorno de los ojos. Dejar actuar durante 10 minutos y, a continuaci\u00f3n, retirar el exceso de mascarilla con un algod\u00f3n humedecido y aclarar con abundante agua.<br \/>\nUtilizar una o dos veces a la semana.<br \/>\nSolo para uso externo.<\/p>\n<p><strong>\u00a1NUESTRO CONSEJO!<\/strong><\/p>\n<p>Mientras esperas que la mascarilla act\u00fae:<\/p>\n<ul>\n<li>Disfruta de un batido nutritivo<\/li>\n<li>Agrega 5 gotas de tu aceite esencial favorito en un recipiente con agua caliente, para una sensaci\u00f3n de calma y relajaci\u00f3n.<\/li>\n<li>\u00a1Si\u00e9ntate y rel\u00e1jate!<\/li>\n<\/ul>\n<p>Completa tu tratamiento con la crema facial APIVITA adecuada para tu piel.<\/p>\n<div><\/div>\n<div>CON<\/div>\n<div>Arcilla rosa<\/div>\n<div>Saponaria<\/div>\n<div>Cal\u00e9ndula*<\/div>\n<div>Camomila*<\/div>\n<div>Prote\u00ednas de trigo<\/div>\n<div>Miel de tomillo griego<\/div>\n<div>Aloe*<\/div>\n<div>Zumo de rosa<\/div>\n<div>Pantenol<\/div>\n<div>Aceite esencial de rosa*<\/div>","protected":false},"excerpt":{"rendered":"<ul>\n<li>Elimina las impurezas<\/li>\n<li>\n<div>\n<p>Limpia y reduce la apariencia del tama\u00f1o de los poros<\/p>\n<\/div>\n<\/li>\n<\/ul>\n<ul>\n<li>Suaviza e ilumina la piel<\/li>\n<\/ul>\n<p><strong>Se vende en 2 monodosis de 8ml cada una<\/strong><\/p>","protected":false},"featured_media":5159,"comment_status":"open","ping_status":"closed","template":"","meta":{"_acf_changed":false,"inline_featured_image":false},"product_cat":[106],"product_tag":[832,547,1748,309,2727,1820,195,2728,1086,2555,1898,557,855,144,145,146,2557,2733,2731,2558,2559,520,2560,315,216,202,604,399,2600,2562,758,2563,150,2564,204,338,631,1051],"genre":[],"class_list":{"0":"post-5899","1":"product","2":"type-product","3":"status-publish","4":"has-post-thumbnail","6":"product_cat-belleza","7":"product_tag-acido","8":"product_tag-aloe","9":"product_tag-apariencia","10":"product_tag-apivita","11":"product_tag-arcilla","12":"product_tag-avena","13":"product_tag-cabello","14":"product_tag-clay","15":"product_tag-cuidado","16":"product_tag-danado","17":"product_tag-dermatologicamente","18":"product_tag-elimina","19":"product_tag-hialuronico","20":"product_tag-hidrata","21":"product_tag-hidratacion","22":"product_tag-hidratante","23":"product_tag-homeopatia","24":"product_tag-ilumina","25":"product_tag-impurezas","26":"product_tag-indivicual","27":"product_tag-intensa","28":"product_tag-limpia","29":"product_tag-mascarilla","30":"product_tag-miel","31":"product_tag-natural","32":"product_tag-pelo","33":"product_tag-piel","34":"product_tag-pink","35":"product_tag-poros","36":"product_tag-profundidad","37":"product_tag-proteinas","38":"product_tag-puntas-abiertas","39":"product_tag-reduce","40":"product_tag-relipidiza","41":"product_tag-rosa","42":"product_tag-suaviza","43":"product_tag-testado","44":"product_tag-tomillo","46":"first","47":"instock","48":"taxable","49":"shipping-taxable","50":"purchasable","51":"product-type-simple","52":"add-to-wishlist-after_add_to_cart"},"acf":[],"_links":{"self":[{"href":"https:\/\/compraencieza.es\/en\/wp-json\/wp\/v2\/product\/5899","targetHints":{"allow":["GET"]}}],"collection":[{"href":"https:\/\/compraencieza.es\/en\/wp-json\/wp\/v2\/product"}],"about":[{"href":"https:\/\/compraencieza.es\/en\/wp-json\/wp\/v2\/types\/product"}],"replies":[{"embeddable":true,"href":"https:\/\/compraencieza.es\/en\/wp-json\/wp\/v2\/comments?post=5899"}],"wp:featuredmedia":[{"embeddable":true,"href":"https:\/\/compraencieza.es\/en\/wp-json\/wp\/v2\/media\/5159"}],"wp:attachment":[{"href":"https:\/\/compraencieza.es\/en\/wp-json\/wp\/v2\/media?parent=5899"}],"wp:term":[{"taxonomy":"product_cat","embeddable":true,"href":"https:\/\/compraencieza.es\/en\/wp-json\/wp\/v2\/product_cat?post=5899"},{"taxonomy":"product_tag","embeddable":true,"href":"https:\/\/compraencieza.es\/en\/wp-json\/wp\/v2\/product_tag?post=5899"},{"taxonomy":"product_brand","embeddable":true,"href":"https:\/\/compraencieza.es\/en\/wp-json\/wp\/v2\/genre?post=5899"}],"curies":[{"name":"wp","href":"https:\/\/api.w.org\/{rel}","templated":true}]}}