{"id":5900,"date":"2025-01-09T17:10:34","date_gmt":"2025-01-09T16:10:34","guid":{"rendered":"https:\/\/compraencieza.es\/?post_type=product&#038;p=5900"},"modified":"2025-01-09T17:21:58","modified_gmt":"2025-01-09T16:21:58","slug":"colageno-hidrolizado-10-gr-30-sticks","status":"publish","type":"product","link":"https:\/\/compraencieza.es\/en\/product\/colageno-hidrolizado-10-gr-30-sticks\/","title":{"rendered":"Col\u00e1geno hidrolizado 10 gr. 30 Sticks"},"content":{"rendered":"<div class=\"product-precontenido\">\n<ul class=\"listado_caracteristicas-producto\">\n<li class=\"caracteristica-producto\">Contiene 10 gramos de col\u00e1geno.<\/li>\n<li class=\"caracteristica-producto\">La vitamina C contribuye a la formaci\u00f3n normal de col\u00e1geno para el funcionamiento normal de los cart\u00edlagos.<\/li>\n<\/ul>\n<\/div>\n<div class=\"product-contenido\">\n<h2>Descripci\u00f3n<\/h2>\n<p><strong>Active nutrients:<\/strong>\u00a0Col\u00e1geno Hidrolizado, \u00d3xido de Magnesio, C\u00farcuma extracto seco de rizoma (Curcuma longa), Vitamina C (\u00c1cido L-\u00c1sc\u00f3rbico), Vitamina E acetato (Alfa-tocoferol), \u00c1cido hialur\u00f3nico, Citrato de Zinc, Vitamina B-3 (Nicotinamida), Gluconato de Cobre, Vitamina B-2 (Riboflavina), Vitamina B-6 (Piridoxina), Vitamina B-1 (Tiamina), Pimienta negra extracto seco de fruto (Piper nigrum), Vitamina B-9 (\u00c1cido F\u00f3lico) y Vitamina B-12 (Cobalamina).<\/p>\n<table border=\"1\" cellspacing=\"0\">\n<tbody>\n<tr>\n<td><strong>NUTRIENTS<\/strong><\/td>\n<td><strong>AMOUNT<\/strong><\/td>\n<td><strong>WEALTH<\/strong><\/td>\n<td><strong>CONTRIBUTE<\/strong><\/td>\n<td><strong>% VRN<\/strong><\/td>\n<\/tr>\n<tr>\n<td>Col\u00e1geno Hidrolizado<\/td>\n<td>10.000 mg<\/td>\n<td>\u2013<\/td>\n<td>\u2013<\/td>\n<td>\u2013<\/td>\n<\/tr>\n<tr>\n<td>\u00d3xido de Magnesio<\/td>\n<td>312,5 mg<\/td>\n<td>60%<\/td>\n<td>187,5 mg Magnesio<\/td>\n<td>50%<\/td>\n<\/tr>\n<tr>\n<td>C\u00farucuma 50:1 Extracto seco (<em>Curcuma longa<\/em>)<\/td>\n<td>100 mg<\/td>\n<td>95%<\/td>\n<td>95 mg Curcumina<\/td>\n<td>\u2013<\/td>\n<\/tr>\n<tr>\n<td>Vitmaina C (\u00c1cido L-Asc\u00f3rbico)<\/td>\n<td>80 mg<\/td>\n<td>\u2013<\/td>\n<td>\u2013<\/td>\n<td>100%<\/td>\n<\/tr>\n<tr>\n<td>Vitamina E Acetato 50 % Acetato<\/td>\n<td>24 mg<\/td>\n<td>50%<\/td>\n<td>12 mg Vitamina E<\/td>\n<td>100%<\/td>\n<\/tr>\n<tr>\n<td>\u00c1cido Hialur\u00f3nico<\/td>\n<td>20 mg<\/td>\n<td>\u2013<\/td>\n<td>\u00a0\u2013<\/td>\n<td>\u2013<\/td>\n<\/tr>\n<tr>\n<td>Zinc Citrato<\/td>\n<td>16,668 mg<\/td>\n<td>30%<\/td>\n<td>16 mg Zinc<\/td>\n<td>50%<\/td>\n<\/tr>\n<tr>\n<td>Vitamina B-3 (Nicotinamida)<\/td>\n<td>16 mg<\/td>\n<td>\u2013<\/td>\n<td>\u00a0\u2013<\/td>\n<td>100%<\/td>\n<\/tr>\n<tr>\n<td>Gluconato de Cobre<\/td>\n<td>3,5715 mg<\/td>\n<td>14%<\/td>\n<td>0,5 mg Cobre<\/td>\n<td>50%<\/td>\n<\/tr>\n<tr>\n<td>Vitamina B-2 (Riboflavina)<\/td>\n<td>1,4 mg<\/td>\n<td>\u2013<\/td>\n<td>\u2013<\/td>\n<td>100%<\/td>\n<\/tr>\n<tr>\n<td>Vitamina B-6 (Piridoxina)<\/td>\n<td>1,4 mg<\/td>\n<td>\u2013<\/td>\n<td>\u2013<\/td>\n<td>100%<\/td>\n<\/tr>\n<tr>\n<td>Vitamina B-1 (Tiamina)<\/td>\n<td>1,1 mg<\/td>\n<td>\u2013<\/td>\n<td>\u2013<\/td>\n<td>100%<\/td>\n<\/tr>\n<tr>\n<td>Pimienta negra 35:1 Extracto seco (<em>Piper nigrum L.<\/em>)<\/td>\n<td>1 mg<\/td>\n<td>95%<\/td>\n<td>0,95 mg Piperina<\/td>\n<td>\u2013<\/td>\n<\/tr>\n<tr>\n<td>\u00c1cido F\u00f2lico<\/td>\n<td>200 \u00b5g<\/td>\n<td>\u2013<\/td>\n<td>\u2013<\/td>\n<td>100%<\/td>\n<\/tr>\n<tr>\n<td>Vitamina B-12 (Cianocobalamina)<\/td>\n<td>2,5 \u00b5g<\/td>\n<td>\u2013<\/td>\n<td>\u2013<\/td>\n<td>100%<\/td>\n<\/tr>\n<\/tbody>\n<\/table>\n<p>*VRN: Valores de Referencia de Nutrientes<\/p>\n<p><strong>Instructions for Use:<\/strong>\u00a0Como complemento en la dieta tomar un sobre (stick) de 11,13 g al d\u00eda, diluido en un vaso de agua de 250 ml. En periodos prolongados de tratamiento se recomienda hacer descansos de consumo, para garantizar el efecto deseado.<\/p>\n<p>Caracter\u00edsticas principales de Col\u00e1geno hidrolizado 10 g en Sticks:<\/p>\n<p>&nbsp;<\/p>\n<div class=\"et-custom-list etlist-check\">\n<ul>\n<li>Allergen-free product in accordance with Regulation (EU) No. 1169\/2011.<\/li>\n<li>No contiene Gluten, ni lactosa.<\/li>\n<li>Extracto seco valorados en principio actico.<\/li>\n<li>Complemento alimenticios a base de col\u00e1geno, extractos de plantas, \u00e1cido hialur\u00f3nico, vitaminas y minerales.<\/li>\n<li>Envase para 30 d\u00edas de uso.<\/li>\n<li>Sabor naranja<\/li>\n<\/ul>\n<\/div>\n<p>&nbsp;<\/p>\n<p>Advertencias:\u00a0Los complementos alimenticios no deben utilizarse como sustitutos de una dieta variada y equilibrada. Se recomienda un\u00a0estilo de vida saludable. No sobrepasar la cantidad diaria recomendada. Conservar en lugar seco, fresco y protegido de la luz\u00a0solar. Mantener fuera del alcance de los ni\u00f1os m\u00e1s peque\u00f1os. Consultar a su m\u00e9dico en caso de embarazo o lactancia. En caso de alteraciones en la funci\u00f3n hep\u00e1tica, biliar o de c\u00e1lculos biliares, se desaconseja el uso del producto. Si est\u00e1 tomando medicamentos, consulte a su m\u00e9dico.<\/p>\n<\/div>","protected":false},"excerpt":{"rendered":"<p>Functions:<\/p>\n<p>1.\u00a0<b>Salud de la piel<\/b>: El col\u00e1geno es un componente esencial de la piel. Su consumo puede ayudar a mejorar la elasticidad, hidrataci\u00f3n y apariencia general de la piel, reduciendo la aparici\u00f3n de arrugas y signos de envejecimiento.<\/p>\n<p>2.\u00a0<b>Fortalecimiento de articulaciones<\/b>: El col\u00e1geno es un componente clave del cart\u00edlago. Su ingesta puede contribuir a la salud de las articulaciones, ayudando a reducir el dolor y la inflamaci\u00f3n, especialmente en personas con condiciones como la artritis.<\/p>\n<p>3.\u00a0<b>Mejora de la salud del cabello y las u\u00f1as<\/b>: El col\u00e1geno puede fortalecer el cabello y las u\u00f1as, promoviendo un crecimiento m\u00e1s saludable y reduciendo la fragilidad.<\/p>\n<p>4.\u00a0<b>Soporte para los m\u00fasculos<\/b>: Al ser una prote\u00edna, el col\u00e1geno puede ayudar en la recuperaci\u00f3n muscular y en el mantenimiento de la masa muscular, especialmente en personas activas o que realizan ejercicio regularmente.<\/p>\n<p>5.\u00a0<b>Salud intestinal<\/b>: Algunos estudios sugieren que el col\u00e1geno puede ayudar a mantener la salud de la mucosa intestinal, lo que puede ser beneficioso para la digesti\u00f3n y la salud gastrointestinal en general.<\/p>\n<p>6.\u00a0<b>Hidrataci\u00f3n<\/b>: El col\u00e1geno puede ayudar a mejorar la hidrataci\u00f3n de la piel y otros tejidos, lo que es esencial para mantener una buena salud general.<\/p>","protected":false},"featured_media":5161,"comment_status":"open","ping_status":"closed","template":"","meta":{"_acf_changed":false,"inline_featured_image":false},"product_cat":[105],"product_tag":[2734,837,2735,1317,195,2370,842,2736,711,712,2737,734,2738,2739,2740,145,2741,856,1122,912,913,2372,2742,1026,1129,755,216,737,739,604,757,2459,590,926,190],"genre":[],"class_list":{"0":"post-5900","1":"product","2":"type-product","3":"status-publish","4":"has-post-thumbnail","6":"product_cat-salud","7":"product_tag-arrugas","8":"product_tag-articulaciones","9":"product_tag-artritis","10":"product_tag-beneficioso","11":"product_tag-cabello","12":"product_tag-cartilago","13":"product_tag-colageno","14":"product_tag-conforflex","15":"product_tag-confort","16":"product_tag-dolor","17":"product_tag-elastidicad","18":"product_tag-essential","19":"product_tag-flex","20":"product_tag-fragilidad","21":"product_tag-gastrointestial","22":"product_tag-hidratacion","23":"product_tag-hidratacion-envejecimiento","24":"product_tag-hidrolizado","25":"product_tag-inflamacion","26":"product_tag-intestinal","27":"product_tag-intestino","28":"product_tag-marino","29":"product_tag-masa","30":"product_tag-mucosa","31":"product_tag-muscular","32":"product_tag-musculos","33":"product_tag-natural","34":"product_tag-nature","35":"product_tag-obire","36":"product_tag-piel","37":"product_tag-proteina","38":"product_tag-recuperacion","39":"product_tag-salud","40":"product_tag-tracto","41":"product_tag-unas","43":"first","44":"onbackorder","45":"taxable","46":"shipping-taxable","47":"purchasable","48":"product-type-simple","49":"add-to-wishlist-after_add_to_cart"},"acf":[],"_links":{"self":[{"href":"https:\/\/compraencieza.es\/en\/wp-json\/wp\/v2\/product\/5900","targetHints":{"allow":["GET"]}}],"collection":[{"href":"https:\/\/compraencieza.es\/en\/wp-json\/wp\/v2\/product"}],"about":[{"href":"https:\/\/compraencieza.es\/en\/wp-json\/wp\/v2\/types\/product"}],"replies":[{"embeddable":true,"href":"https:\/\/compraencieza.es\/en\/wp-json\/wp\/v2\/comments?post=5900"}],"wp:featuredmedia":[{"embeddable":true,"href":"https:\/\/compraencieza.es\/en\/wp-json\/wp\/v2\/media\/5161"}],"wp:attachment":[{"href":"https:\/\/compraencieza.es\/en\/wp-json\/wp\/v2\/media?parent=5900"}],"wp:term":[{"taxonomy":"product_cat","embeddable":true,"href":"https:\/\/compraencieza.es\/en\/wp-json\/wp\/v2\/product_cat?post=5900"},{"taxonomy":"product_tag","embeddable":true,"href":"https:\/\/compraencieza.es\/en\/wp-json\/wp\/v2\/product_tag?post=5900"},{"taxonomy":"product_brand","embeddable":true,"href":"https:\/\/compraencieza.es\/en\/wp-json\/wp\/v2\/genre?post=5900"}],"curies":[{"name":"wp","href":"https:\/\/api.w.org\/{rel}","templated":true}]}}