{"id":5906,"date":"2025-01-09T17:10:34","date_gmt":"2025-01-09T16:10:34","guid":{"rendered":"https:\/\/compraencieza.es\/?post_type=product&#038;p=5906"},"modified":"2025-01-09T17:21:57","modified_gmt":"2025-01-09T16:21:57","slug":"propolis-800-mg-60-comprimidos","status":"publish","type":"product","link":"https:\/\/compraencieza.es\/en\/product\/propolis-800-mg-60-comprimidos\/","title":{"rendered":"Pr\u00f3polis 800 mg. 60 comprimidos"},"content":{"rendered":"<div class=\"product-precontenido\">\n<ul class=\"listado_caracteristicas-producto\">\n<li class=\"caracteristica-producto\">Activa al sistema inmune.<\/li>\n<li class=\"caracteristica-producto\">Ayuda a las defensas.<\/li>\n<\/ul>\n<\/div>\n<div class=\"product-contenido\">\n<h2>Descripci\u00f3n<\/h2>\n<p><strong>Pr\u00f3polis 800 mg comprimidos\u00a0<\/strong>de Nature Essential est\u00e1 formulada con Pr\u00f3polis, Equin\u00e1cea, Fructooligosac\u00e1ridos y Vitamina C que tienen propiedades que ayudan a activar el sistema inmune.<\/p>\n<p><strong>Active nutrients:<\/strong> Fructooligosac\u00e1ridos, Equin\u00e1cea extracto seco de ra\u00edz, Pr\u00f3polis extracto seco y Vitamina C (\u00c1cido asc\u00f3rbico).<\/p>\n<table border=\"1\" cellspacing=\"0\">\n<tbody>\n<tr>\n<td><strong>NUTRIENTS<\/strong><\/td>\n<td><strong>AMOUNT<\/strong><\/td>\n<td><strong>WEALTH<\/strong><\/td>\n<td><strong>CONTRIBUTE<\/strong><\/td>\n<td><strong>*%VRN<\/strong><\/td>\n<\/tr>\n<tr>\n<td>Fructo-Oligosac\u00e1ridos (FOS)<\/td>\n<td>203 mg<\/td>\n<td>\u2013<\/td>\n<td>\u2013<\/td>\n<td>\u2013<\/td>\n<\/tr>\n<tr>\n<td>Echinacea 4:1 Extracto seco (Echinacea purpurea L.)<\/td>\n<td>50 mg<\/td>\n<td>4%<\/td>\n<td>2 mg\u00a0 Ac\u00eddo Clorog\u00e9nico<\/td>\n<td>\u2013<\/td>\n<\/tr>\n<tr>\n<td>Pr\u00f3polis 4:1 Extracto seco<\/td>\n<td>25 mg<\/td>\n<td>10%<\/td>\n<td>2,5 mg Galangina<\/td>\n<td>\u2013<\/td>\n<\/tr>\n<tr>\n<td>Vitamina C (\u00c1cido L-asc\u00f3rbico)<\/td>\n<td>25 mg<\/td>\n<td>\u2013<\/td>\n<td>\u2013<\/td>\n<td>31,25%<\/td>\n<\/tr>\n<\/tbody>\n<\/table>\n<p>*VRN: Valores de Referencia de Nutrientes<\/p>\n<p><strong>Instructions for Use:<\/strong>\u00a0Como complemento en la dieta tomar un (1) comprimido al d\u00eda. En periodos prolongados de tratamiento se recomienda hacer descansos de consumo, para garantizar el efecto deseado.<\/p>\n<p>Caracter\u00edsticas principales de Pr\u00f3polis 800 mg comprimidos:<\/p>\n<p>&nbsp;<\/p>\n<div class=\"et-custom-list etlist-check\">\n<ul>\n<li>Allergen-free product in accordance with Regulation (EU) No. 1169\/2011.<\/li>\n<li>It does not contain gluten or lactose.<\/li>\n<li>Contiene edulcorantes.<\/li>\n<li>Comprimido masticable.<\/li>\n<li>Complemento alimenticio a base de plantas naturales, fibra y vitamina C.<\/li>\n<li>Envase para 60 d\u00edas de uso.<\/li>\n<\/ul>\n<\/div>\n<p>&nbsp;<\/p>\n<p>Advertencias:\u00a0Los complementos alimenticios no deben utilizarse como sustitutos de una dieta variada y equilibrada. Se recomienda un\u00a0estilo de vida saludable. No sobrepasar la cantidad diaria recomendada. Conservar en lugar seco, fresco y protegido de la luz\u00a0solar. Mantener fuera del alcance de los ni\u00f1os m\u00e1s peque\u00f1os. Consultar a su m\u00e9dico en caso de embarazo o lactancia. Un consumo excesivo puede causar malestar intestinal. Evitar el consumo junto con medicamentos y otros complementos a base de fibra.<\/p>\n<\/div>","protected":false},"excerpt":{"rendered":"<p>Functions:<\/p>\n<p>1.\u00a0<b>Propiedades antimicrobianas<\/b>: La prop\u00f3leos es conocida por su capacidad para combatir bacterias, virus y hongos, lo que puede ayudar a fortalecer el sistema inmunol\u00f3gico.<\/p>\n<p>2.\u00a0<b>Antiinflamatoria<\/b>: Puede ayudar a reducir la inflamaci\u00f3n en el cuerpo, lo que es beneficioso para diversas condiciones de salud.<\/p>\n<p>3.\u00a0<b>Antioxidante<\/b>: La prop\u00f3leos contiene compuestos que act\u00faan como antioxidantes, ayudando a proteger las c\u00e9lulas del da\u00f1o causado por los radicales libres.<\/p>\n<p>4.\u00a0<b>Apoyo al sistema inmunol\u00f3gico<\/b>: Su uso regular puede contribuir a mejorar la respuesta inmune del organismo, ayudando a prevenir enfermedades.<\/p>\n<p>5.\u00a0<b>Cicatrizaci\u00f3n de heridas<\/b>: Se ha utilizado tradicionalmente para ayudar en la cicatrizaci\u00f3n de heridas y quemaduras, gracias a sus propiedades regenerativas.<\/p>\n<p>6.\u00a0<b>Alivio de problemas respiratorios<\/b>: Puede ser \u00fatil en el tratamiento de afecciones respiratorias, como resfriados y alergias, al ayudar a calmar la inflamaci\u00f3n en las v\u00edas respiratorias.<\/p>","protected":false},"featured_media":5167,"comment_status":"open","ping_status":"closed","template":"","meta":{"_acf_changed":false,"inline_featured_image":false},"product_cat":[105],"product_tag":[832,1169,2420,132,2060,1599,2775,133,989,839,136,2180,2181,2776,730,2051,414,734,1184,2777,2778,2779,2780,346,1691,584,1122,585,1830,2781,2782,914,538,1193,2362,216,737,739,2783,2784,1330,352,2785,1332,382,2786,2787,2788,2789,1048,2790,1335,590,405,355,876,2057,1690,422],"genre":[],"class_list":{"0":"post-5906","1":"product","2":"type-product","3":"status-publish","4":"has-post-thumbnail","6":"product_cat-salud","7":"product_tag-acido","8":"product_tag-alergenos","9":"product_tag-alergias","10":"product_tag-anti","11":"product_tag-antiiflamatorio","12":"product_tag-antioxidante","13":"product_tag-ascorbico","14":"product_tag-bio","15":"product_tag-biodis","16":"product_tag-c","17":"product_tag-cicatrices","18":"product_tag-cicatriz","19":"product_tag-cicatrizacion","20":"product_tag-clorogenico","21":"product_tag-dis","22":"product_tag-echinacea","23":"product_tag-esencial","24":"product_tag-essential","25":"product_tag-extracto","26":"product_tag-fos","27":"product_tag-fructo","28":"product_tag-fructooligosacaridos","29":"product_tag-galangina","30":"product_tag-gluten","31":"product_tag-heridas","32":"product_tag-hongos","33":"product_tag-inflamacion","34":"product_tag-inflamatorio","35":"product_tag-inmune","36":"product_tag-inmunidad","37":"product_tag-invierno","38":"product_tag-l","39":"product_tag-lactosa","40":"product_tag-libre","41":"product_tag-microbios","42":"product_tag-natural","43":"product_tag-nature","44":"product_tag-obire","45":"product_tag-oligosacarido","46":"product_tag-oligosacaridos","47":"product_tag-oxidante","48":"product_tag-plantas","49":"product_tag-popolis","50":"product_tag-problemas","51":"product_tag-propolis","52":"product_tag-prupurea","53":"product_tag-quemaduras","54":"product_tag-regenerativas","55":"product_tag-regenerativo","56":"product_tag-resfriado","57":"product_tag-respiatorias","58":"product_tag-respiratorios","59":"product_tag-salud","60":"product_tag-seco","61":"product_tag-sin","62":"product_tag-sistema","63":"product_tag-vias","64":"product_tag-virus","65":"product_tag-vitamina","67":"first","68":"instock","69":"taxable","70":"shipping-taxable","71":"purchasable","72":"product-type-simple","73":"add-to-wishlist-after_add_to_cart"},"acf":[],"_links":{"self":[{"href":"https:\/\/compraencieza.es\/en\/wp-json\/wp\/v2\/product\/5906","targetHints":{"allow":["GET"]}}],"collection":[{"href":"https:\/\/compraencieza.es\/en\/wp-json\/wp\/v2\/product"}],"about":[{"href":"https:\/\/compraencieza.es\/en\/wp-json\/wp\/v2\/types\/product"}],"replies":[{"embeddable":true,"href":"https:\/\/compraencieza.es\/en\/wp-json\/wp\/v2\/comments?post=5906"}],"wp:featuredmedia":[{"embeddable":true,"href":"https:\/\/compraencieza.es\/en\/wp-json\/wp\/v2\/media\/5167"}],"wp:attachment":[{"href":"https:\/\/compraencieza.es\/en\/wp-json\/wp\/v2\/media?parent=5906"}],"wp:term":[{"taxonomy":"product_cat","embeddable":true,"href":"https:\/\/compraencieza.es\/en\/wp-json\/wp\/v2\/product_cat?post=5906"},{"taxonomy":"product_tag","embeddable":true,"href":"https:\/\/compraencieza.es\/en\/wp-json\/wp\/v2\/product_tag?post=5906"},{"taxonomy":"product_brand","embeddable":true,"href":"https:\/\/compraencieza.es\/en\/wp-json\/wp\/v2\/genre?post=5906"}],"curies":[{"name":"wp","href":"https:\/\/api.w.org\/{rel}","templated":true}]}}