{"id":5908,"date":"2025-01-09T17:10:34","date_gmt":"2025-01-09T16:10:34","guid":{"rendered":"https:\/\/compraencieza.es\/?post_type=product&#038;p=5908"},"modified":"2025-01-09T17:21:57","modified_gmt":"2025-01-09T16:21:57","slug":"reishi-shitake-maitake-300-mg-90-capsulas","status":"publish","type":"product","link":"https:\/\/compraencieza.es\/en\/product\/reishi-shitake-maitake-300-mg-90-capsulas\/","title":{"rendered":"Reishi + shitake + maitake 300 mg. 90 c\u00e1psulas"},"content":{"rendered":"<h2>Descripci\u00f3n<\/h2>\n<p><strong>Active nutrients:<\/strong>\u00a0Reishi polvo (fruto) (<em>Ganoderma lucidum<\/em>), Shitake polvo (fruto) (<em>Lentinula edodes<\/em>) y Maitake polvo (fruto) (<em>Grifola frondosa<\/em>).<\/p>\n<p>&nbsp;<\/p>\n<table border=\"1\" cellspacing=\"0\">\n<tbody>\n<tr>\n<td><strong>NUTRIENTS<\/strong><\/td>\n<td><strong>AMOUNT<\/strong><\/td>\n<\/tr>\n<tr>\n<td>Reishi (<em>Ganoderma lucidum<\/em>)<\/td>\n<td>100 mg<\/td>\n<\/tr>\n<tr>\n<td>Shitake (<em>Lentinus edodes<\/em>)<\/td>\n<td>100 mg<\/td>\n<\/tr>\n<tr>\n<td>Maitake (<em>Griffolia frondosa<\/em>)<\/td>\n<td>100 mg<\/td>\n<\/tr>\n<\/tbody>\n<\/table>\n<p><strong>Instructions for Use:<\/strong>\u00a0Como complemento en la dieta tomar tres (3) c\u00e1psulas al d\u00eda. En periodos prolongados de tratamiento se recomienda hacer descansos de consumo, para garantizar el efecto deseado.<\/p>\n<p>Caracter\u00edsticas principales de Reishi + Shitake + Maitake 300 mg c\u00e1psulas:<\/p>\n<p>&nbsp;<\/p>\n<div class=\"et-custom-list etlist-check\">\n<ul>\n<li>Allergen-free product in accordance with Regulation (EU) No. 1169\/2011.<\/li>\n<li>It does not contain gluten or lactose.<\/li>\n<li>Complemento alimenticio a base de hongos.<\/li>\n<li>Envase para 30 d\u00edas de uso.<\/li>\n<\/ul>\n<\/div>\n<p>&nbsp;<\/p>\n<p>Warnings: Food supplements should not be used as a substitute for a varied and balanced diet. A healthy lifestyle is recommended. Do not exceed the recommended daily amount. Store in a cool, dry place away from sunlight. Keep out of reach of small children. Consult your doctor if you are pregnant or breastfeeding.<\/p>","protected":false},"excerpt":{"rendered":"<p>Functions:<\/p>\n<p>1.\u00a0<b>Fortalecimiento del sistema inmunol\u00f3gico<\/b>: Estos hongos son conocidos por sus propiedades inmunomoduladoras, lo que significa que pueden ayudar a regular y fortalecer el sistema inmunol\u00f3gico, haci\u00e9ndolo m\u00e1s eficiente en la lucha contra infecciones.<\/p>\n<p>2.\u00a0<b>Antioxidantes<\/b>: Tanto el reishi como los otros dos hongos son ricos en antioxidantes, que ayudan a combatir el da\u00f1o causado por los radicales libres en el cuerpo, contribuyendo a la salud celular y a la prevenci\u00f3n de enfermedades cr\u00f3nicas.<\/p>\n<p>3.\u00a0<b>Anti-inflammatory properties<\/b>: Estos hongos pueden ayudar a reducir la inflamaci\u00f3n en el cuerpo, lo que es beneficioso para condiciones como la artritis y otras enfermedades inflamatorias.<\/p>\n<p>4.\u00a0<b>Apoyo a la salud cardiovascular<\/b>: Se ha demostrado que los hongos como el shiitake y el maitake pueden ayudar a reducir el colesterol y mejorar la salud del coraz\u00f3n.<\/p>\n<p>5.\u00a0<b>Mejora de la salud digestiva<\/b>: Algunos de estos hongos contienen fibra y compuestos que pueden favorecer la salud intestinal y mejorar la digesti\u00f3n.<\/p>\n<p>6.\u00a0<b>Efectos adaptog\u00e9nicos<\/b>: El reishi, en particular, es conocido como un adapt\u00f3geno, lo que significa que puede ayudar al cuerpo a adaptarse al estr\u00e9s y promover un estado de equilibrio.<\/p>","protected":false},"featured_media":5169,"comment_status":"open","ping_status":"closed","template":"","meta":{"_acf_changed":false,"inline_featured_image":false},"product_cat":[105],"product_tag":[2793,2794,1169,1313,2735,2795,1927,2657,958,960,2275,1320,2172,2052,903,1090,2601,180,997,2796,346,584,1122,1325,585,1830,874,912,913,538,1193,2672,2797,2798,1001,2675,2645,2131,2132,2799,590,2800,2801,2802,355,2803,2804],"genre":[],"class_list":{"0":"post-5908","1":"product","2":"type-product","3":"status-publish","4":"has-post-thumbnail","6":"product_cat-salud","7":"product_tag-adaptogenicos","8":"product_tag-adaptogenos","9":"product_tag-alergenos","10":"product_tag-antioxidantes","11":"product_tag-artritis","12":"product_tag-ayudar","13":"product_tag-cardiovascular","14":"product_tag-celular","15":"product_tag-colesterol","16":"product_tag-corazon","17":"product_tag-dano","18":"product_tag-digestion","19":"product_tag-digestiva","20":"product_tag-enfermedades","21":"product_tag-equilibrio","22":"product_tag-estres","23":"product_tag-favorece","24":"product_tag-fibra","25":"product_tag-fortalece","26":"product_tag-fortalecimiento","27":"product_tag-gluten","28":"product_tag-hongos","29":"product_tag-inflamacion","30":"product_tag-inflamatorias","31":"product_tag-inflamatorio","32":"product_tag-inmune","33":"product_tag-inmunologico","34":"product_tag-intestinal","35":"product_tag-intestino","36":"product_tag-lactosa","37":"product_tag-libre","38":"product_tag-libres","39":"product_tag-maitake","40":"product_tag-maitaque","41":"product_tag-mejora","42":"product_tag-radicales","43":"product_tag-regular","44":"product_tag-reishi","45":"product_tag-reisi","46":"product_tag-ronicas","47":"product_tag-salud","48":"product_tag-shiitake","49":"product_tag-shitake","50":"product_tag-shitaque","51":"product_tag-sin","52":"product_tag-sitake","53":"product_tag-sitaque","55":"first","56":"outofstock","57":"taxable","58":"shipping-taxable","59":"purchasable","60":"product-type-simple","61":"add-to-wishlist-after_add_to_cart"},"acf":[],"_links":{"self":[{"href":"https:\/\/compraencieza.es\/en\/wp-json\/wp\/v2\/product\/5908","targetHints":{"allow":["GET"]}}],"collection":[{"href":"https:\/\/compraencieza.es\/en\/wp-json\/wp\/v2\/product"}],"about":[{"href":"https:\/\/compraencieza.es\/en\/wp-json\/wp\/v2\/types\/product"}],"replies":[{"embeddable":true,"href":"https:\/\/compraencieza.es\/en\/wp-json\/wp\/v2\/comments?post=5908"}],"wp:featuredmedia":[{"embeddable":true,"href":"https:\/\/compraencieza.es\/en\/wp-json\/wp\/v2\/media\/5169"}],"wp:attachment":[{"href":"https:\/\/compraencieza.es\/en\/wp-json\/wp\/v2\/media?parent=5908"}],"wp:term":[{"taxonomy":"product_cat","embeddable":true,"href":"https:\/\/compraencieza.es\/en\/wp-json\/wp\/v2\/product_cat?post=5908"},{"taxonomy":"product_tag","embeddable":true,"href":"https:\/\/compraencieza.es\/en\/wp-json\/wp\/v2\/product_tag?post=5908"},{"taxonomy":"product_brand","embeddable":true,"href":"https:\/\/compraencieza.es\/en\/wp-json\/wp\/v2\/genre?post=5908"}],"curies":[{"name":"wp","href":"https:\/\/api.w.org\/{rel}","templated":true}]}}