{"id":5909,"date":"2025-01-09T17:10:34","date_gmt":"2025-01-09T16:10:34","guid":{"rendered":"https:\/\/compraencieza.es\/?post_type=product&#038;p=5909"},"modified":"2025-01-09T17:21:58","modified_gmt":"2025-01-09T16:21:58","slug":"cla-acido-linoleico-conjugado-500-mg-50-perlas","status":"publish","type":"product","link":"https:\/\/compraencieza.es\/en\/product\/cla-acido-linoleico-conjugado-500-mg-50-perlas\/","title":{"rendered":"CLA (\u00c1cido linol\u00e9ico conjugado) 500 mg. 50 perlas"},"content":{"rendered":"<h2>Descripci\u00f3n<\/h2>\n<p><strong>Active nutrients:<\/strong> Aceite de C\u00e1rtamo 80% CLA.<\/p>\n<table border=\"1\" cellspacing=\"0\">\n<tbody>\n<tr>\n<td><strong>NUTRIENTS<\/strong><\/td>\n<td><strong>AMOUNT<\/strong><\/td>\n<td><strong>WEALTH<\/strong><\/td>\n<td><strong>CONTRIBUTE<\/strong><\/td>\n<\/tr>\n<tr>\n<td>Aceite de C\u00e1rtamo CLA<\/td>\n<td>500 mg<\/td>\n<td>80%<\/td>\n<td>400 mg C.L.A.<\/td>\n<\/tr>\n<\/tbody>\n<\/table>\n<p><strong>Instructions for Use:<\/strong>\u00a0Como complemento en la dieta tomar dos (2) perlas al d\u00eda. En periodos prolongados de tratamiento se recomienda hacer descansos de consumo, para garantizar el efecto deseado.<\/p>\n<p>Caracter\u00edsticas principales de CLA 500 mg perlas:<\/p>\n<p>&nbsp;<\/p>\n<div class=\"et-custom-list etlist-check\">\n<ul>\n<li>Allergen-free product in accordance with Regulation (EU) No. 1169\/2011.<\/li>\n<li>It does not contain gluten or lactose.<\/li>\n<li>Complemento alimenticio a base de aceite de planta natural.<\/li>\n<li>Envase para 25 d\u00edas de uso.<\/li>\n<li>Formato perla, que protege al aceite de la oxidaci\u00f3n.<\/li>\n<\/ul>\n<\/div>\n<p>&nbsp;<\/p>\n<p>Warnings: Food supplements should not be used as a substitute for a varied and balanced diet. A healthy lifestyle is recommended. Do not exceed the recommended daily amount. Store in a cool, dry place away from sunlight. Keep out of reach of small children. Consult your doctor if you are pregnant or breastfeeding.<\/p>\n<p>&nbsp;<\/p>","protected":false},"excerpt":{"rendered":"<p>Functions:<\/p>\n<ul>\n<li><strong>Control de peso<\/strong>: Se ha sugerido que el CLA puede ayudar a reducir la grasa corporal y aumentar la masa muscular, lo que puede ser beneficioso para el manejo del peso.<\/li>\n<li><strong>Anti-inflammatory properties<\/strong>: El CLA puede tener efectos antiinflamatorios, lo que podr\u00eda ser \u00fatil en condiciones como la artritis y otras enfermedades inflamatorias.<\/li>\n<li><strong>Mejora de la salud cardiovascular<\/strong>: Algunos estudios sugieren que el CLA puede ayudar a mejorar el perfil lip\u00eddico, reduciendo el colesterol LDL y aumentando el colesterol HDL.<\/li>\n<li><strong>Apoyo en el metabolismo<\/strong>: Se ha relacionado con la mejora del metabolismo de los l\u00edpidos y la regulaci\u00f3n del az\u00facar en sangre.<\/li>\n<li><strong>Efectos antioxidantes<\/strong>: El CLA puede tener propiedades antioxidantes, ayudando a proteger las c\u00e9lulas del da\u00f1o oxidativo.<\/li>\n<li><strong>Potencial anticancer\u00edgeno<\/strong>: Aunque la evidencia es limitada, algunos estudios han sugerido que el CLA podr\u00eda tener propiedades que ayudan a inhibir el crecimiento de ciertos tipos de c\u00e1ncer.<\/li>\n<\/ul>","protected":false},"featured_media":5170,"comment_status":"open","ping_status":"closed","template":"","meta":{"_acf_changed":false,"inline_featured_image":false},"product_cat":[105],"product_tag":[131,832,1169,132,578,1599,2735,2069,2805,1339,2806,1910,2807,1927,2808,2809,934,2810,958,2811,540,960,1662,2812,2813,2052,2814,1349,346,143,2663,2815,963,1325,585,538,965,1193,2816,2817,2818,2819,784,2742,785,1129,1330,2820,2544,741,150,590,700,355,2821,2822],"genre":[],"class_list":{"0":"post-5909","1":"product","2":"type-product","3":"status-publish","4":"has-post-thumbnail","6":"product_cat-salud","7":"product_tag-aceite","8":"product_tag-acido","9":"product_tag-alergenos","10":"product_tag-anti","11":"product_tag-antiinflamatorio","12":"product_tag-antioxidante","13":"product_tag-artritis","14":"product_tag-aumenta","15":"product_tag-ayudan-inhibir","16":"product_tag-azucar","17":"product_tag-c-l-a","18":"product_tag-cancer","19":"product_tag-cancerigeno","20":"product_tag-cardiovascular","21":"product_tag-cartamo","22":"product_tag-celulas-dano","23":"product_tag-circulacion","24":"product_tag-cla","25":"product_tag-colesterol","26":"product_tag-conjugado","27":"product_tag-control","28":"product_tag-corazon","29":"product_tag-corporal","30":"product_tag-crecimiento","31":"product_tag-enfermedad","32":"product_tag-enfermedades","33":"product_tag-evidencia","34":"product_tag-glucosa","35":"product_tag-gluten","36":"product_tag-grasa","37":"product_tag-grasos","38":"product_tag-hadl","39":"product_tag-hdl","40":"product_tag-inflamatorias","41":"product_tag-inflamatorio","42":"product_tag-lactosa","43":"product_tag-ldl","44":"product_tag-libre","45":"product_tag-limitada","46":"product_tag-linoleico","47":"product_tag-linolenico","48":"product_tag-lipidico","49":"product_tag-lipidos","50":"product_tag-masa","51":"product_tag-metabolismo","52":"product_tag-muscular","53":"product_tag-oxidante","54":"product_tag-oxidativo","55":"product_tag-perlas","56":"product_tag-peso","57":"product_tag-reduce","58":"product_tag-salud","59":"product_tag-sangre","60":"product_tag-sin","61":"product_tag-tumor","62":"product_tag-tumores","64":"first","65":"instock","66":"taxable","67":"shipping-taxable","68":"purchasable","69":"product-type-simple","70":"add-to-wishlist-after_add_to_cart"},"acf":[],"_links":{"self":[{"href":"https:\/\/compraencieza.es\/en\/wp-json\/wp\/v2\/product\/5909","targetHints":{"allow":["GET"]}}],"collection":[{"href":"https:\/\/compraencieza.es\/en\/wp-json\/wp\/v2\/product"}],"about":[{"href":"https:\/\/compraencieza.es\/en\/wp-json\/wp\/v2\/types\/product"}],"replies":[{"embeddable":true,"href":"https:\/\/compraencieza.es\/en\/wp-json\/wp\/v2\/comments?post=5909"}],"wp:featuredmedia":[{"embeddable":true,"href":"https:\/\/compraencieza.es\/en\/wp-json\/wp\/v2\/media\/5170"}],"wp:attachment":[{"href":"https:\/\/compraencieza.es\/en\/wp-json\/wp\/v2\/media?parent=5909"}],"wp:term":[{"taxonomy":"product_cat","embeddable":true,"href":"https:\/\/compraencieza.es\/en\/wp-json\/wp\/v2\/product_cat?post=5909"},{"taxonomy":"product_tag","embeddable":true,"href":"https:\/\/compraencieza.es\/en\/wp-json\/wp\/v2\/product_tag?post=5909"},{"taxonomy":"product_brand","embeddable":true,"href":"https:\/\/compraencieza.es\/en\/wp-json\/wp\/v2\/genre?post=5909"}],"curies":[{"name":"wp","href":"https:\/\/api.w.org\/{rel}","templated":true}]}}