{"id":5913,"date":"2025-01-09T17:10:34","date_gmt":"2025-01-09T16:10:34","guid":{"rendered":"https:\/\/compraencieza.es\/?post_type=product&#038;p=5913"},"modified":"2025-01-09T17:21:57","modified_gmt":"2025-01-09T16:21:57","slug":"cetonas-ketonas-de-frambuesa-300-mg-60-capsulas","status":"publish","type":"product","link":"https:\/\/compraencieza.es\/en\/product\/cetonas-ketonas-de-frambuesa-300-mg-60-capsulas\/","title":{"rendered":"Raspberry Ketones\/Ketones 300 mg. 60 capsules"},"content":{"rendered":"<h2>Descripci\u00f3n<\/h2>\n<p><strong>Cetonas de frambuesa 300 mg c\u00e1psulas<\/strong> est\u00e1 formulado con Cetonas de frambuesa que tiene propiedades que ayuda a la quema de grasas.<\/p>\n<p>La cetona de frambuesa es un estimulante de la hormona adiponectina que modula el metabolismo de los \u00e1cidos grasos, produciendo un aumento de la conversi\u00f3n de grasas a energ\u00eda.<\/p>\n<p><strong>Active nutrients:<\/strong>\u00a0Cetonas de frambuesa.\u00a0<strong>(Ver ficha t\u00e9cnica)<\/strong><\/p>\n<table border=\"1\" cellspacing=\"0\">\n<tbody>\n<tr>\n<td><strong>NUTRIENTS<\/strong><\/td>\n<td><strong>AMOUNT<\/strong><\/td>\n<\/tr>\n<tr>\n<td>Cetonas de Frambuesa (4-hydroxyphenyl)butan-2-one)<\/td>\n<td>300 mg<\/td>\n<\/tr>\n<\/tbody>\n<\/table>\n<p><strong>Instructions for Use:<\/strong>\u00a0Como complemento en la dieta tomar dos (2) c\u00e1psulas al d\u00eda, una al desayuno y otra en la comida. En periodos prolongados de tratamiento se recomienda hacer descansos de consumo, para garantizar el efecto deseado.<\/p>\n<p>Caracter\u00edsticas principales de Cetonas de frambuesa 300 mg c\u00e1psulas:<\/p>\n<p>&nbsp;<\/p>\n<div class=\"et-custom-list etlist-check\">\n<ul>\n<li>Allergen-free product in accordance with Regulation (EU) No. 1169\/2011.<\/li>\n<li>No contiene gluten ni lactosa.<\/li>\n<li>Complemento alimenticio a base de cetonas de frambuesa.<\/li>\n<li>Envase para 30 d\u00edas de uso.<\/li>\n<\/ul>\n<\/div>\n<p>&nbsp;<\/p>\n<p>Warnings: Food supplements should not be used as a substitute for a varied and balanced diet. A healthy lifestyle is recommended. Do not exceed the recommended daily amount. Store in a cool, dry place away from sunlight. Keep out of reach of small children. Consult your doctor if you are pregnant or breastfeeding.<\/p>","protected":false},"excerpt":{"rendered":"<p>Functions:<\/p>\n<h3>1. <strong>Ayuda en la p\u00e9rdida de peso<\/strong><\/h3>\n<ul>\n<li>Las cetonas de frambuesa se promueven como un quemador de grasa. Se cree que aumentan la producci\u00f3n de una hormona llamada <strong>adiponectina<\/strong>, que regula el metabolismo de la grasa y los niveles de glucosa en sangre.<\/li>\n<li>Potencialmente podr\u00edan aumentar la <strong>descomposici\u00f3n de las grasas<\/strong> almacenadas en el cuerpo, haciendo que estas se utilicen como fuente de energ\u00eda.<\/li>\n<\/ul>\n<h3>2. <strong>Estimulaci\u00f3n del metabolismo<\/strong><\/h3>\n<ul>\n<li>Las cetonas de frambuesa podr\u00edan aumentar el <strong>metabolismo<\/strong>, lo que llevar\u00eda a quemar m\u00e1s calor\u00edas incluso en reposo. Al aumentar la termog\u00e9nesis, el cuerpo podr\u00eda generar m\u00e1s calor, lo que a su vez promueve la quema de grasa.<\/li>\n<\/ul>\n<h3>3. <strong>Control del apetito<\/strong><\/h3>\n<ul>\n<li>Aunque este beneficio es menos respaldado por la ciencia, algunos informes sugieren que las cetonas de frambuesa pueden tener un ligero efecto <strong>supresor del apetito<\/strong>, ayudando a reducir el consumo cal\u00f3rico.<\/li>\n<\/ul>\n<h3>4. <strong>Aumento de los niveles de energ\u00eda<\/strong><\/h3>\n<ul>\n<li>Las personas que usan cetonas de frambuesa a menudo reportan un <strong>aumento de energ\u00eda<\/strong>, lo que podr\u00eda ser beneficioso para realizar m\u00e1s actividad f\u00edsica y, en consecuencia, apoyar la p\u00e9rdida de peso.<\/li>\n<\/ul>\n<h3>5. <strong>Propiedades antioxidantes<\/strong><\/h3>\n<ul>\n<li>Al ser un derivado de las frambuesas, las cetonas tienen ciertos componentes antioxidantes que podr\u00edan <strong>combatir el da\u00f1o causado por los radicales libres<\/strong>, ayudando a proteger las c\u00e9lulas del estr\u00e9s oxidativo.<\/li>\n<\/ul>\n<h3>6. <strong>Soporte cardiovascular<\/strong><\/h3>\n<ul>\n<li>Al incrementar la adiponectina, que tambi\u00e9n est\u00e1 relacionada con la salud cardiovascular, podr\u00eda tener beneficios indirectos en la <strong>reducci\u00f3n del riesgo de enfermedades card\u00edacas<\/strong> al mejorar los niveles de glucosa y l\u00edpidos en sangre.<\/li>\n<\/ul>","protected":false},"featured_media":5204,"comment_status":"open","ping_status":"closed","template":"","meta":{"_acf_changed":false,"inline_featured_image":false},"product_cat":[105],"product_tag":[2660,2839,726,2840,1169,1599,2067,2070,1340,2841,2842,674,1927,2843,2844,540,2845,873,2052,1090,2846,1839,2847,1349,346,143,2165,2663,2848,2849,538,1193,2672,784,2820,740,568,741,771,2850,2675,1999,700,355,2851],"genre":[],"class_list":{"0":"post-5913","1":"product","2":"type-product","3":"status-publish","4":"has-post-thumbnail","6":"product_cat-salud","7":"product_tag-acidos","8":"product_tag-actividad","9":"product_tag-adelgazar","10":"product_tag-adiponectina","11":"product_tag-alergenos","12":"product_tag-antioxidante","13":"product_tag-apetito","14":"product_tag-aumento","15":"product_tag-calorias","16":"product_tag-calorico","17":"product_tag-cardiaca","18":"product_tag-cardiaco","19":"product_tag-cardiovascular","20":"product_tag-cetonas","21":"product_tag-cetone","22":"product_tag-control","23":"product_tag-descomposicion","24":"product_tag-energia","25":"product_tag-enfermedades","26":"product_tag-estres","27":"product_tag-fisica","28":"product_tag-frambuesa","29":"product_tag-fuente","30":"product_tag-glucosa","31":"product_tag-gluten","32":"product_tag-grasa","33":"product_tag-grasas","34":"product_tag-grasos","35":"product_tag-ketonas","36":"product_tag-ketone","37":"product_tag-lactosa","38":"product_tag-libre","39":"product_tag-libres","40":"product_tag-lipidos","41":"product_tag-oxidativo","42":"product_tag-perder","43":"product_tag-perdida","44":"product_tag-peso","45":"product_tag-quema","46":"product_tag-quemar","47":"product_tag-radicales","48":"product_tag-raspberry","49":"product_tag-sangre","50":"product_tag-sin","51":"product_tag-termogenesis","53":"first","54":"instock","55":"taxable","56":"shipping-taxable","57":"purchasable","58":"product-type-variable","59":"add-to-wishlist-after_add_to_cart"},"acf":[],"_links":{"self":[{"href":"https:\/\/compraencieza.es\/en\/wp-json\/wp\/v2\/product\/5913","targetHints":{"allow":["GET"]}}],"collection":[{"href":"https:\/\/compraencieza.es\/en\/wp-json\/wp\/v2\/product"}],"about":[{"href":"https:\/\/compraencieza.es\/en\/wp-json\/wp\/v2\/types\/product"}],"replies":[{"embeddable":true,"href":"https:\/\/compraencieza.es\/en\/wp-json\/wp\/v2\/comments?post=5913"}],"wp:featuredmedia":[{"embeddable":true,"href":"https:\/\/compraencieza.es\/en\/wp-json\/wp\/v2\/media\/5204"}],"wp:attachment":[{"href":"https:\/\/compraencieza.es\/en\/wp-json\/wp\/v2\/media?parent=5913"}],"wp:term":[{"taxonomy":"product_cat","embeddable":true,"href":"https:\/\/compraencieza.es\/en\/wp-json\/wp\/v2\/product_cat?post=5913"},{"taxonomy":"product_tag","embeddable":true,"href":"https:\/\/compraencieza.es\/en\/wp-json\/wp\/v2\/product_tag?post=5913"},{"taxonomy":"product_brand","embeddable":true,"href":"https:\/\/compraencieza.es\/en\/wp-json\/wp\/v2\/genre?post=5913"}],"curies":[{"name":"wp","href":"https:\/\/api.w.org\/{rel}","templated":true}]}}