{"id":5918,"date":"2025-01-09T17:10:34","date_gmt":"2025-01-09T16:10:34","guid":{"rendered":"https:\/\/compraencieza.es\/?post_type=product&#038;p=5918"},"modified":"2025-01-09T17:21:58","modified_gmt":"2025-01-09T16:21:58","slug":"bomlax-320mg","status":"publish","type":"product","link":"https:\/\/compraencieza.es\/en\/product\/bomlax-320mg\/","title":{"rendered":"Bomlax 320mg"},"content":{"rendered":"<h2>Descripci\u00f3n<\/h2>\n<p><strong>Ingredients:<\/strong>\u00a0Fr\u00e1ngula extracto seco de corteza (<em>Rhamnus frangula<\/em>), agente de carga (celulosa), almid\u00f3n de ma\u00edz, Hinojo extracto seco de corteza (<em>Foeniculum vulgare Miller<\/em>), endurecedor (fosfato de calcio), Sen extracto seco de hojas (<em>Cassia angustifolia<\/em>) y antiaglomerantes (sales magn\u00e9sicas de \u00e1cidos grasos y di\u00f3xido de silicio).<\/p>\n<table border=\"1\" cellspacing=\"0\">\n<tbody>\n<tr>\n<td><strong>NUTRIENTS<\/strong><\/td>\n<td><strong>AMOUNT<\/strong><\/td>\n<td><strong>WEALTH<\/strong><\/td>\n<td><strong>CONTRIBUTE<\/strong><\/td>\n<\/tr>\n<tr>\n<td>Fr\u00e1ngula 4:1 Extracto seco (<em>Rhamnus frangula<\/em>)<\/td>\n<td>200 mg<\/td>\n<td>7%<\/td>\n<td>14 mg Glucofrangulina<\/td>\n<\/tr>\n<tr>\n<td>Hinojo 10:1 Extacto seco (<em>Foeniculum vulgare<\/em>)<\/td>\n<td>70 mg<\/td>\n<td>\u2013<\/td>\n<td>\u2013<\/td>\n<\/tr>\n<tr>\n<td>Sen 8:1 Extracto seco (<em>Cassia angustifolia<\/em>)<\/td>\n<td>50 mg<\/td>\n<td>6%<\/td>\n<td>3 mg Sen\u00f3sidos<\/td>\n<\/tr>\n<\/tbody>\n<\/table>\n<p>&nbsp;<\/p>\n<p><strong>Instructions for Use:<\/strong>\u00a0Como complemento en la dieta tomar dos (2) comprimidos al d\u00eda. En periodos prolongados de tratamiento se recomienda hacer descansos de consumo, para garantizar el efecto deseado.<\/p>\n<p>Caracter\u00edsticas principales de Bomlax\u00ae 320 mg comprimidos:<\/p>\n<p>&nbsp;<\/p>\n<div class=\"et-custom-list etlist-check\">\n<ul>\n<li>Allergen-free product in accordance with Regulation (EU) No. 1169\/2011.<\/li>\n<li>It does not contain gluten or lactose.<\/li>\n<li>Extractos secos valorados en principio activo.<\/li>\n<li>Complemento alimenticios a base de extractos de plantas.<\/li>\n<li>Envase para 30-60 d\u00edas de uso.<\/li>\n<\/ul>\n<\/div>\n<p>&nbsp;<\/p>\n<p>Advertencias:\u00a0Los complementos alimenticios no deben utilizarse como sustitutos de una dieta variada y equilibrada. Se recomienda un\u00a0estilo de vida saludable. No sobrepasar la cantidad diaria recomendada. Conservar en lugar seco, fresco y protegido de la luz\u00a0solar. Mantener fuera del alcance de los ni\u00f1os m\u00e1s peque\u00f1os. No administrar a menores de 12 a\u00f1os. Consultar a su m\u00e9dico en caso de embarazo o lactancia. No utilizar en periodos prolongados sin consultar a su m\u00e9dico.<\/p>","protected":false},"excerpt":{"rendered":"<h3>1. <strong>Laxante suave<\/strong><\/h3>\n<ul>\n<li>Bomlax act\u00faa como un laxante suave, ayudando a estimular el movimiento intestinal. Esto lo hace \u00fatil para personas que sufren de estre\u00f1imiento ocasional o cr\u00f3nico. Facilita la evacuaci\u00f3n al suavizar las heces y promover el tr\u00e1nsito intestinal sin causar irritaci\u00f3n.<\/li>\n<\/ul>\n<h3>2. <strong>Aumenta el volumen de las heces<\/strong><\/h3>\n<ul>\n<li>Uno de los mecanismos de acci\u00f3n de Bomlax es aumentar el volumen de las heces al atraer agua al intestino, lo que ayuda a que las heces sean m\u00e1s blandas y f\u00e1ciles de expulsar. Esto es especialmente \u00fatil para personas con estre\u00f1imiento asociado a heces duras o secas.<\/li>\n<\/ul>\n<h3>3. <strong>Mejora el tr\u00e1nsito intestinal<\/strong><\/h3>\n<ul>\n<li>Bomlax ayuda a regular el tr\u00e1nsito intestinal, especialmente en personas con h\u00e1bitos irregulares o motilidad intestinal lenta. Este efecto puede contribuir a una sensaci\u00f3n de alivio y bienestar digestivo.<\/li>\n<\/ul>\n<h3>4. <strong>Alivio del estre\u00f1imiento sin causar dependencia<\/strong><\/h3>\n<ul>\n<li>A diferencia de laxantes m\u00e1s fuertes o irritantes, Bomlax tiene la ventaja de ser suave, lo que reduce el riesgo de crear dependencia. Esto significa que se puede usar de manera ocasional sin que el intestino pierda su capacidad natural de evacuar.<\/li>\n<\/ul>\n<h3>5. <strong>Acci\u00f3n natural sin efectos secundarios agresivos<\/strong><\/h3>\n<ul>\n<li>Al estar compuesto por ingredientes naturales, generalmente Bomlax es bien tolerado y no provoca efectos secundarios fuertes como calambres o dolores intensos, a diferencia de otros laxantes m\u00e1s potentes.<\/li>\n<\/ul>\n<h3>6. <strong>Mejora la funci\u00f3n digestiva en general<\/strong><\/h3>\n<ul>\n<li>Al regular el tr\u00e1nsito intestinal y aliviar el estre\u00f1imiento, Bomlax puede contribuir a una digesti\u00f3n m\u00e1s eficiente y al bienestar digestivo en general, evitando la acumulaci\u00f3n de toxinas que pueden generar malestar o hinchaz\u00f3n.<\/li>\n<\/ul>\n<h3>7. <strong>Prevenci\u00f3n de hemorroides<\/strong><\/h3>\n<ul>\n<li>Al suavizar las heces y facilitar su expulsi\u00f3n, Bomlax puede ayudar a reducir la tensi\u00f3n durante la defecaci\u00f3n, lo que a su vez disminuye el riesgo de desarrollar hemorroides o empeorar las existentes.<\/li>\n<\/ul>","protected":false},"featured_media":5209,"comment_status":"open","ping_status":"closed","template":"","meta":{"_acf_changed":false,"inline_featured_image":false},"product_cat":[105],"product_tag":[931,2364,133,955,989,2365,2873,2237,1320,2172,730,2874,2875,734,905,2027,1184,2876,2241,1188,2242,346,2829,939,2877,912,913,587,538,1350,1193,2866,216,739,2878,1200,352,2879,405,2244,2245,355,337,2367,409,2880],"genre":[],"class_list":{"0":"post-5918","1":"product","2":"type-product","3":"status-publish","4":"has-post-thumbnail","6":"product_cat-salud","7":"product_tag-almorranas","8":"product_tag-angustifolia","9":"product_tag-bio","10":"product_tag-bio-dis","11":"product_tag-biodis","12":"product_tag-cassia","13":"product_tag-cronico","14":"product_tag-diarrea","15":"product_tag-digestion","16":"product_tag-digestiva","17":"product_tag-dis","18":"product_tag-ecces","19":"product_tag-eces","20":"product_tag-essential","21":"product_tag-estomago","22":"product_tag-estrenimiento","23":"product_tag-extracto","24":"product_tag-foeniculum","25":"product_tag-frangula","26":"product_tag-funcion","27":"product_tag-glucofrangulina","28":"product_tag-gluten","29":"product_tag-heces","30":"product_tag-hemorroides","31":"product_tag-intestina","32":"product_tag-intestinal","33":"product_tag-intestino","34":"product_tag-irritacion","35":"product_tag-lactosa","36":"product_tag-laxante","37":"product_tag-libre","38":"product_tag-nanture","39":"product_tag-natural","40":"product_tag-obire","41":"product_tag-ocasional","42":"product_tag-planta","43":"product_tag-plantas","44":"product_tag-rhamnus","45":"product_tag-seco","46":"product_tag-sen","47":"product_tag-senosidos","48":"product_tag-sin","49":"product_tag-suave","50":"product_tag-transito","51":"product_tag-volumen","52":"product_tag-vulgare","54":"first","55":"instock","56":"taxable","57":"shipping-taxable","58":"purchasable","59":"product-type-variable","60":"add-to-wishlist-after_add_to_cart"},"acf":[],"_links":{"self":[{"href":"https:\/\/compraencieza.es\/en\/wp-json\/wp\/v2\/product\/5918","targetHints":{"allow":["GET"]}}],"collection":[{"href":"https:\/\/compraencieza.es\/en\/wp-json\/wp\/v2\/product"}],"about":[{"href":"https:\/\/compraencieza.es\/en\/wp-json\/wp\/v2\/types\/product"}],"replies":[{"embeddable":true,"href":"https:\/\/compraencieza.es\/en\/wp-json\/wp\/v2\/comments?post=5918"}],"wp:featuredmedia":[{"embeddable":true,"href":"https:\/\/compraencieza.es\/en\/wp-json\/wp\/v2\/media\/5209"}],"wp:attachment":[{"href":"https:\/\/compraencieza.es\/en\/wp-json\/wp\/v2\/media?parent=5918"}],"wp:term":[{"taxonomy":"product_cat","embeddable":true,"href":"https:\/\/compraencieza.es\/en\/wp-json\/wp\/v2\/product_cat?post=5918"},{"taxonomy":"product_tag","embeddable":true,"href":"https:\/\/compraencieza.es\/en\/wp-json\/wp\/v2\/product_tag?post=5918"},{"taxonomy":"product_brand","embeddable":true,"href":"https:\/\/compraencieza.es\/en\/wp-json\/wp\/v2\/genre?post=5918"}],"curies":[{"name":"wp","href":"https:\/\/api.w.org\/{rel}","templated":true}]}}