{"id":5921,"date":"2025-01-09T17:10:35","date_gmt":"2025-01-09T16:10:35","guid":{"rendered":"https:\/\/compraencieza.es\/?post_type=product&#038;p=5921"},"modified":"2025-01-09T17:21:55","modified_gmt":"2025-01-09T16:21:55","slug":"espino-blanco-ajo-olivo-500-mg-50-perlas","status":"publish","type":"product","link":"https:\/\/compraencieza.es\/en\/product\/espino-blanco-ajo-olivo-500-mg-50-perlas\/","title":{"rendered":"Espino blanco + ajo + olivo 500 mg. 50 perlas"},"content":{"rendered":"<h2>Descripci\u00f3n<\/h2>\n<p><strong>Active nutrients:<\/strong> Aceite de Espino Blanco, Aceite de Oliva y Aceite de Ajo.<\/p>\n<table border=\"1\" cellspacing=\"0\">\n<tbody>\n<tr>\n<td><strong>NUTRIENTS<\/strong><\/td>\n<td><strong>AMOUNT<\/strong><\/td>\n<\/tr>\n<tr>\n<td>Aceite macerado de Espino Blanco (C<em>rategus monogyna<\/em>)<\/td>\n<td>200 mg<\/td>\n<\/tr>\n<tr>\n<td>Aceite de Oliva (<em>Olea europaea L<\/em>)<\/td>\n<td>200 mg<\/td>\n<\/tr>\n<tr>\n<td>Aceite macerado de Ajo (<em>Allium sativum L<\/em>)<\/td>\n<td>100 mg<\/td>\n<\/tr>\n<\/tbody>\n<\/table>\n<p><strong>Instructions for Use:<\/strong>\u00a0Como complemento en la dieta tomar una (1) perla al d\u00eda. En periodos prolongados de tratamiento se recomienda hacer descansos de consumo, para garantizar el efecto deseado.<\/p>\n<p>Caracter\u00edsticas principales de Espino blanco + Ajo + Olivo 500 mg perlas:<\/p>\n<p>&nbsp;<\/p>\n<div class=\"et-custom-list etlist-check\">\n<ul>\n<li>Allergen-free product in accordance with Regulation (EU) No. 1169\/2011.<\/li>\n<li>It does not contain gluten or lactose.<\/li>\n<li>Complemento alimenticio a base de aceites naturales.<\/li>\n<li>Packaging for 50 days of use.<\/li>\n<li>Formato perla, que protege al aceite de la oxidaci\u00f3n.<\/li>\n<\/ul>\n<\/div>\n<p>&nbsp;<\/p>\n<p>Warnings: Food supplements should not be used as a substitute for a varied and balanced diet. A healthy lifestyle is recommended. Do not exceed the recommended daily amount. Store in a cool, dry place away from sunlight. Keep out of reach of small children. Consult your doctor if you are pregnant or breastfeeding.<\/p>","protected":false},"excerpt":{"rendered":"<h3>1. <strong>Mejora de la salud cardiovascular<\/strong><\/h3>\n<ul>\n<li><strong>Espino blanco (Crataegus)<\/strong>\n<ul>\n<li>Es conocido por sus propiedades cardioprotectoras. Mejora la circulaci\u00f3n sangu\u00ednea, aumenta el flujo de ox\u00edgeno al coraz\u00f3n y refuerza la fuerza de contracci\u00f3n del m\u00fasculo card\u00edaco, lo que favorece la salud cardiovascular en general.<\/li>\n<\/ul>\n<\/li>\n<li><strong>Ajo (Allium sativum)<\/strong>\n<ul>\n<li>El ajo es un potente vasodilatador que ayuda a relajar los vasos sangu\u00edneos, lo que favorece la circulaci\u00f3n sangu\u00ednea y reduce la presi\u00f3n arterial. Tambi\u00e9n tiene propiedades anticoagulantes suaves que previenen la formaci\u00f3n de co\u00e1gulos.<\/li>\n<\/ul>\n<\/li>\n<li><strong>Olivo (Olea europaea)<\/strong>\n<ul>\n<li>Las hojas de olivo tienen efectos hipotensores, es decir, ayudan a reducir la presi\u00f3n arterial alta. Tambi\u00e9n son ricas en antioxidantes como el oleurope\u00edna, que protege el coraz\u00f3n al reducir el estr\u00e9s oxidativo.<\/li>\n<\/ul>\n<\/li>\n<\/ul>\n<h3>2. <strong>Regulaci\u00f3n de la presi\u00f3n arterial<\/strong><\/h3>\n<ul>\n<li><strong>Espino blanco<\/strong> act\u00faa regulando la presi\u00f3n arterial, ayudando tanto en casos de hipertensi\u00f3n como de hipotensi\u00f3n, adapt\u00e1ndose a las necesidades del organismo. Se le conoce como un regulador natural.<\/li>\n<li><strong>Ajo<\/strong> tiene un efecto positivo en la presi\u00f3n arterial alta, ayudando a reducirla y manteni\u00e9ndola dentro de rangos saludables.<\/li>\n<li><strong>Olivo<\/strong>, con sus propiedades hipotensoras, es \u00fatil para personas que sufren de hipertensi\u00f3n arterial, contribuyendo a mantener niveles de presi\u00f3n estables.<\/li>\n<\/ul>\n<h3>3. <strong>Propiedades antioxidantes y antiinflamatorias<\/strong><\/h3>\n<ul>\n<li>Tanto el <strong>espino blanco<\/strong> como el <strong>olivo<\/strong> contienen compuestos antioxidantes que protegen las c\u00e9lulas del da\u00f1o causado por los radicales libres, reduciendo el riesgo de enfermedades cr\u00f3nicas, como las cardiovasculares.<\/li>\n<li>El <strong>ajo<\/strong>, adem\u00e1s, posee compuestos sulfurados (alicina) que tambi\u00e9n tienen efectos antioxidantes y antiinflamatorios, ayudando a reducir la inflamaci\u00f3n cr\u00f3nica que puede da\u00f1ar los vasos sangu\u00edneos y los tejidos card\u00edacos.<\/li>\n<\/ul>\n<h3>4. <strong>Mejora del flujo sangu\u00edneo y reducci\u00f3n de colesterol<\/strong><\/h3>\n<ul>\n<li><strong>Ajo<\/strong>: Adem\u00e1s de mejorar la circulaci\u00f3n, el ajo ayuda a reducir los niveles de colesterol LDL (\u00abmalo\u00bb) y los triglic\u00e9ridos, factores de riesgo importantes en enfermedades cardiovasculares.<\/li>\n<li><strong>Olivo<\/strong>: Las hojas de olivo tambi\u00e9n pueden ayudar a reducir el colesterol LDL y mejorar los niveles de colesterol HDL (\u00abbueno\u00bb).<\/li>\n<\/ul>\n<h3>5. <strong>Reducci\u00f3n del riesgo de aterosclerosis<\/strong><\/h3>\n<ul>\n<li>La combinaci\u00f3n de <strong>ajo<\/strong>, <strong>espino blanco<\/strong> y <strong>olivo<\/strong> puede ayudar a prevenir la formaci\u00f3n de placas en las arterias (aterosclerosis), una de las principales causas de problemas card\u00edacos como ataques al coraz\u00f3n y accidentes cerebrovasculares.<\/li>\n<\/ul>\n<h3>6. <strong>Efecto calmante sobre el sistema nervioso<\/strong><\/h3>\n<ul>\n<li>El <strong>espino blanco<\/strong> es conocido tambi\u00e9n por su capacidad para actuar como un sedante suave, ayudando a calmar los nervios, reducir el estr\u00e9s y mejorar la calidad del sue\u00f1o. Esto puede ser beneficioso para personas que sufren de ansiedad, que puede agravar problemas de presi\u00f3n arterial.<\/li>\n<\/ul>\n<h3>7. <strong>Apoyo a la funci\u00f3n inmune<\/strong><\/h3>\n<ul>\n<li>El <strong>ajo<\/strong> tambi\u00e9n tiene propiedades antimicrobianas y antivirales, por lo que este complejo no solo apoya la salud cardiovascular, sino que tambi\u00e9n puede fortalecer el sistema inmunol\u00f3gico, ayudando a prevenir infecciones.<\/li>\n<\/ul>\n<h3>8. <strong>Mejora de la resistencia y la energ\u00eda<\/strong><\/h3>\n<ul>\n<li>Gracias a la mejora de la circulaci\u00f3n y el suministro de ox\u00edgeno al cuerpo, este complejo puede ayudar a aumentar la energ\u00eda y la resistencia f\u00edsica, lo que es \u00fatil para quienes buscan mejorar su rendimiento diario o combatir la fatiga.<\/li>\n<\/ul>","protected":false},"featured_media":5212,"comment_status":"open","ping_status":"closed","template":"","meta":{"_acf_changed":false,"inline_featured_image":false},"product_cat":[105],"product_tag":[2246,2881,2058,2502,2882,1339,133,955,989,1771,1361,1927,2883,934,958,2884,2885,1319,1341,1342,730,873,2886,734,1090,1184,827,2846,1349,346,963,2054,1830,874,538,965,1193,2887,2866,216,1096,1195,739,2888,1548,2501,689,2889,1200,352,544,657,2890,590,700,2891,405,2306,355,876,337,256,658],"genre":[],"class_list":{"0":"post-5921","1":"product","2":"type-product","3":"status-publish","4":"has-post-thumbnail","6":"product_cat-salud","7":"product_tag-ajo","8":"product_tag-allium","9":"product_tag-ansiedad","10":"product_tag-arterial","11":"product_tag-arterosclerosis","12":"product_tag-azucar","13":"product_tag-bio","14":"product_tag-bio-dis","15":"product_tag-biodis","16":"product_tag-blanco","17":"product_tag-calidad","18":"product_tag-cardiovascular","19":"product_tag-cerebrovascular","20":"product_tag-circulacion","21":"product_tag-colesterol","22":"product_tag-combate","23":"product_tag-crategus","24":"product_tag-cuerpo","25":"product_tag-diabetes","26":"product_tag-diabetico","27":"product_tag-dis","28":"product_tag-energia","29":"product_tag-espino","30":"product_tag-essential","31":"product_tag-estres","32":"product_tag-extracto","33":"product_tag-fatiga","34":"product_tag-fisica","35":"product_tag-glucosa","36":"product_tag-gluten","37":"product_tag-hdl","38":"product_tag-infecciones","39":"product_tag-inmune","40":"product_tag-inmunologico","41":"product_tag-lactosa","42":"product_tag-ldl","43":"product_tag-libre","44":"product_tag-monogyna","45":"product_tag-nanture","46":"product_tag-natural","47":"product_tag-nervios","48":"product_tag-nervioso","49":"product_tag-obire","50":"product_tag-olea","51":"product_tag-oliva","52":"product_tag-olivo","53":"product_tag-oxigeno","54":"product_tag-placas","55":"product_tag-planta","56":"product_tag-plantas","57":"product_tag-presion","58":"product_tag-previene","59":"product_tag-resistencia","60":"product_tag-salud","61":"product_tag-sangre","62":"product_tag-sativum","63":"product_tag-seco","64":"product_tag-sedante","65":"product_tag-sin","66":"product_tag-sistema","67":"product_tag-suave","68":"product_tag-sueno","69":"product_tag-tension","71":"first","72":"instock","73":"taxable","74":"shipping-taxable","75":"purchasable","76":"product-type-simple","77":"add-to-wishlist-after_add_to_cart"},"acf":[],"_links":{"self":[{"href":"https:\/\/compraencieza.es\/en\/wp-json\/wp\/v2\/product\/5921","targetHints":{"allow":["GET"]}}],"collection":[{"href":"https:\/\/compraencieza.es\/en\/wp-json\/wp\/v2\/product"}],"about":[{"href":"https:\/\/compraencieza.es\/en\/wp-json\/wp\/v2\/types\/product"}],"replies":[{"embeddable":true,"href":"https:\/\/compraencieza.es\/en\/wp-json\/wp\/v2\/comments?post=5921"}],"wp:featuredmedia":[{"embeddable":true,"href":"https:\/\/compraencieza.es\/en\/wp-json\/wp\/v2\/media\/5212"}],"wp:attachment":[{"href":"https:\/\/compraencieza.es\/en\/wp-json\/wp\/v2\/media?parent=5921"}],"wp:term":[{"taxonomy":"product_cat","embeddable":true,"href":"https:\/\/compraencieza.es\/en\/wp-json\/wp\/v2\/product_cat?post=5921"},{"taxonomy":"product_tag","embeddable":true,"href":"https:\/\/compraencieza.es\/en\/wp-json\/wp\/v2\/product_tag?post=5921"},{"taxonomy":"product_brand","embeddable":true,"href":"https:\/\/compraencieza.es\/en\/wp-json\/wp\/v2\/genre?post=5921"}],"curies":[{"name":"wp","href":"https:\/\/api.w.org\/{rel}","templated":true}]}}