{"id":5929,"date":"2025-01-09T17:10:42","date_gmt":"2025-01-09T16:10:42","guid":{"rendered":"https:\/\/compraencieza.es\/?post_type=product&#038;p=5929"},"modified":"2025-01-09T17:21:53","modified_gmt":"2025-01-09T16:21:53","slug":"b-complex-formula-vitamina-b-500-mg-30-perlas","status":"publish","type":"product","link":"https:\/\/compraencieza.es\/en\/product\/b-complex-formula-vitamina-b-500-mg-30-perlas\/","title":{"rendered":"B-complex formula (Vitamin B) 500 mg 30 pearls"},"content":{"rendered":"<div class=\"product-precontenido\">\n<p>Descripci\u00f3n<\/p>\n<\/div>\n<div class=\"product-contenido\">\n<p><strong>B-complex perlas<\/strong>\u00a0de Nature Essential est\u00e1 formulado con vitaminas del grupo B, Vitamina C y Vitamina E que nos proporcionan las vitaminas para estados carenciales, aport\u00e1ndonos vigor para el cansancio.<\/p>\n<p>Las vitaminas del grupo B intervienen en muchos procesos metab\u00f3licos y son necesarias para la formaci\u00f3n o el buen funcionamiento de todos los sistemas del organismo. Nos aporta vigor y resistencia para el cansancio para estados carenciales de vitaminas, nos ayuda al buen funcionamiento del sistema nervioso y psicol\u00f3gico, aumentan nuestras defensas, mejora la resistencia f\u00edsica, es necesario para el funcionamiento de los m\u00fasculos, para la formaci\u00f3n de huesos, tejidos, dientes y piel, tienen propiedades antioxidantes, intervienen en la formaci\u00f3n de hormonas, etc\u2026<\/p>\n<p><strong>Active nutrients:<\/strong> Vitamina C (\u00c1cido asc\u00f3rbico), Vitamina B-3 (Nicotinamida), Vitamina E (Alfa-tocoferol), Vitamina B-5 (Pantotenato c\u00e1lcico), Vitamina B-6 (Piridoxina), Vitamina B-2 (Riboflavina), Vitamina B-1 (Tiamina), Vitamina B-9 (\u00c1cido f\u00f3lico), Biotina y Vitamina B-12 (Cobalamina).<\/p>\n<table border=\"1\" cellspacing=\"0\">\n<tbody>\n<tr>\n<td><strong>NUTRIENTS<\/strong><\/td>\n<td><strong>AMOUNT<\/strong><\/td>\n<td><strong>WEALTH<\/strong><\/td>\n<td><strong>CONTRIBUTE<\/strong><\/td>\n<td><strong>*%VRN<\/strong><\/td>\n<\/tr>\n<tr>\n<td>\u00c1cido L-Asc\u00f3rbico (Vitmaina C recubierta)<\/td>\n<td>80 mg<\/td>\n<td>\u2013<\/td>\n<td>\u2013<\/td>\n<td>100%<\/td>\n<\/tr>\n<tr>\n<td>DL-Alfa Tocoferol acetato (Vitamina E)<\/td>\n<td>12 mg<\/td>\n<td>\u2013<\/td>\n<td>\u2013<\/td>\n<td>100%<\/td>\n<\/tr>\n<tr>\n<td>Vitamina B-3 (Nicotinamida)<\/td>\n<td>16 mg<\/td>\n<td>\u2013<\/td>\n<td>\u2013<\/td>\n<td>100%<\/td>\n<\/tr>\n<tr>\n<td>Vitamina B-5 (D-Pantotenato C\u00e1lcico)<\/td>\n<td>6 mg<\/td>\n<td>\u2013<\/td>\n<td>\u2013<\/td>\n<td>100%<\/td>\n<\/tr>\n<tr>\n<td>Vitamina B-12<\/td>\n<td>2.5 mg<\/td>\n<td>0,100%<\/td>\n<td>0,003 mg Vitamina B-12<\/td>\n<td>100%<\/td>\n<\/tr>\n<tr>\n<td>Vitamina B-6 (Piridoxina)<\/td>\n<td>1.4 mg<\/td>\n<td>\u2013<\/td>\n<td>\u2013<\/td>\n<td>100%<\/td>\n<\/tr>\n<tr>\n<td>Vitamina B-2 (Riboflavina)<\/td>\n<td>1.4 mg<\/td>\n<td>\u2013<\/td>\n<td>\u2013<\/td>\n<td>100%<\/td>\n<\/tr>\n<tr>\n<td>Vitamina B-1 (Tiamina)<\/td>\n<td>1.1 mg<\/td>\n<td>\u2013<\/td>\n<td>\u2013<\/td>\n<td>100%<\/td>\n<\/tr>\n<tr>\n<td>Vitamina B-9 (\u00c1cido f\u00f3lico)<\/td>\n<td>200 \u00b5g<\/td>\n<td>\u2013<\/td>\n<td>\u2013<\/td>\n<td>100%<\/td>\n<\/tr>\n<tr>\n<td>Vtimaina B-8 (Biotina)<\/td>\n<td>50 \u00b5g<\/td>\n<td>\u2013<\/td>\n<td>\u2013<\/td>\n<td>100%<\/td>\n<\/tr>\n<\/tbody>\n<\/table>\n<p><strong>Instructions for Use:<\/strong>\u00a0Como complemento en la dieta tomar una (1) perla al d\u00eda, en la comida. En periodos prolongados de tratamiento se recomienda hacer descansos de consumo, para garantizar el efecto deseado.<\/p>\n<p>Caracter\u00edsticas principales de B-complex perlas:<\/p>\n<p>&nbsp;<\/p>\n<div class=\"et-custom-list etlist-check\">\n<ul>\n<li>Contiene SOJA.<\/li>\n<li>No contiene gluten ni lactosa.<\/li>\n<li>Complemento alimenticios a base de vitaminas.<\/li>\n<li>Envase para 30 d\u00edas de uso.<\/li>\n<li>Formato perla, que protege al aceite de la oxidaci\u00f3n.<\/li>\n<\/ul>\n<\/div>\n<p>&nbsp;<\/p>\n<p>Warnings: Food supplements should not be used as a substitute for a varied and balanced diet. A healthy lifestyle is recommended. Do not exceed the recommended daily amount. Store in a cool, dry place away from sunlight. Keep out of reach of small children. Consult your doctor if you are pregnant or breastfeeding.<\/p>\n<\/div>","protected":false},"excerpt":{"rendered":"<p>Functions:<\/p>\n<ul class=\"listado_caracteristicas-producto\">\n<li class=\"caracteristica-producto\">Ayuda a las defensas.<\/li>\n<li class=\"caracteristica-producto\">Combate el cansancio.<\/li>\n<li class=\"caracteristica-producto\">Contribuye al buen funcionamiento del sistema nervioso y psicol\u00f3gico.<\/li>\n<li class=\"caracteristica-producto\">Fuente de Vitaminas.<\/li>\n<li class=\"caracteristica-producto\">Tiene propiedades antioxidantes.<\/li>\n<\/ul>","protected":false},"featured_media":5220,"comment_status":"open","ping_status":"closed","template":"","meta":{"_acf_changed":false,"inline_featured_image":false},"product_cat":[105],"product_tag":[788,2531,832,1713,1313,2775,504,2932,133,955,989,886,839,1145,824,982,826,511,730,412,2933,734,1184,827,2846,1826,1850,2934,2847,346,828,538,1193,755,2866,216,1195,2935,739,2936,604,2354,1200,352,1283,2890,2937,405,355,876,2167,829,2938,1139,1724,422,358],"genre":[],"class_list":{"0":"post-5929","1":"product","2":"type-product","3":"status-publish","4":"has-post-thumbnail","6":"product_cat-salud","7":"product_tag-788","8":"product_tag-acetato","9":"product_tag-acido","10":"product_tag-alfa","11":"product_tag-antioxidantes","12":"product_tag-ascorbico","13":"product_tag-b","14":"product_tag-b-complex","15":"product_tag-bio","16":"product_tag-bio-dis","17":"product_tag-biodis","18":"product_tag-biotina","19":"product_tag-c","20":"product_tag-calcico","21":"product_tag-cansancio","22":"product_tag-complex","23":"product_tag-defensas","24":"product_tag-dientes","25":"product_tag-dis","26":"product_tag-e","27":"product_tag-engergia","28":"product_tag-essential","29":"product_tag-extracto","30":"product_tag-fatiga","31":"product_tag-fisica","32":"product_tag-folico","33":"product_tag-forma","34":"product_tag-formula","35":"product_tag-fuente","36":"product_tag-gluten","37":"product_tag-huesos","38":"product_tag-lactosa","39":"product_tag-libre","40":"product_tag-musculos","41":"product_tag-nanture","42":"product_tag-natural","43":"product_tag-nervioso","44":"product_tag-nicotinamida","45":"product_tag-obire","46":"product_tag-pantotenato","47":"product_tag-piel","48":"product_tag-piridoxina","49":"product_tag-planta","50":"product_tag-plantas","51":"product_tag-psicologico","52":"product_tag-resistencia","53":"product_tag-riboflavina","54":"product_tag-seco","55":"product_tag-sin","56":"product_tag-sistema","57":"product_tag-soja","58":"product_tag-tejidos","59":"product_tag-tiamina","60":"product_tag-tocoferol","61":"product_tag-vigor","62":"product_tag-vitamina","63":"product_tag-vitaminas","65":"first","66":"instock","67":"taxable","68":"shipping-taxable","69":"purchasable","70":"product-type-simple","71":"add-to-wishlist-after_add_to_cart"},"acf":[],"_links":{"self":[{"href":"https:\/\/compraencieza.es\/en\/wp-json\/wp\/v2\/product\/5929","targetHints":{"allow":["GET"]}}],"collection":[{"href":"https:\/\/compraencieza.es\/en\/wp-json\/wp\/v2\/product"}],"about":[{"href":"https:\/\/compraencieza.es\/en\/wp-json\/wp\/v2\/types\/product"}],"replies":[{"embeddable":true,"href":"https:\/\/compraencieza.es\/en\/wp-json\/wp\/v2\/comments?post=5929"}],"wp:featuredmedia":[{"embeddable":true,"href":"https:\/\/compraencieza.es\/en\/wp-json\/wp\/v2\/media\/5220"}],"wp:attachment":[{"href":"https:\/\/compraencieza.es\/en\/wp-json\/wp\/v2\/media?parent=5929"}],"wp:term":[{"taxonomy":"product_cat","embeddable":true,"href":"https:\/\/compraencieza.es\/en\/wp-json\/wp\/v2\/product_cat?post=5929"},{"taxonomy":"product_tag","embeddable":true,"href":"https:\/\/compraencieza.es\/en\/wp-json\/wp\/v2\/product_tag?post=5929"},{"taxonomy":"product_brand","embeddable":true,"href":"https:\/\/compraencieza.es\/en\/wp-json\/wp\/v2\/genre?post=5929"}],"curies":[{"name":"wp","href":"https:\/\/api.w.org\/{rel}","templated":true}]}}