{"id":5932,"date":"2025-01-09T17:10:42","date_gmt":"2025-01-09T16:10:42","guid":{"rendered":"https:\/\/compraencieza.es\/?post_type=product&#038;p=5932"},"modified":"2025-01-09T17:21:55","modified_gmt":"2025-01-09T16:21:55","slug":"vitamina-c-1000-mg-zinc-10-mg","status":"publish","type":"product","link":"https:\/\/compraencieza.es\/en\/product\/vitamina-c-1000-mg-zinc-10-mg\/","title":{"rendered":"Vitamina C 1000 mg + zinc 10 mg"},"content":{"rendered":"<div class=\"product-precontenido\">\n<p>Descripci\u00f3n<\/p>\n<\/div>\n<div class=\"product-contenido\">\n<p><strong>Vitamina C 1.000 mg + Zinc comprimidos<\/strong>\u00a0de Nature Essential est\u00e1 formulada con Vitamina C y Zinc que tienen propiedades que ayudan a las defensas, activando al sistema inmunitario.<\/p>\n<p>La vitamina C destaca por su gran capacidad antioxidante, contribuye a la activaci\u00f3n y funcionamiento normal del sistema inmunitario, ayuda contra el cansancio y la fatiga, mejora la absorci\u00f3n de otras vitaminas y es necesaria para la producci\u00f3n de col\u00e1geno, huesos, m\u00fasculos y hormonas. El Zinc ayuda a la activaci\u00f3n del sistema inmunol\u00f3gico y contribuye a la formaci\u00f3n y regeneraci\u00f3n del cabello y las u\u00f1as.<\/p>\n<p><strong>Active nutrients:<\/strong> Vitamina C (\u00c1cido Asc\u00f3rbico) y Gluconato de Zinc.<\/p>\n<table border=\"1\" cellspacing=\"0\">\n<tbody>\n<tr>\n<td><strong>NUTRIENTS<\/strong><\/td>\n<td><strong>AMOUNT<\/strong><\/td>\n<td><strong>WEALTH<\/strong><\/td>\n<td><strong>CONTRIBUTE<\/strong><\/td>\n<td><strong>% VRN<\/strong><\/td>\n<\/tr>\n<tr>\n<td>Vitamina C 97% (\u00c1cido asc\u00f3rbico)<\/td>\n<td>1.030,92 mg<\/td>\n<td>97%<\/td>\n<td>1.000 mg Vitamina C<\/td>\n<td>1.250%<\/td>\n<\/tr>\n<tr>\n<td>Zinc Gluconato<\/td>\n<td>83,3 mg<\/td>\n<td>12%<\/td>\n<td>10 mg Zinc<\/td>\n<td>100%<\/td>\n<\/tr>\n<\/tbody>\n<\/table>\n<p>*VRN: Valores de Referencia de Nutrientes<\/p>\n<p><strong>Instructions for Use:<\/strong>\u00a0Como complemento en la dieta tomar un (1) comprimido al d\u00eda con abundante agua. En periodos prolongados de tratamiento se recomienda hacer descansos de consumo, para garantizar el efecto deseado.<\/p>\n<p>Caracter\u00edsticas principales de Vitamina C 1.000 mg + Zinc comprimidos:<\/p>\n<p>&nbsp;<\/p>\n<div class=\"et-custom-list etlist-check\">\n<ul>\n<li>Allergen-free product in accordance with Regulation (EU) No. 1169\/2011.<\/li>\n<li>It does not contain gluten or lactose.<\/li>\n<li>Sabor naranja.<\/li>\n<li>Complemento alimenticios a base de vitamina y mineral.<\/li>\n<li>Envase para 60-120 d\u00edas de uso.<\/li>\n<\/ul>\n<\/div>\n<\/div>","protected":false},"excerpt":{"rendered":"<ul class=\"listado_caracteristicas-producto\">\n<li class=\"caracteristica-producto\">Activa al sistema inmune.<\/li>\n<li class=\"caracteristica-producto\">Ayuda a las defensas.<\/li>\n<li class=\"caracteristica-producto\">Combate el cansancio.<\/li>\n<li class=\"caracteristica-producto\">La vitamina C contribuye al funcionamiento normal del sistema inmunitario..<\/li>\n<\/ul>","protected":false},"featured_media":5223,"comment_status":"open","ping_status":"closed","template":"","meta":{"_acf_changed":false,"inline_featured_image":false},"product_cat":[105],"product_tag":[832,2775,133,955,989,839,824,993,2942,826,730,734,1184,1120,346,1830,1831,538,1193,2866,199,216,739,1200,352,393,405,355,876,2668,422,358,2943,2944],"genre":[],"class_list":{"0":"post-5932","1":"product","2":"type-product","3":"status-publish","4":"has-post-thumbnail","6":"product_cat-salud","7":"product_tag-acido","8":"product_tag-ascorbico","9":"product_tag-bio","10":"product_tag-bio-dis","11":"product_tag-biodis","12":"product_tag-c","13":"product_tag-cansancio","14":"product_tag-cinc","15":"product_tag-cink","16":"product_tag-defensas","17":"product_tag-dis","18":"product_tag-essential","19":"product_tag-extracto","20":"product_tag-gluconato","21":"product_tag-gluten","22":"product_tag-inmune","23":"product_tag-inmunitario","24":"product_tag-lactosa","25":"product_tag-libre","26":"product_tag-nanture","27":"product_tag-naranja","28":"product_tag-natural","29":"product_tag-obire","30":"product_tag-planta","31":"product_tag-plantas","32":"product_tag-sabor","33":"product_tag-seco","34":"product_tag-sin","35":"product_tag-sistema","36":"product_tag-vitalidad","37":"product_tag-vitamina","38":"product_tag-vitaminas","39":"product_tag-zin","40":"product_tag-zinck","42":"first","43":"instock","44":"taxable","45":"shipping-taxable","46":"purchasable","47":"product-type-variable","48":"add-to-wishlist-after_add_to_cart"},"acf":[],"_links":{"self":[{"href":"https:\/\/compraencieza.es\/en\/wp-json\/wp\/v2\/product\/5932","targetHints":{"allow":["GET"]}}],"collection":[{"href":"https:\/\/compraencieza.es\/en\/wp-json\/wp\/v2\/product"}],"about":[{"href":"https:\/\/compraencieza.es\/en\/wp-json\/wp\/v2\/types\/product"}],"replies":[{"embeddable":true,"href":"https:\/\/compraencieza.es\/en\/wp-json\/wp\/v2\/comments?post=5932"}],"wp:featuredmedia":[{"embeddable":true,"href":"https:\/\/compraencieza.es\/en\/wp-json\/wp\/v2\/media\/5223"}],"wp:attachment":[{"href":"https:\/\/compraencieza.es\/en\/wp-json\/wp\/v2\/media?parent=5932"}],"wp:term":[{"taxonomy":"product_cat","embeddable":true,"href":"https:\/\/compraencieza.es\/en\/wp-json\/wp\/v2\/product_cat?post=5932"},{"taxonomy":"product_tag","embeddable":true,"href":"https:\/\/compraencieza.es\/en\/wp-json\/wp\/v2\/product_tag?post=5932"},{"taxonomy":"product_brand","embeddable":true,"href":"https:\/\/compraencieza.es\/en\/wp-json\/wp\/v2\/genre?post=5932"}],"curies":[{"name":"wp","href":"https:\/\/api.w.org\/{rel}","templated":true}]}}