{"id":5935,"date":"2025-01-09T17:10:42","date_gmt":"2025-01-09T16:10:42","guid":{"rendered":"https:\/\/compraencieza.es\/?post_type=product&#038;p=5935"},"modified":"2025-01-09T17:21:54","modified_gmt":"2025-01-09T16:21:54","slug":"aceite-de-onagra-500-mg-100-perlas","status":"publish","type":"product","link":"https:\/\/compraencieza.es\/en\/product\/aceite-de-onagra-500-mg-100-perlas\/","title":{"rendered":"Evening primrose oil 500 mg. 100 pearls"},"content":{"rendered":"<div class=\"product-precontenido\">\n<ul class=\"listado_caracteristicas-producto\">\n<li class=\"caracteristica-producto\">10% GLA (\u00c1cido gamma-linol\u00e9nico).<\/li>\n<li class=\"caracteristica-producto\">Primera presi\u00f3n en fr\u00edo.<\/li>\n<\/ul>\n<\/div>\n<div class=\"product-contenido\">\n<h2>Descripci\u00f3n<\/h2>\n<p><strong>Active nutrients:<\/strong>\u00a0Aceite de Onagra y Vitamina E (Alfa-tocoferol).\u00a0<strong>(Ver ficha t\u00e9cnica)<\/strong><\/p>\n<table border=\"1\" cellspacing=\"0\">\n<tbody>\n<tr>\n<td><strong>NUTRIENTS<\/strong><\/td>\n<td><strong>AMOUNT<\/strong><\/td>\n<td><strong>WEALTH<\/strong><\/td>\n<td><strong>CONTRIBUTE<\/strong><\/td>\n<td><strong>*%VRN<\/strong><\/td>\n<\/tr>\n<tr>\n<td>Aceite de Onagra<\/td>\n<td>500 mg<\/td>\n<td>10%<\/td>\n<td>50 mg GLA (\u00c1cido Gammalinol\u00e9ico)<\/td>\n<td>\u2013<\/td>\n<\/tr>\n<tr>\n<td>Vitamina E Natural (D-Alfa Tocoferol)<\/td>\n<td>3,35 mg<\/td>\n<td>\u2013<\/td>\n<td>\u2013<\/td>\n<td>27,92%<\/td>\n<\/tr>\n<\/tbody>\n<\/table>\n<p>*VRN: Valores de Referencia de Nutrientes<\/p>\n<p><strong>Instructions for Use:<\/strong>\u00a0Como complemento en la dieta tomar dos (2) perlas al d\u00eda. En periodos prolongados de tratamiento se recomienda hacer descansos de consumo, para garantizar el efecto deseado.<\/p>\n<p>Caracter\u00edsticas principales del Aceite de Onagra 500 mg perlas:<\/p>\n<p>&nbsp;<\/p>\n<div class=\"et-custom-list etlist-check\">\n<ul>\n<li>Allergen-free product in accordance with Regulation (EU) No. 1169\/2011.<\/li>\n<li>No contiene Gluten ni lactosa.<\/li>\n<li>Extracci\u00f3n del aceite por presi\u00f3n en fr\u00edo.<\/li>\n<li>Complemento alimenticios a base de aceite natural.<\/li>\n<li>Packaging for 50 days of use.<\/li>\n<li>Formato perla, que protege al aceite de la oxidaci\u00f3n.<\/li>\n<\/ul>\n<\/div>\n<p>&nbsp;<\/p>\n<p>Warnings: Food supplements should not be used as a substitute for a varied and balanced diet. A healthy lifestyle is recommended. Do not exceed the recommended daily amount. Store in a cool, dry place away from sunlight. Keep out of reach of small children. Consult your doctor if you are pregnant or breastfeeding.<\/p>\n<\/div>","protected":false},"excerpt":{"rendered":"<p>1.\u00a0<b>Salud hormonal<\/b>: El aceite de onagra es rico en \u00e1cido gamma-linol\u00e9nico (GLA), un tipo de \u00e1cido graso omega-6 que puede ayudar a regular el equilibrio hormonal, lo que lo hace popular entre las mujeres para aliviar s\u00edntomas del s\u00edndrome premenstrual (SPM) y la menopausia.<\/p>\n<p>2.\u00a0<b>Anti-inflammatory properties<\/b>: Gracias a su contenido de GLA, el aceite de onagra puede ayudar a reducir la inflamaci\u00f3n en el cuerpo, lo que puede ser beneficioso para personas con condiciones como artritis o dermatitis.<\/p>\n<p>3.\u00a0<b>Salud de la piel<\/b>: Se ha utilizado para mejorar la salud de la piel, ayudando a tratar afecciones como el eczema y la psoriasis. Puede contribuir a mantener la piel hidratada y mejorar su apariencia general.<\/p>\n<p>4.\u00a0<b>Apoyo cardiovascular<\/b>: Algunos estudios sugieren que el aceite de onagra puede ayudar a mantener niveles saludables de colesterol y presi\u00f3n arterial, lo que contribuye a la salud del coraz\u00f3n.<\/p>\n<p>5.\u00a0<b>Mejora del estado de \u00e1nimo<\/b>: Se ha observado que el GLA puede tener un efecto positivo en el estado de \u00e1nimo y puede ser \u00fatil en el manejo de s\u00edntomas de depresi\u00f3n y ansiedad.<\/p>\n<p>6.\u00a0<b>Salud del cabello<\/b>: Algunas personas utilizan el aceite de onagra para promover un cabello m\u00e1s saludable y fuerte, ya que puede ayudar a mejorar la hidrataci\u00f3n del cuero cabelludo.<\/p>","protected":false},"featured_media":5226,"comment_status":"open","ping_status":"closed","template":"","meta":{"_acf_changed":false,"inline_featured_image":false},"product_cat":[105],"product_tag":[131,832,1076,1278,2058,132,578,2161,2735,133,955,989,2379,1927,934,958,960,1777,2184,2945,730,2946,2913,734,1089,1184,2947,2948,2914,346,1272,2670,2537,2538,585,538,1193,2818,2469,2397,2866,216,739,1002,2542,202,604,1200,352,2949,2674,544,2141,590,405,355,2676,2677,658,190],"genre":[],"class_list":{"0":"post-5935","1":"product","2":"type-product","3":"status-publish","4":"has-post-thumbnail","6":"product_cat-salud","7":"product_tag-aceite","8":"product_tag-acido","9":"product_tag-animico","10":"product_tag-animo","11":"product_tag-ansiedad","12":"product_tag-anti","13":"product_tag-antiinflamatorio","14":"product_tag-arterias","15":"product_tag-artritis","16":"product_tag-bio","17":"product_tag-bio-dis","18":"product_tag-biodis","19":"product_tag-cabelludo","20":"product_tag-cardiovascular","21":"product_tag-circulacion","22":"product_tag-colesterol","23":"product_tag-corazon","24":"product_tag-cuero","25":"product_tag-depresion","26":"product_tag-dermatitis","27":"product_tag-dis","28":"product_tag-ecema","29":"product_tag-eczema","30":"product_tag-essential","31":"product_tag-estado","32":"product_tag-extracto","33":"product_tag-fuerte","34":"product_tag-gamma","35":"product_tag-gla","36":"product_tag-gluten","37":"product_tag-graso","38":"product_tag-hidratada","39":"product_tag-hormonal","40":"product_tag-hormonas","41":"product_tag-inflamatorio","42":"product_tag-lactosa","43":"product_tag-libre","44":"product_tag-linolenico","45":"product_tag-menopausia","46":"product_tag-menstruacion","47":"product_tag-nanture","48":"product_tag-natural","49":"product_tag-obire","50":"product_tag-omega","51":"product_tag-onagra","52":"product_tag-pelo","53":"product_tag-piel","54":"product_tag-planta","55":"product_tag-plantas","56":"product_tag-positivo","57":"product_tag-premenstrual","58":"product_tag-presion","59":"product_tag-psoriasis","60":"product_tag-salud","61":"product_tag-seco","62":"product_tag-sin","63":"product_tag-sindrome","64":"product_tag-spm","65":"product_tag-tension","66":"product_tag-unas","68":"first","69":"outofstock","70":"taxable","71":"shipping-taxable","72":"purchasable","73":"product-type-simple","74":"add-to-wishlist-after_add_to_cart"},"acf":[],"_links":{"self":[{"href":"https:\/\/compraencieza.es\/en\/wp-json\/wp\/v2\/product\/5935","targetHints":{"allow":["GET"]}}],"collection":[{"href":"https:\/\/compraencieza.es\/en\/wp-json\/wp\/v2\/product"}],"about":[{"href":"https:\/\/compraencieza.es\/en\/wp-json\/wp\/v2\/types\/product"}],"replies":[{"embeddable":true,"href":"https:\/\/compraencieza.es\/en\/wp-json\/wp\/v2\/comments?post=5935"}],"wp:featuredmedia":[{"embeddable":true,"href":"https:\/\/compraencieza.es\/en\/wp-json\/wp\/v2\/media\/5226"}],"wp:attachment":[{"href":"https:\/\/compraencieza.es\/en\/wp-json\/wp\/v2\/media?parent=5935"}],"wp:term":[{"taxonomy":"product_cat","embeddable":true,"href":"https:\/\/compraencieza.es\/en\/wp-json\/wp\/v2\/product_cat?post=5935"},{"taxonomy":"product_tag","embeddable":true,"href":"https:\/\/compraencieza.es\/en\/wp-json\/wp\/v2\/product_tag?post=5935"},{"taxonomy":"product_brand","embeddable":true,"href":"https:\/\/compraencieza.es\/en\/wp-json\/wp\/v2\/genre?post=5935"}],"curies":[{"name":"wp","href":"https:\/\/api.w.org\/{rel}","templated":true}]}}