{"id":5936,"date":"2025-01-09T17:10:42","date_gmt":"2025-01-09T16:10:42","guid":{"rendered":"https:\/\/compraencieza.es\/?post_type=product&#038;p=5936"},"modified":"2025-01-09T17:21:55","modified_gmt":"2025-01-09T16:21:55","slug":"aceite-de-semilla-de-calabaza-500-mg-50-perlas","status":"publish","type":"product","link":"https:\/\/compraencieza.es\/en\/product\/aceite-de-semilla-de-calabaza-500-mg-50-perlas\/","title":{"rendered":"Pumpkin seed oil 500 mg. 50 pearls"},"content":{"rendered":"<h2>Descripci\u00f3n<\/h2>\n<p><strong>Active nutrients:<\/strong> Aceite de Semilla de Calabaza y Vitamina E (Alfa tocoferol).<\/p>\n<table border=\"1\" cellspacing=\"0\">\n<tbody>\n<tr>\n<td><strong>NUTRIENTS<\/strong><\/td>\n<td><strong>AMOUNT<\/strong><\/td>\n<td><strong>WEALTH<\/strong><\/td>\n<td><strong>CONTRIBUTE<\/strong><\/td>\n<td><strong>*%VRN<\/strong><\/td>\n<\/tr>\n<tr>\n<td>Aceite de semilla de calabaza<\/td>\n<td>500 mg<\/td>\n<td>85%<\/td>\n<td>425 mg \u00c1cidos grasos<\/td>\n<td>\u2013<\/td>\n<\/tr>\n<tr>\n<td>Vitamina E Natural (D-Alfa Tocoferol)<\/td>\n<td>10 mg<\/td>\n<td>\u2013<\/td>\n<td>\u2013<\/td>\n<td>27,92%<\/td>\n<\/tr>\n<\/tbody>\n<\/table>\n<p>*VRN: Valores de Referencia de Nutrientes<\/p>\n<p><strong>Instructions for Use:<\/strong>\u00a0Como complemento en la dieta tomar una (1) perla al d\u00eda. En periodos prolongados de tratamiento se recomienda hacer descansos de consumo, para garantizar el efecto deseado.<\/p>\n<p>Caracter\u00edsticas principales de Aceite de Semillas de Calabaza 500 mg perlas:<\/p>\n<p>&nbsp;<\/p>\n<div class=\"et-custom-list etlist-check\">\n<ul>\n<li>Allergen-free product in accordance with Regulation (EU) No. 1169\/2011.<\/li>\n<li>No contiene Gluten ni lactosa.<\/li>\n<li>Complemento alimenticios a base de aceite natural.<\/li>\n<li>Packaging for 50 days of use.<\/li>\n<li>Formato perla, que protege al aceite de la oxidaci\u00f3n.<\/li>\n<\/ul>\n<\/div>\n<p>&nbsp;<\/p>\n<p>Warnings: Food supplements should not be used as a substitute for a varied and balanced diet. A healthy lifestyle is recommended. Do not exceed the recommended daily amount. Store in a cool, dry place away from sunlight. Keep out of reach of small children. Consult your doctor if you are pregnant or breastfeeding.<\/p>","protected":false},"excerpt":{"rendered":"<p>1.\u00a0<b>Salud de la pr\u00f3stata<\/b>: Se ha asociado con la salud prost\u00e1tica, y algunos estudios sugieren que puede ayudar a reducir los s\u00edntomas de hiperplasia prost\u00e1tica benigna (HPB), que es el agrandamiento de la pr\u00f3stata.<\/p>\n<p>2.\u00a0<b>Anti-inflammatory properties<\/b>: El aceite de semilla de calabaza contiene antioxidantes y \u00e1cidos grasos que pueden ayudar a reducir la inflamaci\u00f3n en el cuerpo, lo que es beneficioso para diversas condiciones de salud.<\/p>\n<p>3.\u00a0<b>Salud del coraz\u00f3n<\/b>: Es rico en \u00e1cidos grasos saludables, como el \u00e1cido linoleico, que pueden contribuir a la salud cardiovascular al ayudar a mantener niveles saludables de colesterol.<\/p>\n<p>4.\u00a0<b>Mejora de la salud de la piel<\/b>: Gracias a su contenido de antioxidantes y \u00e1cidos grasos, puede ayudar a mantener la piel hidratada y mejorar su apariencia, as\u00ed como a tratar afecciones cut\u00e1neas.<\/p>\n<p>5.\u00a0<b>Apoyo en la salud digestiva<\/b>: El aceite de semilla de calabaza puede ayudar a mejorar la salud digestiva y aliviar problemas como el estre\u00f1imiento, gracias a su contenido de fibra y nutrientes.<\/p>\n<p>6.\u00a0<b>Beneficios para el cabello<\/b>: Se ha utilizado para promover un cabello m\u00e1s saludable y fuerte, ya que puede ayudar a nutrir el cuero cabelludo y prevenir la ca\u00edda del cabello.<\/p>\n<p>7.\u00a0<b>Efecto positivo en el estado de \u00e1nimo<\/b>: Algunos estudios sugieren que los nutrientes presentes en el aceite de semilla de calabaza pueden tener un efecto positivo en el estado de \u00e1nimo y la salud mental.<\/p>","protected":false},"featured_media":5227,"comment_status":"open","ping_status":"closed","template":"","meta":{"_acf_changed":false,"inline_featured_image":false},"product_cat":[105],"product_tag":[131,2660,2950,1076,2951,578,1313,1748,133,955,989,195,275,2730,674,1927,934,958,960,2184,2172,730,412,734,1089,2027,180,346,2663,2952,144,2670,2953,2954,1122,585,538,1350,1193,2817,1093,2866,216,968,875,739,604,1200,352,2955,1494,657,2956,2957,1508,590,700,971,1868,355,1139,422],"genre":[],"class_list":{"0":"post-5936","1":"product","2":"type-product","3":"status-publish","4":"has-post-thumbnail","6":"product_cat-salud","7":"product_tag-aceite","8":"product_tag-acidos","9":"product_tag-aintiinflamatorias","10":"product_tag-animico","11":"product_tag-anitmo","12":"product_tag-antiinflamatorio","13":"product_tag-antioxidantes","14":"product_tag-apariencia","15":"product_tag-bio","16":"product_tag-bio-dis","17":"product_tag-biodis","18":"product_tag-cabello","19":"product_tag-caida","20":"product_tag-calabaza","21":"product_tag-cardiaco","22":"product_tag-cardiovascular","23":"product_tag-circulacion","24":"product_tag-colesterol","25":"product_tag-corazon","26":"product_tag-depresion","27":"product_tag-digestiva","28":"product_tag-dis","29":"product_tag-e","30":"product_tag-essential","31":"product_tag-estado","32":"product_tag-estrenimiento","33":"product_tag-fibra","34":"product_tag-gluten","35":"product_tag-grasos","36":"product_tag-hbp","37":"product_tag-hidrata","38":"product_tag-hidratada","39":"product_tag-hiperplasia","40":"product_tag-hpb","41":"product_tag-inflamacion","42":"product_tag-inflamatorio","43":"product_tag-lactosa","44":"product_tag-laxante","45":"product_tag-libre","46":"product_tag-linoleico","47":"product_tag-mental","48":"product_tag-nanture","49":"product_tag-natural","50":"product_tag-niveles","51":"product_tag-nutrientes","52":"product_tag-obire","53":"product_tag-piel","54":"product_tag-planta","55":"product_tag-plantas","56":"product_tag-postatica","57":"product_tag-prevenir","58":"product_tag-previene","59":"product_tag-prostata","60":"product_tag-reducen","61":"product_tag-reducir","62":"product_tag-salud","63":"product_tag-sangre","64":"product_tag-semilla","65":"product_tag-semillas","66":"product_tag-sin","67":"product_tag-tocoferol","68":"product_tag-vitamina","70":"first","71":"instock","72":"taxable","73":"shipping-taxable","74":"purchasable","75":"product-type-simple","76":"add-to-wishlist-after_add_to_cart"},"acf":[],"_links":{"self":[{"href":"https:\/\/compraencieza.es\/en\/wp-json\/wp\/v2\/product\/5936","targetHints":{"allow":["GET"]}}],"collection":[{"href":"https:\/\/compraencieza.es\/en\/wp-json\/wp\/v2\/product"}],"about":[{"href":"https:\/\/compraencieza.es\/en\/wp-json\/wp\/v2\/types\/product"}],"replies":[{"embeddable":true,"href":"https:\/\/compraencieza.es\/en\/wp-json\/wp\/v2\/comments?post=5936"}],"wp:featuredmedia":[{"embeddable":true,"href":"https:\/\/compraencieza.es\/en\/wp-json\/wp\/v2\/media\/5227"}],"wp:attachment":[{"href":"https:\/\/compraencieza.es\/en\/wp-json\/wp\/v2\/media?parent=5936"}],"wp:term":[{"taxonomy":"product_cat","embeddable":true,"href":"https:\/\/compraencieza.es\/en\/wp-json\/wp\/v2\/product_cat?post=5936"},{"taxonomy":"product_tag","embeddable":true,"href":"https:\/\/compraencieza.es\/en\/wp-json\/wp\/v2\/product_tag?post=5936"},{"taxonomy":"product_brand","embeddable":true,"href":"https:\/\/compraencieza.es\/en\/wp-json\/wp\/v2\/genre?post=5936"}],"curies":[{"name":"wp","href":"https:\/\/api.w.org\/{rel}","templated":true}]}}