{"id":5938,"date":"2025-01-09T17:10:42","date_gmt":"2025-01-09T16:10:42","guid":{"rendered":"https:\/\/compraencieza.es\/?post_type=product&#038;p=5938"},"modified":"2025-01-09T17:21:54","modified_gmt":"2025-01-09T16:21:54","slug":"pinzas-de-depilar-punta-recta-pavonada","status":"publish","type":"product","link":"https:\/\/compraencieza.es\/en\/product\/pinzas-de-depilar-punta-recta-pavonada\/","title":{"rendered":"Pinzas de depilar punta recta, pavonada"},"content":{"rendered":"<p>La aut\u00e9ntica y genuina pinza Beter negra, inconfundible e inimitable. Su punta recta permite una sujeci\u00f3n f\u00e1cil y firme del pelo a retirar.<\/p>\n<p>M\u00e1xima precisi\u00f3n y eficacia.<\/p>","protected":false},"excerpt":{"rendered":"<p>Pulida y alineada individualmente a mano, garantiza una optima depilaci\u00f3n. el dise\u00f1o de su punta permite una sujeci\u00f3n f\u00e1cil y firme del pelo a retirar.<\/p>","protected":false},"featured_media":5229,"comment_status":"open","ping_status":"closed","template":"","meta":{"_acf_changed":false,"inline_featured_image":false},"product_cat":[106],"product_tag":[2965,2966,176,1846,1944,1945,2967,2968,202,304,2969,2970,2971,2972,2973,2974],"genre":[],"class_list":{"0":"post-5938","1":"product","2":"type-product","3":"status-publish","4":"has-post-thumbnail","6":"product_cat-belleza","7":"product_tag-a-mano","8":"product_tag-alineada-individualmente","9":"product_tag-beter","10":"product_tag-better","11":"product_tag-depilacion","12":"product_tag-depilar","13":"product_tag-dpilar","14":"product_tag-garantiza","15":"product_tag-pelo","16":"product_tag-pinza","17":"product_tag-pinzas","18":"product_tag-povanada","19":"product_tag-pulida","20":"product_tag-punta","21":"product_tag-recta","22":"product_tag-retirar","24":"first","25":"onbackorder","26":"taxable","27":"shipping-taxable","28":"purchasable","29":"product-type-simple","30":"add-to-wishlist-after_add_to_cart"},"acf":[],"_links":{"self":[{"href":"https:\/\/compraencieza.es\/en\/wp-json\/wp\/v2\/product\/5938","targetHints":{"allow":["GET"]}}],"collection":[{"href":"https:\/\/compraencieza.es\/en\/wp-json\/wp\/v2\/product"}],"about":[{"href":"https:\/\/compraencieza.es\/en\/wp-json\/wp\/v2\/types\/product"}],"replies":[{"embeddable":true,"href":"https:\/\/compraencieza.es\/en\/wp-json\/wp\/v2\/comments?post=5938"}],"wp:featuredmedia":[{"embeddable":true,"href":"https:\/\/compraencieza.es\/en\/wp-json\/wp\/v2\/media\/5229"}],"wp:attachment":[{"href":"https:\/\/compraencieza.es\/en\/wp-json\/wp\/v2\/media?parent=5938"}],"wp:term":[{"taxonomy":"product_cat","embeddable":true,"href":"https:\/\/compraencieza.es\/en\/wp-json\/wp\/v2\/product_cat?post=5938"},{"taxonomy":"product_tag","embeddable":true,"href":"https:\/\/compraencieza.es\/en\/wp-json\/wp\/v2\/product_tag?post=5938"},{"taxonomy":"product_brand","embeddable":true,"href":"https:\/\/compraencieza.es\/en\/wp-json\/wp\/v2\/genre?post=5938"}],"curies":[{"name":"wp","href":"https:\/\/api.w.org\/{rel}","templated":true}]}}