{"id":5940,"date":"2025-01-09T17:10:43","date_gmt":"2025-01-09T16:10:43","guid":{"rendered":"https:\/\/compraencieza.es\/?post_type=product&#038;p=5940"},"modified":"2025-01-09T17:24:32","modified_gmt":"2025-01-09T16:24:32","slug":"magnesio-300-mg-quelado-50-comprimidos","status":"publish","type":"product","link":"https:\/\/compraencieza.es\/en\/product\/magnesio-300-mg-quelado-50-comprimidos\/","title":{"rendered":"Magnesium 300 mg. (Chelated) 50 tablets"},"content":{"rendered":"<div class=\"product-precontenido\">\n<ul class=\"listado_caracteristicas-producto\">\n<li class=\"caracteristica-producto\">Combate el cansancio.<\/li>\n<li class=\"caracteristica-producto\">Contribuye al buen funcionamiento del sistema nervioso y psicol\u00f3gico.<\/li>\n<li class=\"caracteristica-producto\">Favorece el correcto funcionamiento de los m\u00fasculos.<\/li>\n<li class=\"caracteristica-producto\">Nos ayuda a la formaci\u00f3n de los huesos..<\/li>\n<\/ul>\n<\/div>\n<div class=\"product-contenido\">\n<h2>Descripci\u00f3n<\/h2>\n<p><strong>Magnesio quelado 300 mg comprimidos<\/strong>\u00a0de Nature Essential est\u00e1 formulado con Magnesio que es necesario para los huesos, para el funcionamiento del sistema muscular y contribuye al buen funcionamiento del sistema nervioso y psicol\u00f3gico.<\/p>\n<p>El Magnesio es el cuarto mineral m\u00e1s abundante de nuestro cuerpo y por lo tanto, interviene en muchos procesos importantes de nuestro organismo. Por ejemplos es necesario para la s\u00edntesis del ADN y de diversas prote\u00ednas y ayuda como cofactor de muchas rutas metab\u00f3licas. La mayor\u00eda del magnesio de nuestro organismo se encuentra en los huesos, siendo necesario este mineral para su mantenimiento. Por lo tanto es esencial para su formaci\u00f3n y reparaci\u00f3n. Este mineral es importante para el rendimiento cuando hacemos ejercicio, favoreciendo al metabolismo energ\u00e9tico, disminuyendo el cansancio y la fatiga, ayudando al equilibrio electrol\u00edtico, contribuyendo al funcionamiento normal de los m\u00fasculos y favoreciendo la s\u00edntesis proteica. El magnesio tambi\u00e9n forma parte fundamental del sistema nervioso y psicol\u00f3gico de nuestro organismo. Esto a su vez, ayuda a relajarnos y por lo tanto, tambi\u00e9n nos ayuda a dormir.<\/p>\n<p><strong>Active nutrients:<\/strong>\u00a0\u00d3xido de Magnesio.\u00a0<strong>(Ver ficha t\u00e9cnica)<\/strong><\/p>\n<table border=\"1\" cellspacing=\"0\">\n<tbody>\n<tr>\n<td><strong>NUTRIENTS<\/strong><\/td>\n<td><strong>AMOUNT<\/strong><\/td>\n<td><strong>WEALTH<\/strong><\/td>\n<td><strong>CONTRIBUTE<\/strong><\/td>\n<td><strong>*%VRN<\/strong><\/td>\n<\/tr>\n<tr>\n<td>Magnesio Quelado<\/td>\n<td>300 mg<\/td>\n<td>20%<\/td>\n<td>60 mg Magnesio<\/td>\n<td>16%<\/td>\n<\/tr>\n<\/tbody>\n<\/table>\n<p>*VRN: Valores de Referencia de Nutrientes<\/p>\n<p><strong>Instructions for Use:<\/strong>\u00a0Como complemento en la dieta tomar cinco (5) comprimidos al d\u00eda. En periodos prolongados de tratamiento se recomienda hacer descansos de consumo, para garantizar el efecto deseado.<\/p>\n<p>Caracter\u00edsticas principales de Magnesio quelado 300 mg comprimidos:<\/p>\n<p>&nbsp;<\/p>\n<div class=\"et-custom-list etlist-check\">\n<ul>\n<li>Allergen-free product in accordance with Regulation (EU) No. 1169\/2011.<\/li>\n<li>It does not contain gluten or lactose.<\/li>\n<li>Complemento alimenticios a base de mineral.<\/li>\n<\/ul>\n<\/div>\n<p>&nbsp;<\/p>\n<p>Warnings: Food supplements should not be used as a substitute for a varied and balanced diet. A healthy lifestyle is recommended. Do not exceed the recommended daily amount. Store in a cool, dry place away from sunlight. Keep out of reach of small children. Consult your doctor if you are pregnant or breastfeeding.<\/p>\n<\/div>","protected":false},"excerpt":{"rendered":"<p>Functions:<\/p>\n<p>1.\u00a0<b>Soporte Muscular<\/b>: El magnesio es esencial para la funci\u00f3n muscular adecuada. Ayuda a prevenir calambres y espasmos musculares, y puede ser beneficioso para quienes realizan actividad f\u00edsica intensa.<\/p>\n<p>2.\u00a0<b>Salud \u00d3sea<\/b>: Contribuye a la salud de los huesos, ya que el magnesio juega un papel importante en la formaci\u00f3n de hueso y en la regulaci\u00f3n del calcio.<\/p>\n<p>3.\u00a0<b>Funci\u00f3n Nerviosa<\/b>: Es crucial para la transmisi\u00f3n de impulsos nerviosos, lo que ayuda a mantener un sistema nervioso saludable y puede contribuir a la reducci\u00f3n del estr\u00e9s y la ansiedad.<\/p>\n<p>4.\u00a0<b>Metabolismo Energ\u00e9tico<\/b>: Participa en la conversi\u00f3n de alimentos en energ\u00eda, lo que puede ayudar a combatir la fatiga y mejorar el rendimiento f\u00edsico.<\/p>\n<p>5.\u00a0<b>Regulaci\u00f3n del Sue\u00f1o<\/b>: El magnesio puede ayudar a mejorar la calidad del sue\u00f1o, ya que tiene un efecto relajante sobre el sistema nervioso.<\/p>\n<p>6.\u00a0<b>Equilibrio Electroqu\u00edmico<\/b>: Ayuda a mantener el equilibrio de electrolitos en el cuerpo, lo cual es importante para la funci\u00f3n celular y la hidrataci\u00f3n.<\/p>","protected":false},"featured_media":5232,"comment_status":"open","ping_status":"closed","template":"","meta":{"_acf_changed":false,"inline_featured_image":false},"product_cat":[105],"product_tag":[2839,2058,133,955,989,2984,1361,824,730,1635,2396,734,1090,827,2846,821,346,828,2559,538,1193,2985,864,785,1129,755,2866,216,1195,739,2082,2986,1200,352,1283,2987,786,128,590,1288,355,876,2988,256],"genre":[],"class_list":{"0":"post-5940","1":"product","2":"type-product","3":"status-publish","4":"has-post-thumbnail","6":"product_cat-salud","7":"product_tag-actividad","8":"product_tag-ansiedad","9":"product_tag-bio","10":"product_tag-bio-dis","11":"product_tag-biodis","12":"product_tag-calambres","13":"product_tag-calidad","14":"product_tag-cansancio","15":"product_tag-dis","16":"product_tag-energetico","17":"product_tag-espasmos","18":"product_tag-essential","19":"product_tag-estres","20":"product_tag-fatiga","21":"product_tag-fisica","22":"product_tag-gimnasio","23":"product_tag-gluten","24":"product_tag-huesos","25":"product_tag-intensa","26":"product_tag-lactosa","27":"product_tag-libre","28":"product_tag-magenesio","29":"product_tag-magnesio","30":"product_tag-metabolismo","31":"product_tag-muscular","32":"product_tag-musculos","33":"product_tag-nanture","34":"product_tag-natural","35":"product_tag-nervioso","36":"product_tag-obire","37":"product_tag-osea","38":"product_tag-oseo","39":"product_tag-planta","40":"product_tag-plantas","41":"product_tag-psicologico","42":"product_tag-quelado","43":"product_tag-regula","44":"product_tag-relajante","45":"product_tag-salud","46":"product_tag-sicologico","47":"product_tag-sin","48":"product_tag-sistema","49":"product_tag-soporte","50":"product_tag-sueno","52":"first","53":"instock","54":"taxable","55":"shipping-taxable","56":"purchasable","57":"product-type-simple","58":"add-to-wishlist-after_add_to_cart"},"acf":[],"_links":{"self":[{"href":"https:\/\/compraencieza.es\/en\/wp-json\/wp\/v2\/product\/5940","targetHints":{"allow":["GET"]}}],"collection":[{"href":"https:\/\/compraencieza.es\/en\/wp-json\/wp\/v2\/product"}],"about":[{"href":"https:\/\/compraencieza.es\/en\/wp-json\/wp\/v2\/types\/product"}],"replies":[{"embeddable":true,"href":"https:\/\/compraencieza.es\/en\/wp-json\/wp\/v2\/comments?post=5940"}],"wp:featuredmedia":[{"embeddable":true,"href":"https:\/\/compraencieza.es\/en\/wp-json\/wp\/v2\/media\/5232"}],"wp:attachment":[{"href":"https:\/\/compraencieza.es\/en\/wp-json\/wp\/v2\/media?parent=5940"}],"wp:term":[{"taxonomy":"product_cat","embeddable":true,"href":"https:\/\/compraencieza.es\/en\/wp-json\/wp\/v2\/product_cat?post=5940"},{"taxonomy":"product_tag","embeddable":true,"href":"https:\/\/compraencieza.es\/en\/wp-json\/wp\/v2\/product_tag?post=5940"},{"taxonomy":"product_brand","embeddable":true,"href":"https:\/\/compraencieza.es\/en\/wp-json\/wp\/v2\/genre?post=5940"}],"curies":[{"name":"wp","href":"https:\/\/api.w.org\/{rel}","templated":true}]}}