{"id":5941,"date":"2025-01-09T17:10:43","date_gmt":"2025-01-09T16:10:43","guid":{"rendered":"https:\/\/compraencieza.es\/?post_type=product&#038;p=5941"},"modified":"2025-01-09T17:24:32","modified_gmt":"2025-01-09T16:24:32","slug":"calcio-500-vitamina-d-50-comprimidos","status":"publish","type":"product","link":"https:\/\/compraencieza.es\/en\/product\/calcio-500-vitamina-d-50-comprimidos\/","title":{"rendered":"Calcio 500 + vitamina D 50 comprimidos"},"content":{"rendered":"<div class=\"product-precontenido\">\n<ul class=\"listado_caracteristicas-producto\">\n<li class=\"caracteristica-producto\">Contribuye a la formaci\u00f3n de neurotransmisores.<\/li>\n<li class=\"caracteristica-producto\">Favorece el correcto funcionamiento de los m\u00fasculos.<\/li>\n<li class=\"caracteristica-producto\">Nos ayuda a la formaci\u00f3n de los huesos..<\/li>\n<\/ul>\n<\/div>\n<div class=\"product-contenido\">\n<h2>Descripci\u00f3n<\/h2>\n<p><strong>Calcio 500 + Vitamina D comprimidos<\/strong>\u00a0de Nature Essential est\u00e1 formulado con Calcio y Vitamina D que tienen propiedades que ayudan a la formaci\u00f3n de los huesos, dientes, articulaciones, a la formaci\u00f3n de neurotransmisores y al correcto funcionamiento del sistema muscular.<\/p>\n<p>El calcio es un mineral esencial para el organismo y se encuentra en alto porcentaje en \u00e9l, mayoritariamente formando el sistema \u00f3seo.\u00a0 Entre sus funciones destacamos que contribuye: a la coagulaci\u00f3n sangu\u00ednea normal, al metabolismo energ\u00e9tico normal, al funcionamiento normal de los m\u00fasculos, al funcionamiento normal de la neurotransmisi\u00f3n, al funcionamiento normal de las enzimas digestivas, al proceso de divisi\u00f3n y diferenciaci\u00f3n de las c\u00e9lulas y es necesario para el mantenimiento de los huesos y dientes en condiciones normales. La vitamina D es necesaria para la formaci\u00f3n de los huesos, favoreciendo el uso del calcio.<\/p>\n<p><strong>Active nutrients:<\/strong> Carbonato de Calcio y Vitamina D3 (colecalciferol).<\/p>\n<table border=\"1\" cellspacing=\"0\">\n<tbody>\n<tr>\n<td><strong>NUTRIENTS<\/strong><\/td>\n<td><strong>AMOUNT<\/strong><\/td>\n<td><strong>WEALTH<\/strong><\/td>\n<td><strong>CONTRIBUTE<\/strong><\/td>\n<td><strong>*%VRN<\/strong><\/td>\n<\/tr>\n<tr>\n<td>Carbonato de Calcio<\/td>\n<td>500 mg<\/td>\n<td>40%<\/td>\n<td>200 mg Calcio<\/td>\n<td>25%<\/td>\n<\/tr>\n<tr>\n<td>\u00d3xido de Magnesio<\/td>\n<td>100 mg<\/td>\n<td>60%<\/td>\n<td>60 mg Magnesio<\/td>\n<td>16%<\/td>\n<\/tr>\n<tr>\n<td>Vitamina D-3<\/td>\n<td>3 \u00b5g<\/td>\n<td>\u2013<\/td>\n<td>\u2013<\/td>\n<td>60%<\/td>\n<\/tr>\n<\/tbody>\n<\/table>\n<p>*VRN: Valores de Referencia de Nutrientes<\/p>\n<p><strong>Instructions for Use:<\/strong>\u00a0Como complemento en la dieta tomar un (1) comprimido al d\u00eda. En periodos prolongados de tratamiento se recomienda hacer descansos de consumo, para garantizar el efecto deseado.<\/p>\n<p>Caracter\u00edsticas principales de Calcio 500 + Vitamina D comprimidos:<\/p>\n<p>&nbsp;<\/p>\n<div class=\"et-custom-list etlist-check\">\n<ul>\n<li>Allergen-free product in accordance with Regulation (EU) No. 1169\/2011.<\/li>\n<li>It does not contain gluten or lactose.<\/li>\n<li>Comprimido masticable.<\/li>\n<li>Complemento alimenticio a base de vitamina y mineral.<\/li>\n<li>Packaging for 50 days of use.<\/li>\n<\/ul>\n<\/div>\n<p>&nbsp;<\/p>\n<p>Warnings: Food supplements should not be used as a substitute for a varied and balanced diet. A healthy lifestyle is recommended. Do not exceed the recommended daily amount. Store in a cool, dry place away from sunlight. Keep out of reach of small children. Consult your doctor if you are pregnant or breastfeeding.<\/p>\n<\/div>","protected":false},"excerpt":{"rendered":"<p>Funciones entre otras:<\/p>\n<p>1.\u00a0<b>Fortalecimiento \u00d3seo<\/b>: Juntos, el calcio y la vitamina D son fundamentales para la formaci\u00f3n y mantenimiento de huesos fuertes. El calcio es el principal mineral que compone los huesos, mientras que la vitamina D ayuda a mejorar su absorci\u00f3n en el intestino.<\/p>\n<p>2.\u00a0<b>Prevenci\u00f3n de Osteoporosis<\/b>: Este complejo diet\u00e9tico puede ayudar a reducir el riesgo de osteoporosis, especialmente en personas mayores, al asegurar que el cuerpo tenga suficiente calcio disponible para mantener la densidad \u00f3sea.<\/p>\n<p>3.\u00a0<b>Funci\u00f3n Muscular<\/b>: El calcio es crucial para la contracci\u00f3n muscular, y la vitamina D puede ayudar a optimizar esta funci\u00f3n, lo que es especialmente importante para la salud muscular en general y el rendimiento f\u00edsico.<\/p>\n<p>4.\u00a0<b>Salud Dental<\/b>: El calcio tambi\u00e9n es vital para la salud de los dientes, y la vitamina D contribuye a la mineralizaci\u00f3n dental, ayudando a prevenir problemas como caries y enfermedades periodontales.<\/p>\n<p>5.\u00a0<b>Regulaci\u00f3n del Sistema Inmunol\u00f3gico<\/b>: La vitamina D tiene un papel en la modulaci\u00f3n del sistema inmunol\u00f3gico, lo que puede ayudar a mantener la salud general y a reducir el riesgo de infecciones.<\/p>\n<p>6.\u00a0<b>Equilibrio de Minerales<\/b>: Este complejo ayuda a mantener un equilibrio adecuado de minerales en el cuerpo, lo que es esencial para diversas funciones fisiol\u00f3gicas, incluyendo la coagulaci\u00f3n sangu\u00ednea y la transmisi\u00f3n nerviosa.<\/p>\n<p>7.\u00a0<b>Mejora del Estado de \u00c1nimo<\/b>: Algunos estudios sugieren que la vitamina D puede tener un impacto positivo en el estado de \u00e1nimo y la salud mental, lo que puede ser beneficioso en combinaci\u00f3n con el calcio para el bienestar general.<\/p>","protected":false},"featured_media":5233,"comment_status":"open","ping_status":"closed","template":"","meta":{"_acf_changed":false,"inline_featured_image":false},"product_cat":[105],"product_tag":[2989,1278,710,133,955,989,411,889,825,2380,509,511,730,734,1089,2649,346,828,2081,2054,1830,874,913,538,1193,2990,1001,1093,351,2991,2866,216,1096,2992,739,2986,2993,2994,2995,2996,1200,352,2949,1332,529,1930,590,948,355,876,422,358],"genre":[],"class_list":{"0":"post-5941","1":"product","2":"type-product","3":"status-publish","4":"has-post-thumbnail","6":"product_cat-salud","7":"product_tag-2989","8":"product_tag-animo","9":"product_tag-bienestar","10":"product_tag-bio","11":"product_tag-bio-dis","12":"product_tag-biodis","13":"product_tag-calcio","14":"product_tag-carbonato","15":"product_tag-d","16":"product_tag-densidad","17":"product_tag-dental","18":"product_tag-dientes","19":"product_tag-dis","20":"product_tag-essential","21":"product_tag-estado","22":"product_tag-general","23":"product_tag-gluten","24":"product_tag-huesos","25":"product_tag-infeccion","26":"product_tag-infecciones","27":"product_tag-inmune","28":"product_tag-inmunologico","29":"product_tag-intestino","30":"product_tag-lactosa","31":"product_tag-libre","32":"product_tag-mayores","33":"product_tag-mejora","34":"product_tag-mental","35":"product_tag-minerales","36":"product_tag-mineralizacion","37":"product_tag-nanture","38":"product_tag-natural","39":"product_tag-nervios","40":"product_tag-nerviosa","41":"product_tag-obire","42":"product_tag-oseo","43":"product_tag-osido","44":"product_tag-osteoporosis","45":"product_tag-oxido","46":"product_tag-periodontal","47":"product_tag-planta","48":"product_tag-plantas","49":"product_tag-positivo","50":"product_tag-problemas","51":"product_tag-remineralizacion","52":"product_tag-riesgo","53":"product_tag-salud","54":"product_tag-sanguinea","55":"product_tag-sin","56":"product_tag-sistema","57":"product_tag-vitamina","58":"product_tag-vitaminas","60":"first","61":"instock","62":"taxable","63":"shipping-taxable","64":"purchasable","65":"product-type-simple","66":"add-to-wishlist-after_add_to_cart"},"acf":[],"_links":{"self":[{"href":"https:\/\/compraencieza.es\/en\/wp-json\/wp\/v2\/product\/5941","targetHints":{"allow":["GET"]}}],"collection":[{"href":"https:\/\/compraencieza.es\/en\/wp-json\/wp\/v2\/product"}],"about":[{"href":"https:\/\/compraencieza.es\/en\/wp-json\/wp\/v2\/types\/product"}],"replies":[{"embeddable":true,"href":"https:\/\/compraencieza.es\/en\/wp-json\/wp\/v2\/comments?post=5941"}],"wp:featuredmedia":[{"embeddable":true,"href":"https:\/\/compraencieza.es\/en\/wp-json\/wp\/v2\/media\/5233"}],"wp:attachment":[{"href":"https:\/\/compraencieza.es\/en\/wp-json\/wp\/v2\/media?parent=5941"}],"wp:term":[{"taxonomy":"product_cat","embeddable":true,"href":"https:\/\/compraencieza.es\/en\/wp-json\/wp\/v2\/product_cat?post=5941"},{"taxonomy":"product_tag","embeddable":true,"href":"https:\/\/compraencieza.es\/en\/wp-json\/wp\/v2\/product_tag?post=5941"},{"taxonomy":"product_brand","embeddable":true,"href":"https:\/\/compraencieza.es\/en\/wp-json\/wp\/v2\/genre?post=5941"}],"curies":[{"name":"wp","href":"https:\/\/api.w.org\/{rel}","templated":true}]}}