{"id":5942,"date":"2025-01-09T17:10:43","date_gmt":"2025-01-09T16:10:43","guid":{"rendered":"https:\/\/compraencieza.es\/?post_type=product&#038;p=5942"},"modified":"2025-01-09T17:21:51","modified_gmt":"2025-01-09T16:21:51","slug":"calcio-coral-500-mg-60-capsulas","status":"publish","type":"product","link":"https:\/\/compraencieza.es\/en\/product\/calcio-coral-500-mg-60-capsulas\/","title":{"rendered":"Calcio coral 500 mg. 60 c\u00e1psulas"},"content":{"rendered":"<div class=\"product-precontenido\">\n<p>&nbsp;<\/p>\n<\/div>\n<div class=\"product-contenido\">\n<h2>Descripci\u00f3n<\/h2>\n<p><strong>Calcio coral 500 mg c\u00e1psulas<\/strong>\u00a0de Obire est\u00e1 formulado con Calcio que tiene propiedades que ayudan a la formaci\u00f3n de los huesos, dientes, articulaciones, a la formaci\u00f3n de neurotransmisores y al correcto funcionamiento del sistema muscular.<\/p>\n<p>El calcio es un mineral esencial para el organismo y se encuentra en alto porcentaje en \u00e9l, mayoritariamente formando el sistema \u00f3seo.\u00a0 Entre sus funciones destacamos que contribuye: a la coagulaci\u00f3n sangu\u00ednea normal, al metabolismo energ\u00e9tico normal, al funcionamiento normal de los m\u00fasculos, al funcionamiento normal de la neurotransmisi\u00f3n, al funcionamiento normal de las enzimas digestivas, al proceso de divisi\u00f3n y diferenciaci\u00f3n de las c\u00e9lulas y es necesario para el mantenimiento de los huesos y dientes en condiciones normales.<\/p>\n<p><strong>Active nutrients:<\/strong>\u00a0Carbonato de Calcio de origen marino.\u00a0<strong>(Ver ficha t\u00e9cnica)<\/strong><\/p>\n<table border=\"1\" cellspacing=\"0\">\n<tbody>\n<tr>\n<td><strong>NUTRIENTS<\/strong><\/td>\n<td><strong>AMOUNT<\/strong><\/td>\n<td><strong>WEALTH<\/strong><\/td>\n<td><strong>CONTRIBUTE<\/strong><\/td>\n<td><strong>*%VRN<\/strong><\/td>\n<\/tr>\n<tr>\n<td>Calcio Coral<\/td>\n<td>500 mg<\/td>\n<td>35%<\/td>\n<td>175 mg Calcio<\/td>\n<td>21,88%<\/td>\n<\/tr>\n<\/tbody>\n<\/table>\n<p>*VRN: Valores de Referencia de Nutrientes<\/p>\n<p><strong>Instructions for Use:<\/strong>\u00a0Como complemento en la dieta tomar tres (3) c\u00e1psulas al d\u00eda. En periodos prolongados de tratamiento se recomienda hacer descansos de consumo, para garantizar el efecto deseado.<\/p>\n<p>Caracter\u00edsticas principales de Calcio coral 500 mg c\u00e1psulas:<\/p>\n<p>&nbsp;<\/p>\n<div class=\"et-custom-list etlist-check\">\n<ul>\n<li>Allergen-free product in accordance with Regulation (EU) No. 1169\/2011.<\/li>\n<li>It does not contain gluten or lactose.<\/li>\n<li>Calcio de origen marino.<\/li>\n<li>Complemento alimenticio a base de mineral.<\/li>\n<li>Envase para 20 d\u00edas de uso.<\/li>\n<\/ul>\n<\/div>\n<p>&nbsp;<\/p>\n<p>Warnings: Food supplements should not be used as a substitute for a varied and balanced diet. A healthy lifestyle is recommended. Do not exceed the recommended daily amount. Store in a cool, dry place away from sunlight. Keep out of reach of small children. Consult your doctor if you are pregnant or breastfeeding.<\/p>\n<\/div>","protected":false},"excerpt":{"rendered":"<ul class=\"listado_caracteristicas-producto\">\n<li class=\"caracteristica-producto\">Contribuye a la formaci\u00f3n de neurotransmisores.<\/li>\n<li class=\"caracteristica-producto\">Favorece el correcto funcionamiento de los m\u00fasculos.<\/li>\n<li class=\"caracteristica-producto\">Nos ayuda a la formaci\u00f3n de los huesos..<\/li>\n<\/ul>","protected":false},"featured_media":5263,"comment_status":"open","ping_status":"closed","template":"","meta":{"_acf_changed":false,"inline_featured_image":false},"product_cat":[105],"product_tag":[133,955,989,411,2997,452,2998,511,730,734,2999,346,828,538,1193,755,2866,216,739,2986,2994,1200,352,355,3000],"genre":[],"class_list":{"0":"post-5942","1":"product","2":"type-product","3":"status-publish","4":"has-post-thumbnail","6":"product_cat-salud","7":"product_tag-bio","8":"product_tag-bio-dis","9":"product_tag-biodis","10":"product_tag-calcio","11":"product_tag-calcio-coral","12":"product_tag-coral","13":"product_tag-coralino","14":"product_tag-dientes","15":"product_tag-dis","16":"product_tag-essential","17":"product_tag-formacion","18":"product_tag-gluten","19":"product_tag-huesos","20":"product_tag-lactosa","21":"product_tag-libre","22":"product_tag-musculos","23":"product_tag-nanture","24":"product_tag-natural","25":"product_tag-obire","26":"product_tag-oseo","27":"product_tag-osteoporosis","28":"product_tag-planta","29":"product_tag-plantas","30":"product_tag-sin","31":"product_tag-sitema","33":"first","34":"instock","35":"taxable","36":"shipping-taxable","37":"purchasable","38":"product-type-simple","39":"add-to-wishlist-after_add_to_cart"},"acf":[],"_links":{"self":[{"href":"https:\/\/compraencieza.es\/en\/wp-json\/wp\/v2\/product\/5942","targetHints":{"allow":["GET"]}}],"collection":[{"href":"https:\/\/compraencieza.es\/en\/wp-json\/wp\/v2\/product"}],"about":[{"href":"https:\/\/compraencieza.es\/en\/wp-json\/wp\/v2\/types\/product"}],"replies":[{"embeddable":true,"href":"https:\/\/compraencieza.es\/en\/wp-json\/wp\/v2\/comments?post=5942"}],"wp:featuredmedia":[{"embeddable":true,"href":"https:\/\/compraencieza.es\/en\/wp-json\/wp\/v2\/media\/5263"}],"wp:attachment":[{"href":"https:\/\/compraencieza.es\/en\/wp-json\/wp\/v2\/media?parent=5942"}],"wp:term":[{"taxonomy":"product_cat","embeddable":true,"href":"https:\/\/compraencieza.es\/en\/wp-json\/wp\/v2\/product_cat?post=5942"},{"taxonomy":"product_tag","embeddable":true,"href":"https:\/\/compraencieza.es\/en\/wp-json\/wp\/v2\/product_tag?post=5942"},{"taxonomy":"product_brand","embeddable":true,"href":"https:\/\/compraencieza.es\/en\/wp-json\/wp\/v2\/genre?post=5942"}],"curies":[{"name":"wp","href":"https:\/\/api.w.org\/{rel}","templated":true}]}}