{"id":5943,"date":"2025-01-09T17:10:43","date_gmt":"2025-01-09T16:10:43","guid":{"rendered":"https:\/\/compraencieza.es\/?post_type=product&#038;p=5943"},"modified":"2025-01-09T17:24:32","modified_gmt":"2025-01-09T16:24:32","slug":"acido-hialuronico-100-mg-60-capsulas","status":"publish","type":"product","link":"https:\/\/compraencieza.es\/en\/product\/acido-hialuronico-100-mg-60-capsulas\/","title":{"rendered":"Hyaluronic acid 100 mg. 60 capsules"},"content":{"rendered":"<h2>Descripci\u00f3n<\/h2>\n<p><strong>Active nutrients:<\/strong>\u00a0\u00c1cido Hialur\u00f3nico y Vitaminas C (\u00c1cido L-asc\u00f3rbico).\u00a0<strong>(Ver ficha t\u00e9cnica)<\/strong><\/p>\n<table border=\"1\" cellspacing=\"0\">\n<tbody>\n<tr>\n<td><strong>NUTRIENTS<\/strong><\/td>\n<td><strong>AMOUNT<\/strong><\/td>\n<td><strong>WEALTH<\/strong><\/td>\n<td><strong>CONTRIBUTE<\/strong><\/td>\n<td><strong>*%VRN<\/strong><\/td>\n<\/tr>\n<tr>\n<td>\u00c1cido Hialur\u00f3nico<\/td>\n<td>100 mg<\/td>\n<td>\u2013<\/td>\n<td>\u2013<\/td>\n<td>\u2013<\/td>\n<\/tr>\n<tr>\n<td>Vitamina C (\u00c1cido L-Asc\u00f3rbico)<\/td>\n<td>80 mg<\/td>\n<td>\u2013<\/td>\n<td>\u2013<\/td>\n<td>100%<\/td>\n<\/tr>\n<\/tbody>\n<\/table>\n<p>*VRN: Valores de Referencia de Nutrientes<\/p>\n<p><strong>Instructions for Use:<\/strong>\u00a0Como complemento en la dieta tomar de una (1) c\u00e1psulas al d\u00eda. En periodos prolongados de tratamiento se recomienda hacer descansos de consumo, para garantizar el efecto deseado.<\/p>\n<p>Caracter\u00edsticas principales de \u00c1cido hialur\u00f3nico:<\/p>\n<p>&nbsp;<\/p>\n<div class=\"et-custom-list etlist-check\">\n<ul>\n<li>Allergen-free product in accordance with Regulation (EU) No. 1169\/2011.<\/li>\n<li>No contiene Gluten ni lactosa.<\/li>\n<li>\u00c1cido hialur\u00f3nico producido por fermentaci\u00f3n bacteriana.<\/li>\n<li>Complemento alimenticios a base \u00e1cido hialur\u00f3nico y vitamina.<\/li>\n<li>Envase para 60 d\u00edas de uso.<\/li>\n<\/ul>\n<\/div>\n<p>&nbsp;<\/p>\n<p>Warnings: Food supplements should not be used as a substitute for a varied and balanced diet. A healthy lifestyle is recommended. Do not exceed the recommended daily amount. Store in a cool, dry place away from sunlight. Keep out of reach of small children. Consult your doctor if you are pregnant or breastfeeding.<\/p>","protected":false},"excerpt":{"rendered":"<h3>1. <strong>Hidrataci\u00f3n de la piel<\/strong><\/h3>\n<ul>\n<li>El \u00e1cido hialur\u00f3nico es conocido por su capacidad para retener grandes cantidades de agua. Consumirlo en c\u00e1psulas ayuda a mantener la piel hidratada desde el interior, mejorando la elasticidad y reduciendo la sequedad.<\/li>\n<\/ul>\n<h3>2. <strong>Reducci\u00f3n de arrugas y l\u00edneas finas<\/strong><\/h3>\n<ul>\n<li>Al mejorar la hidrataci\u00f3n y elasticidad de la piel, el \u00e1cido hialur\u00f3nico contribuye a disminuir la apariencia de arrugas y l\u00edneas de expresi\u00f3n, proporcionando un aspecto m\u00e1s juvenil.<\/li>\n<\/ul>\n<h3>3. <strong>Mejora de la salud articular<\/strong><\/h3>\n<ul>\n<li>El \u00e1cido hialur\u00f3nico es un componente esencial del l\u00edquido sinovial, que lubrica las articulaciones. Tomarlo en c\u00e1psulas puede ayudar a mejorar la movilidad articular, reducir el dolor y la rigidez en personas con problemas como la artritis o desgaste articular.<\/li>\n<\/ul>\n<h3>4. <strong>Cicatrizaci\u00f3n de heridas<\/strong><\/h3>\n<ul>\n<li>Este compuesto promueve la regeneraci\u00f3n de tejidos, acelerando el proceso de cicatrizaci\u00f3n de heridas y mejorando la salud general de la piel.<\/li>\n<\/ul>\n<h3>5. <strong>Lubricaci\u00f3n de tejidos conectivos<\/strong><\/h3>\n<ul>\n<li>Adem\u00e1s de las articulaciones, el \u00e1cido hialur\u00f3nico ayuda a mantener lubricados otros tejidos conectivos, como los tendones y ligamentos, promoviendo su buen funcionamiento y previniendo lesiones.<\/li>\n<\/ul>\n<h3>6. <strong>Soporte ocular<\/strong><\/h3>\n<ul>\n<li>El \u00e1cido hialur\u00f3nico es un componente natural de los ojos, donde ayuda a mantener la humedad y protege la superficie ocular. Su consumo puede ayudar a mejorar la lubricaci\u00f3n de los ojos, especialmente en personas que sufren de sequedad ocular.<\/li>\n<\/ul>\n<h3>7. <strong>Mejora del bienestar general de la piel<\/strong><\/h3>\n<ul>\n<li>Como componente clave de la matriz extracelular, el \u00e1cido hialur\u00f3nico contribuye a la regeneraci\u00f3n celular y al mantenimiento de una piel sana, ayudando a reparar y renovar los tejidos.<\/li>\n<\/ul>","protected":false},"featured_media":5264,"comment_status":"open","ping_status":"closed","template":"","meta":{"_acf_changed":false,"inline_featured_image":false},"product_cat":[105],"product_tag":[832,1209,2734,837,2894,2735,3001,3002,133,955,989,2863,730,140,734,3003,3004,3005,3006,2649,346,3007,1691,855,144,145,538,1193,3008,3009,2866,216,739,1698,331,604,1200,352,1005,590,1703,355,3010,2988,829],"genre":[],"class_list":{"0":"post-5943","1":"product","2":"type-product","3":"status-publish","4":"has-post-thumbnail","6":"product_cat-salud","7":"product_tag-acido","8":"product_tag-agua","9":"product_tag-arrugas","10":"product_tag-articulaciones","11":"product_tag-articular","12":"product_tag-artritis","13":"product_tag-artrosis","14":"product_tag-bienesertar","15":"product_tag-bio","16":"product_tag-bio-dis","17":"product_tag-biodis","18":"product_tag-cicatriza","19":"product_tag-dis","20":"product_tag-elasticidad","21":"product_tag-essential","22":"product_tag-expresion","23":"product_tag-fina","24":"product_tag-firme","25":"product_tag-firmes","26":"product_tag-general","27":"product_tag-gluten","28":"product_tag-hacido","29":"product_tag-heridas","30":"product_tag-hialuronico","31":"product_tag-hidrata","32":"product_tag-hidratacion","33":"product_tag-lactosa","34":"product_tag-libre","35":"product_tag-lineas","36":"product_tag-movilidad","37":"product_tag-nanture","38":"product_tag-natural","39":"product_tag-obire","40":"product_tag-ocular","41":"product_tag-ojos","42":"product_tag-piel","43":"product_tag-planta","44":"product_tag-plantas","45":"product_tag-regenera","46":"product_tag-salud","47":"product_tag-sequedad","48":"product_tag-sin","49":"product_tag-sinovial","50":"product_tag-soporte","51":"product_tag-tejidos","53":"first","54":"instock","55":"taxable","56":"shipping-taxable","57":"purchasable","58":"product-type-simple","59":"add-to-wishlist-after_add_to_cart"},"acf":[],"_links":{"self":[{"href":"https:\/\/compraencieza.es\/en\/wp-json\/wp\/v2\/product\/5943","targetHints":{"allow":["GET"]}}],"collection":[{"href":"https:\/\/compraencieza.es\/en\/wp-json\/wp\/v2\/product"}],"about":[{"href":"https:\/\/compraencieza.es\/en\/wp-json\/wp\/v2\/types\/product"}],"replies":[{"embeddable":true,"href":"https:\/\/compraencieza.es\/en\/wp-json\/wp\/v2\/comments?post=5943"}],"wp:featuredmedia":[{"embeddable":true,"href":"https:\/\/compraencieza.es\/en\/wp-json\/wp\/v2\/media\/5264"}],"wp:attachment":[{"href":"https:\/\/compraencieza.es\/en\/wp-json\/wp\/v2\/media?parent=5943"}],"wp:term":[{"taxonomy":"product_cat","embeddable":true,"href":"https:\/\/compraencieza.es\/en\/wp-json\/wp\/v2\/product_cat?post=5943"},{"taxonomy":"product_tag","embeddable":true,"href":"https:\/\/compraencieza.es\/en\/wp-json\/wp\/v2\/product_tag?post=5943"},{"taxonomy":"product_brand","embeddable":true,"href":"https:\/\/compraencieza.es\/en\/wp-json\/wp\/v2\/genre?post=5943"}],"curies":[{"name":"wp","href":"https:\/\/api.w.org\/{rel}","templated":true}]}}