{"id":5944,"date":"2025-01-09T17:10:43","date_gmt":"2025-01-09T16:10:43","guid":{"rendered":"https:\/\/compraencieza.es\/?post_type=product&#038;p=5944"},"modified":"2025-01-09T17:24:32","modified_gmt":"2025-01-09T16:24:32","slug":"silicio-25-mg-90-capsulas","status":"publish","type":"product","link":"https:\/\/compraencieza.es\/en\/product\/silicio-25-mg-90-capsulas\/","title":{"rendered":"Silicio 25 mg. 90 c\u00e1psulas"},"content":{"rendered":"<h2>Descripci\u00f3n<\/h2>\n<p><strong>Active nutrients:<\/strong>\u00a0Levadura de Cerveza (Saccharomyces cerevisiae) y Extracto Seco de Tabashir de Bamb\u00fa (<em>Bambusa vulgaris<\/em>).\u00a0<strong>(Ver ficha t\u00e9cnica)<\/strong><\/p>\n<table border=\"1\" cellspacing=\"0\">\n<tbody>\n<tr>\n<td><strong>NUTRIENTS<\/strong><\/td>\n<td><strong>AMOUNT<\/strong><\/td>\n<td><strong>WEALTH<\/strong><\/td>\n<td><strong>CONTRIBUTE<\/strong><\/td>\n<\/tr>\n<tr>\n<td>Silicio (Bamb\u00fa) 10:1 Extracto seco (<em>Bambusa Arundinaea<\/em>)<\/td>\n<td>29.41 mg<\/td>\n<td>85%<\/td>\n<td>25 mg Silicio<\/td>\n<\/tr>\n<tr>\n<td>Levadura de cerveza (<em>Saccharomyces cerevisiae<\/em>)<\/td>\n<td>250 mg<\/td>\n<td>\u2013<\/td>\n<td>\u2013<\/td>\n<\/tr>\n<\/tbody>\n<\/table>\n<p><strong>Instructions for Use:<\/strong>\u00a0Como complemento en la dieta tomar dos (2) c\u00e1psulas al d\u00eda. En periodos prolongados de tratamiento se recomienda hacer descansos de consumo, para garantizar el efecto deseado.<\/p>\n<p>Caracter\u00edsticas principales de Silicio 25 mg c\u00e1psulas:<\/p>\n<p>&nbsp;<\/p>\n<div class=\"et-custom-list etlist-check\">\n<ul>\n<li>Contiene GLUTEN Y SULFITOS.<\/li>\n<li>No contiene lactosa.<\/li>\n<li>Complemento alimenticio a base de planta y levadura de cerveza.<\/li>\n<li>Envase para 45 d\u00edas de uso.<\/li>\n<\/ul>\n<\/div>\n<p>&nbsp;<\/p>\n<p>Advertencias:\u00a0Los complementos alimenticios no deben utilizarse como sustitutos de una dieta variada y equilibrada. Se recomienda un\u00a0estilo de vida saludable. No sobrepasar la cantidad diaria recomendada. Conservar en lugar seco, fresco y protegido de la luz\u00a0solar. Mantener fuera del alcance de los ni\u00f1os m\u00e1s peque\u00f1os. Consultar a su m\u00e9dico en caso de embarazo o lactancia. Consultar a su m\u00e9dico en caso de padecer de diabetes.<\/p>","protected":false},"excerpt":{"rendered":"<p>Functions:<\/p>\n<ul>\n<li><strong>Fortalecimiento de huesos y articulaciones<\/strong>: Ayuda en la producci\u00f3n de col\u00e1geno, mejorando la salud \u00f3sea y articular.<\/li>\n<li><strong>Mejora de la piel, cabello y u\u00f1as<\/strong>: Promueve la elasticidad de la piel y fortalece cabello y u\u00f1as.<\/li>\n<li><strong>Apoyo en la regeneraci\u00f3n de tejidos<\/strong>: Facilita la reparaci\u00f3n de tejidos conectivos.<\/li>\n<li><strong>Salud cardiovascular<\/strong>: Contribuye a la elasticidad de los vasos sangu\u00edneos, mejorando la circulaci\u00f3n.<\/li>\n<li><strong>Absorci\u00f3n de minerales<\/strong>: Mejora la absorci\u00f3n de calcio y otros minerales esenciales.<\/li>\n<\/ul>","protected":false},"featured_media":5265,"comment_status":"open","ping_status":"closed","template":"","meta":{"_acf_changed":false,"inline_featured_image":false},"product_cat":[105],"product_tag":[634,1054,837,2894,133,955,989,195,411,1927,934,842,3011,1341,730,734,997,2796,346,828,538,1193,351,2866,216,739,2082,2986,604,1200,352,2567,590,867,355,2102,829,190],"genre":[],"class_list":{"0":"post-5944","1":"product","2":"type-product","3":"status-publish","4":"has-post-thumbnail","6":"product_cat-salud","7":"product_tag-absorbe","8":"product_tag-absorcion","9":"product_tag-articulaciones","10":"product_tag-articular","11":"product_tag-bio","12":"product_tag-bio-dis","13":"product_tag-biodis","14":"product_tag-cabello","15":"product_tag-calcio","16":"product_tag-cardiovascular","17":"product_tag-circulacion","18":"product_tag-colageno","19":"product_tag-conectivos","20":"product_tag-diabetes","21":"product_tag-dis","22":"product_tag-essential","23":"product_tag-fortalece","24":"product_tag-fortalecimiento","25":"product_tag-gluten","26":"product_tag-huesos","27":"product_tag-lactosa","28":"product_tag-libre","29":"product_tag-minerales","30":"product_tag-nanture","31":"product_tag-natural","32":"product_tag-obire","33":"product_tag-osea","34":"product_tag-oseo","35":"product_tag-piel","36":"product_tag-planta","37":"product_tag-plantas","38":"product_tag-repara","39":"product_tag-salud","40":"product_tag-silicio","41":"product_tag-sin","42":"product_tag-sulfitos","43":"product_tag-tejidos","44":"product_tag-unas","46":"first","47":"instock","48":"taxable","49":"shipping-taxable","50":"purchasable","51":"product-type-simple","52":"add-to-wishlist-after_add_to_cart"},"acf":[],"_links":{"self":[{"href":"https:\/\/compraencieza.es\/en\/wp-json\/wp\/v2\/product\/5944","targetHints":{"allow":["GET"]}}],"collection":[{"href":"https:\/\/compraencieza.es\/en\/wp-json\/wp\/v2\/product"}],"about":[{"href":"https:\/\/compraencieza.es\/en\/wp-json\/wp\/v2\/types\/product"}],"replies":[{"embeddable":true,"href":"https:\/\/compraencieza.es\/en\/wp-json\/wp\/v2\/comments?post=5944"}],"wp:featuredmedia":[{"embeddable":true,"href":"https:\/\/compraencieza.es\/en\/wp-json\/wp\/v2\/media\/5265"}],"wp:attachment":[{"href":"https:\/\/compraencieza.es\/en\/wp-json\/wp\/v2\/media?parent=5944"}],"wp:term":[{"taxonomy":"product_cat","embeddable":true,"href":"https:\/\/compraencieza.es\/en\/wp-json\/wp\/v2\/product_cat?post=5944"},{"taxonomy":"product_tag","embeddable":true,"href":"https:\/\/compraencieza.es\/en\/wp-json\/wp\/v2\/product_tag?post=5944"},{"taxonomy":"product_brand","embeddable":true,"href":"https:\/\/compraencieza.es\/en\/wp-json\/wp\/v2\/genre?post=5944"}],"curies":[{"name":"wp","href":"https:\/\/api.w.org\/{rel}","templated":true}]}}