{"id":5947,"date":"2025-01-09T17:10:43","date_gmt":"2025-01-09T16:10:43","guid":{"rendered":"https:\/\/compraencieza.es\/?post_type=product&#038;p=5947"},"modified":"2025-01-09T17:21:49","modified_gmt":"2025-01-09T16:21:49","slug":"osemax-530mg-100-capsulas","status":"publish","type":"product","link":"https:\/\/compraencieza.es\/en\/product\/osemax-530mg-100-capsulas\/","title":{"rendered":"Osemax 530mg 100 capsulas"},"content":{"rendered":"<div class=\"product-precontenido\">\n<p>&nbsp;<\/p>\n<\/div>\n<div class=\"product-contenido\">\n<h2>Descripci\u00f3n<\/h2>\n<p><b>Oseomax\u00ae 534 mg\u00a0<\/b>\u00a0de Obire est\u00e1 formulado con Col\u00e1geno, condroitina y vitamina C que tiene propiedades que ayudan a la regeneraci\u00f3n y formaci\u00f3n de cart\u00edlagos y huesos.<\/p>\n<p><strong>Active nutrients:\u00a0<\/strong>Sulfato de Condroitina, Col\u00e1geno de tipo II y Vitamina C (\u00c1cido L-asc\u00f3rbico).<\/p>\n<table border=\"1\" cellspacing=\"0\">\n<tbody>\n<tr>\n<td><strong>NUTRIENTS<\/strong><\/td>\n<td><strong>AMOUNT<\/strong><\/td>\n<td><strong>WEALTH<\/strong><\/td>\n<td><strong>CONTRIBUTE<\/strong><\/td>\n<td><strong>*%VRN<\/strong><\/td>\n<\/tr>\n<tr>\n<td>Col\u00e1geno Hidrolizado Tipo II<\/td>\n<td>100 mg<\/td>\n<td>\u2013<\/td>\n<td><\/td>\n<td>\u2013<\/td>\n<\/tr>\n<tr>\n<td>Sulfato de Condroitina<\/td>\n<td>200 mg<\/td>\n<td>90%<\/td>\n<td>180 mg Condroitina<\/td>\n<td>\u2013<\/td>\n<\/tr>\n<tr>\n<td>Vitamina C (\u00c1cido L-Asc\u00f3rbico)<\/td>\n<td>80 mg<\/td>\n<td>\u2013<\/td>\n<td>\u2013<\/td>\n<td>100%<\/td>\n<\/tr>\n<tr>\n<td>Gluconato de Manganeso<\/td>\n<td>1 mg<\/td>\n<td>11%<\/td>\n<td>0,110 mg Manganeso<\/td>\n<td>5,50%<\/td>\n<\/tr>\n<\/tbody>\n<\/table>\n<p>&nbsp;<\/p>\n<p>*VRN: Valores de Referencia de Nutrientes<\/p>\n<p><strong>Instructions for Use:<\/strong>\u00a0Como complemento en la dieta tomar una (1) c\u00e1psula al d\u00eda. En periodos prolongados de tratamiento se recomienda hacer descansos de consumo, para garantizar el efecto deseado.<\/p>\n<p>Caracter\u00edsticas principales de Oseomax\u00ae 534 mg::<\/p>\n<p>&nbsp;<\/p>\n<div class=\"et-custom-list etlist-check\">\n<ul>\n<li>Contiene PESCADO.<\/li>\n<li>No contiene gluten ni lactosa.<\/li>\n<li>Condroitina de origen marino.<\/li>\n<li>Complemento alimenticio a base de col\u00e1geno, condroitina y vitamina.<\/li>\n<li>Envase para 100 d\u00edas.<\/li>\n<\/ul>\n<\/div>\n<p>&nbsp;<\/p>\n<p>Advertencias: Los complementos alimenticios no deben utilizarse como sustitutos de una dieta variada y equilibrada. Se recomienda un estilo de vida saludable. No sobrepasar la cantidad diaria recomendada. Conservar en lugar seco, fresco y protegido de la luz solar. Mantener fuera del alcance de los ni\u00f1os m\u00e1s peque\u00f1os. No debe ser consumido por mujeres embarazadas o en periodo de lactancia, ni por ni\u00f1os.<\/p>\n<\/div>","protected":false},"excerpt":{"rendered":"<ul class=\"listado_caracteristicas-producto\">\n<li class=\"caracteristica-producto\">Ayuda a la regeneraci\u00f3n de la piel.<\/li>\n<li class=\"caracteristica-producto\">Nos ayuda a la formaci\u00f3n de los huesos.<\/li>\n<li class=\"caracteristica-producto\">Regeneraci\u00f3n de cart\u00edlago.<\/li>\n<\/ul>","protected":false},"featured_media":5268,"comment_status":"open","ping_status":"closed","template":"","meta":{"_acf_changed":false,"inline_featured_image":false},"product_cat":[105],"product_tag":[830,832,837,2775,133,955,989,839,2370,841,842,3021,844,730,734,1850,2999,1120,346,856,828,538,1193,1127,2720,2866,216,739,2986,3022,1003,604,1200,352,1005,1006,355,3023,869,422],"genre":[],"class_list":{"0":"post-5947","1":"product","2":"type-product","3":"status-publish","4":"has-post-thumbnail","6":"product_cat-salud","7":"product_tag-830","8":"product_tag-acido","9":"product_tag-articulaciones","10":"product_tag-ascorbico","11":"product_tag-bio","12":"product_tag-bio-dis","13":"product_tag-biodis","14":"product_tag-c","15":"product_tag-cartilago","16":"product_tag-cartilagos","17":"product_tag-colageno","18":"product_tag-condroitin","19":"product_tag-condroitina","20":"product_tag-dis","21":"product_tag-essential","22":"product_tag-forma","23":"product_tag-formacion","24":"product_tag-gluconato","25":"product_tag-gluten","26":"product_tag-hidrolizado","27":"product_tag-huesos","28":"product_tag-lactosa","29":"product_tag-libre","30":"product_tag-manganeso","31":"product_tag-max","32":"product_tag-nanture","33":"product_tag-natural","34":"product_tag-obire","35":"product_tag-oseo","36":"product_tag-oxeomax","37":"product_tag-pescado","38":"product_tag-piel","39":"product_tag-planta","40":"product_tag-plantas","41":"product_tag-regenera","42":"product_tag-regeneracion","43":"product_tag-sin","44":"product_tag-sulfato","45":"product_tag-tipo","46":"product_tag-vitamina","48":"first","49":"instock","50":"taxable","51":"shipping-taxable","52":"purchasable","53":"product-type-simple","54":"add-to-wishlist-after_add_to_cart"},"acf":[],"_links":{"self":[{"href":"https:\/\/compraencieza.es\/en\/wp-json\/wp\/v2\/product\/5947","targetHints":{"allow":["GET"]}}],"collection":[{"href":"https:\/\/compraencieza.es\/en\/wp-json\/wp\/v2\/product"}],"about":[{"href":"https:\/\/compraencieza.es\/en\/wp-json\/wp\/v2\/types\/product"}],"replies":[{"embeddable":true,"href":"https:\/\/compraencieza.es\/en\/wp-json\/wp\/v2\/comments?post=5947"}],"wp:featuredmedia":[{"embeddable":true,"href":"https:\/\/compraencieza.es\/en\/wp-json\/wp\/v2\/media\/5268"}],"wp:attachment":[{"href":"https:\/\/compraencieza.es\/en\/wp-json\/wp\/v2\/media?parent=5947"}],"wp:term":[{"taxonomy":"product_cat","embeddable":true,"href":"https:\/\/compraencieza.es\/en\/wp-json\/wp\/v2\/product_cat?post=5947"},{"taxonomy":"product_tag","embeddable":true,"href":"https:\/\/compraencieza.es\/en\/wp-json\/wp\/v2\/product_tag?post=5947"},{"taxonomy":"product_brand","embeddable":true,"href":"https:\/\/compraencieza.es\/en\/wp-json\/wp\/v2\/genre?post=5947"}],"curies":[{"name":"wp","href":"https:\/\/api.w.org\/{rel}","templated":true}]}}