{"id":5949,"date":"2025-01-09T17:10:43","date_gmt":"2025-01-09T16:10:43","guid":{"rendered":"https:\/\/compraencieza.es\/?post_type=product&#038;p=5949"},"modified":"2025-01-09T17:24:32","modified_gmt":"2025-01-09T16:24:32","slug":"melatonina-1-mg-complex-60-comprimidos","status":"publish","type":"product","link":"https:\/\/compraencieza.es\/en\/product\/melatonina-1-mg-complex-60-comprimidos\/","title":{"rendered":"Melatonina 1 mg. (complex) 60 comprimidos"},"content":{"rendered":"<div class=\"product-precontenido\">\n<p>&nbsp;<\/p>\n<\/div>\n<div class=\"product-contenido\">\n<p><strong>Melatonina complex comprimidos<\/strong>\u00a0de Obire est\u00e1 formulada con extractos secos de plantas como Valeriana, Amapola Californiana, Melisa, Pasiflora y Tila, adem\u00e1s contiene Melatonina.\u00a0 La Melatonina disminuye el tiempo de conciliar el sue\u00f1o y alivia los s\u00edntomas de Jet-lag.<\/p>\n<p><strong>Active nutrients:<\/strong>\u00a0Passiflora extracto seco de hierba (<em>Passiflora incarnata<\/em>\u00a0L.),\u00a0Amapola californiana extracto seco de hierba (<em>Eschscholzia californica<\/em>), Melisa extracto seco de hojas (<em>Melissa officinalis<\/em>\u00a0L.), Tila extracto seco de flor (<em>Tilia platyphyllos<\/em>), Valeriana extracto seco de ra\u00edz (<em>Valeriana officinalis<\/em>) y Melatonina.<\/p>\n<table border=\"1\" cellspacing=\"0\">\n<tbody>\n<tr>\n<td><strong>NUTRIENTS<\/strong><\/td>\n<td><strong>AMOUNT<\/strong><\/td>\n<td><strong>WEALTH<\/strong><\/td>\n<td><strong>CONTRIBUTE<\/strong><\/td>\n<\/tr>\n<tr>\n<td>Pasiflora 5:1 Extracto seco (<em>Passiflora incarnata<\/em>)<\/td>\n<td>50 mg<\/td>\n<td>2%<\/td>\n<td>1 mg Flavonoides<\/td>\n<\/tr>\n<tr>\n<td>Melisa 5:1 Extracto seco (<em>Melissa officinalis L.<\/em>)<\/td>\n<td>20 mg<\/td>\n<td>2,5%<\/td>\n<td>0,5 mg \u00c1cido Rosmar\u00ednico<\/td>\n<\/tr>\n<tr>\n<td>Amapola californiana 4:1 Extracto seco (<em>Eschscholzia califor<\/em>)<\/td>\n<td>50 mg<\/td>\n<td>0,2%<\/td>\n<td>0,1 mg Alcaloides<\/td>\n<\/tr>\n<tr>\n<td>Tila 10:1 Extracto seco (<em>Tilia platyphyllos<\/em>)<\/td>\n<td>15 mg<\/td>\n<td>1%<\/td>\n<td>0,15 mg Flavonoides<\/td>\n<\/tr>\n<tr>\n<td>Valeriana 5:1 Extracto seco (<em>Valeriana officinalis L.<\/em>)<\/td>\n<td>10 mg<\/td>\n<td>0,2%<\/td>\n<td>0,02 mg \u00c1cido Valer\u00e9nico<\/td>\n<\/tr>\n<tr>\n<td>Melatonina<\/td>\n<td>1 mg<\/td>\n<td>\u2013<\/td>\n<td>\u2013<\/td>\n<\/tr>\n<\/tbody>\n<\/table>\n<p><strong>Instructions for Use:<\/strong>\u00a0Como complemento en la dieta tomar un (1) comprimido al d\u00eda una hora antes de acostarse. En periodos prolongados de tratamiento se recomienda hacer descansos de consumo, para garantizar el efecto deseado.<\/p>\n<p>Caracter\u00edsticas principales de Melatonina complex comprimidos:<\/p>\n<p>&nbsp;<\/p>\n<div class=\"et-custom-list etlist-check\">\n<ul>\n<li>Allergen-free product in accordance with Regulation (EU) No. 1169\/2011.<\/li>\n<li>It does not contain gluten or lactose.<\/li>\n<li>Extractos secos valorados en principios activos.<\/li>\n<li>Complemento alimenticio a base de plantas naturales y melatonina.<\/li>\n<li>Envase para 60 d\u00edas de uso.<\/li>\n<\/ul>\n<\/div>\n<p>&nbsp;<\/p>\n<p>Advertencias:\u00a0Los complementos alimenticios no deben utilizarse como sustitutos de una dieta variada y equilibrada. Se recomienda un\u00a0estilo de vida saludable. No sobrepasar la cantidad diaria recomendada. Conservar en lugar seco, fresco y protegido de la luz\u00a0solar. Mantener fuera del alcance de los ni\u00f1os m\u00e1s peque\u00f1os. Consultar a su m\u00e9dico en caso de embarazo o lactancia<\/p>\n<\/div>","protected":false},"excerpt":{"rendered":"<p>Para que duermas pl\u00e1cidamente y de forma r\u00e1pida<\/p>\n<ul class=\"listado_caracteristicas-producto\">\n<li class=\"caracteristica-producto\">Ayuda a regular el cambio del desfase horario (jet-lag).<\/li>\n<li class=\"caracteristica-producto\">Disminuye el tiempo necesario para conciliar el sue\u00f1o.<\/li>\n<\/ul>","protected":false},"featured_media":5270,"comment_status":"open","ping_status":"closed","template":"","meta":{"_acf_changed":false,"inline_featured_image":false},"product_cat":[105],"product_tag":[114,133,955,989,116,730,734,1184,346,538,1193,122,123,2866,216,739,125,1200,352,355,129,130],"genre":[],"class_list":{"0":"post-5949","1":"product","2":"type-product","3":"status-publish","4":"has-post-thumbnail","6":"product_cat-salud","7":"product_tag-amapola","8":"product_tag-bio","9":"product_tag-bio-dis","10":"product_tag-biodis","11":"product_tag-californiana","12":"product_tag-dis","13":"product_tag-essential","14":"product_tag-extracto","15":"product_tag-gluten","16":"product_tag-lactosa","17":"product_tag-libre","18":"product_tag-melatonina","19":"product_tag-melisa","20":"product_tag-nanture","21":"product_tag-natural","22":"product_tag-obire","23":"product_tag-pasiflora","24":"product_tag-planta","25":"product_tag-plantas","26":"product_tag-sin","27":"product_tag-tila","28":"product_tag-valeriana","30":"first","31":"instock","32":"taxable","33":"shipping-taxable","34":"purchasable","35":"product-type-simple","36":"add-to-wishlist-after_add_to_cart"},"acf":[],"_links":{"self":[{"href":"https:\/\/compraencieza.es\/en\/wp-json\/wp\/v2\/product\/5949","targetHints":{"allow":["GET"]}}],"collection":[{"href":"https:\/\/compraencieza.es\/en\/wp-json\/wp\/v2\/product"}],"about":[{"href":"https:\/\/compraencieza.es\/en\/wp-json\/wp\/v2\/types\/product"}],"replies":[{"embeddable":true,"href":"https:\/\/compraencieza.es\/en\/wp-json\/wp\/v2\/comments?post=5949"}],"wp:featuredmedia":[{"embeddable":true,"href":"https:\/\/compraencieza.es\/en\/wp-json\/wp\/v2\/media\/5270"}],"wp:attachment":[{"href":"https:\/\/compraencieza.es\/en\/wp-json\/wp\/v2\/media?parent=5949"}],"wp:term":[{"taxonomy":"product_cat","embeddable":true,"href":"https:\/\/compraencieza.es\/en\/wp-json\/wp\/v2\/product_cat?post=5949"},{"taxonomy":"product_tag","embeddable":true,"href":"https:\/\/compraencieza.es\/en\/wp-json\/wp\/v2\/product_tag?post=5949"},{"taxonomy":"product_brand","embeddable":true,"href":"https:\/\/compraencieza.es\/en\/wp-json\/wp\/v2\/genre?post=5949"}],"curies":[{"name":"wp","href":"https:\/\/api.w.org\/{rel}","templated":true}]}}