{"id":5953,"date":"2025-01-09T17:10:43","date_gmt":"2025-01-09T16:10:43","guid":{"rendered":"https:\/\/compraencieza.es\/?post_type=product&#038;p=5953"},"modified":"2025-01-09T17:24:33","modified_gmt":"2025-01-09T16:24:33","slug":"curcuma-5000-mg-95-curcumina-60-capsulas","status":"publish","type":"product","link":"https:\/\/compraencieza.es\/en\/product\/curcuma-5000-mg-95-curcumina-60-capsulas\/","title":{"rendered":"C\u00farcuma 5000 mg. (95% curcumina) 60 c\u00e1psulas"},"content":{"rendered":"<div class=\"product-precontenido\">\n<ul class=\"listado_caracteristicas-producto\">\n<li class=\"caracteristica-producto\">Activa al sistema inmune.<\/li>\n<\/ul>\n<\/div>\n<div class=\"product-contenido\">\n<h2>Descripci\u00f3n<\/h2>\n<p><strong>Active nutrients:<\/strong>\u00a0C\u00farcuma extracto seco de rizoma (<em>Curcuma longa<\/em>), Vitamina C (\u00c1cido L-asc\u00f3rbico)\u00a0y Pimienta Negra extracto seco de fruto (<em>Piper nigrum<\/em>\u00a0L.).<strong>\u00a0(Ver ficha t\u00e9cnica)<\/strong><\/p>\n<table border=\"1\" cellspacing=\"0\">\n<tbody>\n<tr>\n<td><strong>NUTRIENTS<\/strong><\/td>\n<td><strong>AMOUNT<\/strong><\/td>\n<td><strong>WEALTH<\/strong><\/td>\n<td><strong>CONTRIBUTE<\/strong><\/td>\n<td><strong>*%VRN<\/strong><\/td>\n<\/tr>\n<tr>\n<td>C\u00farcuma 50:1 Extracto seco (<em>Curcuma longa<\/em>)<\/td>\n<td>100 mg<\/td>\n<td>95%<\/td>\n<td>95 mg Curcumina<\/td>\n<td>50%<\/td>\n<\/tr>\n<tr>\n<td>Vitamina C (\u00c1cido L-asc\u00f3rbico)<\/td>\n<td>40 mg<\/td>\n<td>\u2013<\/td>\n<td>\u2013<\/td>\n<td>50%<\/td>\n<\/tr>\n<tr>\n<td>Pimienta Negra 35:1 Extracto seco (<em>Piper nigrum L<\/em>.)<\/td>\n<td>0.575 mg<\/td>\n<td>95%<\/td>\n<td>0,546 mg Piperina<\/td>\n<td>50%<\/td>\n<\/tr>\n<\/tbody>\n<\/table>\n<p>*VRN: Valores de Referencia de Nutrientes<\/p>\n<p><strong>Instructions for Use:<\/strong>\u00a0Como complemento en la dieta tomar dos (2) c\u00e1psulas al d\u00eda. En periodos prolongados de tratamiento se recomienda hacer descansos de consumo, para garantizar el efecto deseado.<\/p>\n<p>Caracter\u00edsticas principales de C\u00farcuma\u00a0 5.000 mg c\u00e1psulas:<\/p>\n<p>&nbsp;<\/p>\n<div class=\"et-custom-list etlist-check\">\n<ul>\n<li>Producto libre de al\u00e9rgenos. No contiene gluten, ni lactosa.<\/li>\n<li>Extractos secos valorados en principio activo.<\/li>\n<li>Complemento alimenticios a base de plantas naturales y vitamina C.<\/li>\n<li>Envase para 30 d\u00edas de uso.<\/li>\n<\/ul>\n<\/div>\n<p>&nbsp;<\/p>\n<p>Advertencias:\u00a0Los complementos alimenticios no deben utilizarse como sustitutos de una dieta variada y equilibrada. Se recomienda un\u00a0estilo de vida saludable. No sobrepasar la cantidad diaria recomendada. Conservar en lugar seco, fresco y protegido de la luz\u00a0solar. Mantener fuera del alcance de los ni\u00f1os m\u00e1s peque\u00f1os. Consultar a su m\u00e9dico en caso de embarazo o lactancia. En caso de alteraciones en la\u00a0 funci\u00f3n hep\u00e1tica, biliar o de c\u00e1lculos biliares, se desaconseja el uso del producto. Si est\u00e1 tomando medicamentos, consulte a su m\u00e9dico.<\/p>\n<\/div>","protected":false},"excerpt":{"rendered":"<p>Functions:<\/p>\n<p>1.\u00a0<b>Anti-inflammatory properties<\/b>: La curcumina, el principal compuesto activo de la c\u00farcuma, puede ayudar a reducir la inflamaci\u00f3n en el cuerpo, lo que puede ser beneficioso para condiciones como la artritis.<\/p>\n<p>2.\u00a0<b>Antioxidante<\/b>: La c\u00farcuma es rica en antioxidantes, que ayudan a combatir el da\u00f1o causado por los radicales libres y pueden contribuir a la salud celular.<\/p>\n<p>3.\u00a0<b>Mejora de la salud digestiva<\/b>: Puede ayudar a aliviar problemas digestivos y promover una mejor salud intestinal.<\/p>\n<p>4.\u00a0<b>Apoyo al sistema inmunol\u00f3gico<\/b>: Sus propiedades antiinflamatorias y antioxidantes pueden contribuir a fortalecer el sistema inmunol\u00f3gico.<\/p>\n<p>5.\u00a0<b>Salud cardiovascular<\/b>: Algunos estudios sugieren que la c\u00farcuma puede ayudar a mejorar la salud del coraz\u00f3n al reducir la inflamaci\u00f3n y mejorar la funci\u00f3n endotelial.<\/p>\n<p>6.\u00a0<b>Beneficios para la salud cerebral<\/b>: Se ha investigado su potencial para mejorar la funci\u00f3n cognitiva y proteger contra enfermedades neurodegenerativas.<\/p>\n<p>7.\u00a0<b>Control del az\u00facar en sangre<\/b>: Puede ayudar a regular los niveles de glucosa en sangre, lo que es beneficioso para personas con diabetes.<\/p>","protected":false},"featured_media":5274,"comment_status":"open","ping_status":"closed","template":"","meta":{"_acf_changed":false,"inline_featured_image":false},"product_cat":[105],"product_tag":[3032,1599,2735,1339,1316,133,955,989,839,1927,1928,934,2071,960,846,3033,2275,1341,1320,2172,730,3034,2052,734,997,3035,1349,346,1122,874,3036,912,913,538,1193,2866,216,1786,739,3037,1200,352,3038,2675,590,700,355,876,422],"genre":[],"class_list":{"0":"post-5953","1":"product","2":"type-product","3":"status-publish","4":"has-post-thumbnail","6":"product_cat-salud","7":"product_tag-antiinfalamatorio","8":"product_tag-antioxidante","9":"product_tag-artritis","10":"product_tag-azucar","11":"product_tag-beneficio","12":"product_tag-bio","13":"product_tag-bio-dis","14":"product_tag-biodis","15":"product_tag-c","16":"product_tag-cardiovascular","17":"product_tag-cerebral","18":"product_tag-circulacion","19":"product_tag-cognitiva","20":"product_tag-corazon","21":"product_tag-curcuma","22":"product_tag-curcumina","23":"product_tag-dano","24":"product_tag-diabetes","25":"product_tag-digestion","26":"product_tag-digestiva","27":"product_tag-dis","28":"product_tag-endotelial","29":"product_tag-enfermedades","30":"product_tag-essential","31":"product_tag-fortalece","32":"product_tag-fortalecer","33":"product_tag-glucosa","34":"product_tag-gluten","35":"product_tag-inflamacion","36":"product_tag-inmunologico","37":"product_tag-innmune","38":"product_tag-intestinal","39":"product_tag-intestino","40":"product_tag-lactosa","41":"product_tag-libre","42":"product_tag-nanture","43":"product_tag-natural","44":"product_tag-negra","45":"product_tag-obire","46":"product_tag-pimienta","47":"product_tag-planta","48":"product_tag-plantas","49":"product_tag-promover","50":"product_tag-radicales","51":"product_tag-salud","52":"product_tag-sangre","53":"product_tag-sin","54":"product_tag-sistema","55":"product_tag-vitamina","57":"first","58":"instock","59":"taxable","60":"shipping-taxable","61":"purchasable","62":"product-type-simple","63":"add-to-wishlist-after_add_to_cart"},"acf":[],"_links":{"self":[{"href":"https:\/\/compraencieza.es\/en\/wp-json\/wp\/v2\/product\/5953","targetHints":{"allow":["GET"]}}],"collection":[{"href":"https:\/\/compraencieza.es\/en\/wp-json\/wp\/v2\/product"}],"about":[{"href":"https:\/\/compraencieza.es\/en\/wp-json\/wp\/v2\/types\/product"}],"replies":[{"embeddable":true,"href":"https:\/\/compraencieza.es\/en\/wp-json\/wp\/v2\/comments?post=5953"}],"wp:featuredmedia":[{"embeddable":true,"href":"https:\/\/compraencieza.es\/en\/wp-json\/wp\/v2\/media\/5274"}],"wp:attachment":[{"href":"https:\/\/compraencieza.es\/en\/wp-json\/wp\/v2\/media?parent=5953"}],"wp:term":[{"taxonomy":"product_cat","embeddable":true,"href":"https:\/\/compraencieza.es\/en\/wp-json\/wp\/v2\/product_cat?post=5953"},{"taxonomy":"product_tag","embeddable":true,"href":"https:\/\/compraencieza.es\/en\/wp-json\/wp\/v2\/product_tag?post=5953"},{"taxonomy":"product_brand","embeddable":true,"href":"https:\/\/compraencieza.es\/en\/wp-json\/wp\/v2\/genre?post=5953"}],"curies":[{"name":"wp","href":"https:\/\/api.w.org\/{rel}","templated":true}]}}