{"id":5955,"date":"2025-01-09T17:10:43","date_gmt":"2025-01-09T16:10:43","guid":{"rendered":"https:\/\/compraencieza.es\/?post_type=product&#038;p=5955"},"modified":"2025-01-09T17:21:52","modified_gmt":"2025-01-09T16:21:52","slug":"epaplus-digestcare-preprobimix","status":"publish","type":"product","link":"https:\/\/compraencieza.es\/en\/product\/epaplus-digestcare-preprobimix\/","title":{"rendered":"Epaplus Digestcare PRE&#038;PRobimix"},"content":{"rendered":"<p>Formula:<\/p>\n<ul>\n<li><b>Fermentos l\u00e1cticos:<\/b>\u00a0Son parte de la familia m\u00e1s grande de\u00a0<b>probi\u00f3ticos<\/b>\u00a0y, en este caso,\u00a0<b>Epaplus Digestcare Pre&amp;Probimix<\/b>\u00a0contiene m\u00e1s de 10 cepas diferentes.<\/li>\n<li><b>FOS<\/b>\u00a0<b>(fructooligosac\u00e1ridos):\u00a0<\/b>Son un tipo de fibra soluble que contienen fructosa y que se encuentran de forma natural en algunas frutas y verduras. Este tipo de fibras se consideran prebi\u00f3ticas.<\/li>\n<li><b>Extracto de manzanilla:<\/b>\u00a0Contribuye al confort digestivo y ayuda a mantener la correcta\u00a0<b>digesti\u00f3n.<\/b><\/li>\n<li><b>Vitamina B1:<\/b>\u00a0Ayuda al metabolismo energ\u00e9tico normal.<\/li>\n<li><b>Vitamina B2:<\/b>\u00a0Contribuye al metabolismo energ\u00e9tico normal y a la protecci\u00f3n de las c\u00e9lulas frente al da\u00f1o oxidativo.<\/li>\n<li><b>Vitamina B3:<\/b>\u00a0Contribuye al mantenimiento de las mucosas en condiciones normales.<\/li>\n<li><b>Vitamina B5, B6 Y B9:<\/b>\u00a0Ayudan a disminuir el cansancio y la fatiga.<\/li>\n<li><b><\/b><b>Vitamina B12<\/b>: Contribuye al metabolismo energ\u00e9tico normal y ayuda a disminuir el cansancio y la fatiga.<\/li>\n<\/ul>\n<p>&nbsp;<\/p>\n<p>7\u00a0 sticks.<\/p>\n<p>&nbsp;<\/p>\n<p>Hasta 1 stick al d\u00eda. Apto para adultos y ni\u00f1os a partir de 3 a\u00f1os.<\/p>\n<p>Tomar 1 stick al d\u00eda, preferentemente durante el desayuno. Puede tomarse directamente o bien dispersarse en agua u otro l\u00edquido.<\/p>\n<p>&nbsp;<\/p>\n<p>Sin az\u00facares. Apto para veganos.<\/p>","protected":false},"excerpt":{"rendered":"<p><strong>Epaplus Digestcare Pre&amp;Probimix<\/strong>\u00a0es un complemento alimenticio que, gracias a su f\u00f3rmula, ayuda al equilibrio de la flora intestinal. Adem\u00e1s, est\u00e1 elaborado a base de fermentos l\u00e1cticos, FOS y vitaminas del grupo B.<\/p>","protected":false},"featured_media":5276,"comment_status":"open","ping_status":"closed","template":"","meta":{"_acf_changed":false,"inline_featured_image":false},"product_cat":[105],"product_tag":[1140,1208,1339,2415,710,2235,3053,894,1320,895,852,2027,3054,180,3045,2059,2777,2779,2847,1349,912,913,3055,543,2673,3056,3057,3058,2722,3059,2367,3060,1825,1893,422,358],"genre":[],"class_list":{"0":"post-5955","1":"product","2":"type-product","3":"status-publish","4":"has-post-thumbnail","6":"product_cat-salud","7":"product_tag-1140","8":"product_tag-adultos","9":"product_tag-azucar","10":"product_tag-azucares","11":"product_tag-bienestar","12":"product_tag-cagar","13":"product_tag-cepas","14":"product_tag-digestcare","15":"product_tag-digestion","16":"product_tag-digestivo","17":"product_tag-epaplus","18":"product_tag-estrenimiento","19":"product_tag-fermentos","20":"product_tag-fibra","21":"product_tag-fibras","22":"product_tag-flora","23":"product_tag-fos","24":"product_tag-fructooligosacaridos","25":"product_tag-fuente","26":"product_tag-glucosa","27":"product_tag-intestinal","28":"product_tag-intestino","29":"product_tag-lacticos","30":"product_tag-ninos","31":"product_tag-pre","32":"product_tag-preprobimix","33":"product_tag-preyprobimix","34":"product_tag-probimix","35":"product_tag-probioticos","36":"product_tag-stics","37":"product_tag-transito","38":"product_tag-ufc","39":"product_tag-vegano","40":"product_tag-veganos","41":"product_tag-vitamina","42":"product_tag-vitaminas","44":"first","45":"instock","46":"taxable","47":"shipping-taxable","48":"purchasable","49":"product-type-simple","50":"add-to-wishlist-after_add_to_cart"},"acf":[],"_links":{"self":[{"href":"https:\/\/compraencieza.es\/en\/wp-json\/wp\/v2\/product\/5955","targetHints":{"allow":["GET"]}}],"collection":[{"href":"https:\/\/compraencieza.es\/en\/wp-json\/wp\/v2\/product"}],"about":[{"href":"https:\/\/compraencieza.es\/en\/wp-json\/wp\/v2\/types\/product"}],"replies":[{"embeddable":true,"href":"https:\/\/compraencieza.es\/en\/wp-json\/wp\/v2\/comments?post=5955"}],"wp:featuredmedia":[{"embeddable":true,"href":"https:\/\/compraencieza.es\/en\/wp-json\/wp\/v2\/media\/5276"}],"wp:attachment":[{"href":"https:\/\/compraencieza.es\/en\/wp-json\/wp\/v2\/media?parent=5955"}],"wp:term":[{"taxonomy":"product_cat","embeddable":true,"href":"https:\/\/compraencieza.es\/en\/wp-json\/wp\/v2\/product_cat?post=5955"},{"taxonomy":"product_tag","embeddable":true,"href":"https:\/\/compraencieza.es\/en\/wp-json\/wp\/v2\/product_tag?post=5955"},{"taxonomy":"product_brand","embeddable":true,"href":"https:\/\/compraencieza.es\/en\/wp-json\/wp\/v2\/genre?post=5955"}],"curies":[{"name":"wp","href":"https:\/\/api.w.org\/{rel}","templated":true}]}}