{"id":5956,"date":"2025-01-09T17:10:51","date_gmt":"2025-01-09T16:10:51","guid":{"rendered":"https:\/\/compraencieza.es\/?post_type=product&#038;p=5956"},"modified":"2025-01-09T17:24:31","modified_gmt":"2025-01-09T16:24:31","slug":"epaplus-digestcare-lactopro","status":"publish","type":"product","link":"https:\/\/compraencieza.es\/en\/product\/epaplus-digestcare-lactopro\/","title":{"rendered":"Epaplus Digestcare Lactopro"},"content":{"rendered":"<p><b>Epaplus Digestcare Lactopro\u00a0<\/b>es un complemento alimenticio a base de lactasa, extractos naturales y fermentos l\u00e1cticos que, gracias a su formulaci\u00f3n, facilita la digesti\u00f3n de la lactosa.<span class=\"Apple-converted-space\">\u00a0<\/span><\/p>\n<p>Formula:<\/p>\n<ul>\n<li><b>Lactasa:<\/b>\u00a0Es una enzima que ayuda a la digesti\u00f3n de la lactosa en personas con problemas para digerirla. Cada comprimido contiene 9.000 FCC.<\/li>\n<li><b>Fermentos l\u00e1cticos:\u00a0<\/b>Conjunto de microorganismos que contribuyen a la buena salud del sistema digestivo.<\/li>\n<li><b>Extracto de manzanilla:<\/b>\u00a0Contribuye al confort digestivo y ayuda a mantener la correcta digesti\u00f3n.<\/li>\n<\/ul>\n<p>30 Comprimidos.<\/p>\n<p>Instructions for use:<\/p>\n<p>Tomar 1 comprimido con cada comida que contenga lactosa. Esta dosis puede requerir un ajuste seg\u00fan las necesidades individuales, pudi\u00e9ndose tomar 2 comprimidos por comida.<\/p>\n<p>Adults from 12 years old.<\/p>","protected":false},"excerpt":{"rendered":"<p>Facilita la digesti\u00f3n de los l\u00e1cteos.<\/p>","protected":false},"featured_media":5277,"comment_status":"open","ping_status":"closed","template":"","meta":{"_acf_changed":false,"inline_featured_image":false},"product_cat":[105],"product_tag":[2712,2235,711,894,1320,852,2027,3061,3054,180,3045,2059,912,913,3062,3055,3063,3064,538,566,2288,602,255,2722,2367],"genre":[],"class_list":{"0":"post-5956","1":"product","2":"type-product","3":"status-publish","4":"has-post-thumbnail","6":"product_cat-salud","7":"product_tag-biota","8":"product_tag-cagar","9":"product_tag-confort","10":"product_tag-digestcare","11":"product_tag-digestion","12":"product_tag-epaplus","13":"product_tag-estrenimiento","14":"product_tag-fcc","15":"product_tag-fermentos","16":"product_tag-fibra","17":"product_tag-fibras","18":"product_tag-flora","19":"product_tag-intestinal","20":"product_tag-intestino","21":"product_tag-lactasa","22":"product_tag-lacticos","23":"product_tag-lacto","24":"product_tag-lactopro","25":"product_tag-lactosa","26":"product_tag-manzanilla","27":"product_tag-micro","28":"product_tag-microbiota","29":"product_tag-pro","30":"product_tag-probioticos","31":"product_tag-transito","33":"first","34":"instock","35":"taxable","36":"shipping-taxable","37":"purchasable","38":"product-type-simple","39":"add-to-wishlist-after_add_to_cart"},"acf":[],"_links":{"self":[{"href":"https:\/\/compraencieza.es\/en\/wp-json\/wp\/v2\/product\/5956","targetHints":{"allow":["GET"]}}],"collection":[{"href":"https:\/\/compraencieza.es\/en\/wp-json\/wp\/v2\/product"}],"about":[{"href":"https:\/\/compraencieza.es\/en\/wp-json\/wp\/v2\/types\/product"}],"replies":[{"embeddable":true,"href":"https:\/\/compraencieza.es\/en\/wp-json\/wp\/v2\/comments?post=5956"}],"wp:featuredmedia":[{"embeddable":true,"href":"https:\/\/compraencieza.es\/en\/wp-json\/wp\/v2\/media\/5277"}],"wp:attachment":[{"href":"https:\/\/compraencieza.es\/en\/wp-json\/wp\/v2\/media?parent=5956"}],"wp:term":[{"taxonomy":"product_cat","embeddable":true,"href":"https:\/\/compraencieza.es\/en\/wp-json\/wp\/v2\/product_cat?post=5956"},{"taxonomy":"product_tag","embeddable":true,"href":"https:\/\/compraencieza.es\/en\/wp-json\/wp\/v2\/product_tag?post=5956"},{"taxonomy":"product_brand","embeddable":true,"href":"https:\/\/compraencieza.es\/en\/wp-json\/wp\/v2\/genre?post=5956"}],"curies":[{"name":"wp","href":"https:\/\/api.w.org\/{rel}","templated":true}]}}