{"id":5957,"date":"2025-01-09T17:10:51","date_gmt":"2025-01-09T16:10:51","guid":{"rendered":"https:\/\/compraencieza.es\/?post_type=product&#038;p=5957"},"modified":"2025-01-09T17:24:31","modified_gmt":"2025-01-09T16:24:31","slug":"jarabe-balsamico-epaplus-inmonocare-kids-150ml","status":"publish","type":"product","link":"https:\/\/compraencieza.es\/en\/product\/jarabe-balsamico-epaplus-inmonocare-kids-150ml\/","title":{"rendered":"Jarabe bals\u00e1mico &#8211; Epaplus inmonocare kids 150ml"},"content":{"rendered":"<p>Formula:<\/p>\n<ul>\n<li><strong>Miel de flores:<\/strong>\u00a0Es un tipo de miel que contiene una gran variedad de n\u00e9ctares recogida de una amplia diversidad de flores.<\/li>\n<li><strong>Llant\u00e9n:<\/strong>\u00a0Por su contenido rico en muc\u00edlagos, el llant\u00e9n tiene propiedades emolientes, es decir suavizantes en la garganta, faringe y cuerdas vocales.<\/li>\n<li><strong>Acerola:<\/strong>\u00a0Tiene un elevado contenido en vitamina C, que contribuye al funcionamiento normal del sistema inmunitario.<\/li>\n<li><strong>Grindelia:<\/strong>\u00a0Es una planta de la familia de los girasoles rica en flavonoides, aceites esenciales y taninos. Ayuda a mantener el tracto respiratorio y la garganta por su actividad bals\u00e1mica y expectorante.<\/li>\n<li><strong>Drosera:<\/strong>\u00a0Es una planta de la familia de las droser\u00e1ceas rica en naftoquinonas y muc\u00edlagos.<\/li>\n<li><strong>Aceite esencial de Lim\u00f3n:<\/strong>\u00a0Ayuda al funcionamiento normal del sistema inmunitario del organismo.<\/li>\n<li><strong>Vitaminas B2 y B3:<\/strong>\u00a0Contribuyen al mantenimiento de las mucosas en condiciones normales.<\/li>\n<\/ul>\n<p>Botella con 150 ml de soluci\u00f3n y cucharilla dosificadora. Pueden existir ligeras variaciones de color, olor, sabor y aspecto del l\u00edquido que no afectan a su calidad.<\/p>\n<p>Recommended dosage:<\/p>\n<p>10 ml (dos cucharadas dosificadoras) 2 veces al d\u00eda.<\/p>\n<p>Instructions for use:<\/p>\n<p>Agitar el envase antes de usar.<br \/>\nPreferentemente administrar la \u00faltima toma antes de acostarse.<\/p>","protected":false},"excerpt":{"rendered":"<p>Es un complemento alimenticio que ayuda al mantenimiento de la salud de las v\u00edas respiratorias gracias a su contenido en grindelia. Contiene tambi\u00e9n miel de flores, Llant\u00e9n, Acerola, Grindelia y Drosera,\u00a0 aceite esencial de naranja dulce, lim\u00f3n y mirto y vitaminas B2 y B3<\/p>","protected":false},"featured_media":5278,"comment_status":"open","ping_status":"closed","template":"","meta":{"_acf_changed":false,"inline_featured_image":false},"product_cat":[105],"product_tag":[1032,1169,1011,1035,132,578,891,2050,1017,2051,2052,852,2053,1023,3065,2054,585,1830,1831,1024,347,350,1193,390,315,216,1330,352,657,2055,1048,2056,876,2057],"genre":[],"class_list":{"0":"post-5957","1":"product","2":"type-product","3":"status-publish","4":"has-post-thumbnail","6":"product_cat-salud","7":"product_tag-acerola","8":"product_tag-alergenos","9":"product_tag-alimenticio","10":"product_tag-alivio","11":"product_tag-anti","12":"product_tag-antiinflamatorio","13":"product_tag-complemento","14":"product_tag-congestion","15":"product_tag-drosera","16":"product_tag-echinacea","17":"product_tag-enfermedades","18":"product_tag-epaplus","19":"product_tag-equinacea","20":"product_tag-grindelia","21":"product_tag-immunocare","22":"product_tag-infecciones","23":"product_tag-inflamatorio","24":"product_tag-inmune","25":"product_tag-inmunitario","26":"product_tag-inmunocare","27":"product_tag-jarabe","28":"product_tag-kids","29":"product_tag-libre","30":"product_tag-llanten","31":"product_tag-miel","32":"product_tag-natural","33":"product_tag-oxidante","34":"product_tag-plantas","35":"product_tag-previene","36":"product_tag-refuerzo","37":"product_tag-resfriado","38":"product_tag-resfriados","39":"product_tag-sistema","40":"product_tag-vias","42":"first","43":"instock","44":"taxable","45":"shipping-taxable","46":"purchasable","47":"product-type-simple","48":"add-to-wishlist-after_add_to_cart"},"acf":[],"_links":{"self":[{"href":"https:\/\/compraencieza.es\/en\/wp-json\/wp\/v2\/product\/5957","targetHints":{"allow":["GET"]}}],"collection":[{"href":"https:\/\/compraencieza.es\/en\/wp-json\/wp\/v2\/product"}],"about":[{"href":"https:\/\/compraencieza.es\/en\/wp-json\/wp\/v2\/types\/product"}],"replies":[{"embeddable":true,"href":"https:\/\/compraencieza.es\/en\/wp-json\/wp\/v2\/comments?post=5957"}],"wp:featuredmedia":[{"embeddable":true,"href":"https:\/\/compraencieza.es\/en\/wp-json\/wp\/v2\/media\/5278"}],"wp:attachment":[{"href":"https:\/\/compraencieza.es\/en\/wp-json\/wp\/v2\/media?parent=5957"}],"wp:term":[{"taxonomy":"product_cat","embeddable":true,"href":"https:\/\/compraencieza.es\/en\/wp-json\/wp\/v2\/product_cat?post=5957"},{"taxonomy":"product_tag","embeddable":true,"href":"https:\/\/compraencieza.es\/en\/wp-json\/wp\/v2\/product_tag?post=5957"},{"taxonomy":"product_brand","embeddable":true,"href":"https:\/\/compraencieza.es\/en\/wp-json\/wp\/v2\/genre?post=5957"}],"curies":[{"name":"wp","href":"https:\/\/api.w.org\/{rel}","templated":true}]}}