{"id":5960,"date":"2025-01-09T17:10:51","date_gmt":"2025-01-09T16:10:51","guid":{"rendered":"https:\/\/compraencieza.es\/?post_type=product&#038;p=5960"},"modified":"2025-01-09T17:24:31","modified_gmt":"2025-01-09T16:24:31","slug":"arandano-280mg","status":"publish","type":"product","link":"https:\/\/compraencieza.es\/en\/product\/arandano-280mg\/","title":{"rendered":"Ar\u00e1ndano 280mg"},"content":{"rendered":"<p>Complemento alimenticio a base de ar\u00e1ndano. El ar\u00e1ndano es utilizado para la correcta circulaci\u00f3n de la sangre en los microvasos.<br \/>\nAyuda a una correcta circulaci\u00f3n en los microvasos oculares, contribuyendo a mantener una correcta agudeza visual, particularmente sobre la visi\u00f3n nocturna.<\/p>\n<p>Tomar de 3 a 6 comprimidos al d\u00eda.<\/p>\n<p>Por 1 comprimido: Hojas de ar\u00e1ndano (280 mg).<br \/>\n6 comprimidos aportan 1,68 g de ar\u00e1ndano.<\/p>\n<p>No sobrepasar la dosis diaria expresamente establecida. Conservar en lugar seco y fresco.<br \/>\nConservar fuera del alcance y de la vista de los ni\u00f1os m\u00e1s peque\u00f1os. Los complementos alimenticios no deben utilizarse como sustitutos de una dieta equilibrada. Eladiet recomienda seguir una dieta variada y equilibrada y un estilo de vida saludable.<\/p>","protected":false},"excerpt":{"rendered":"<p>El ar\u00e1ndano es utilizado para la correcta circulaci\u00f3n de la sangre en los microvasos.<\/p>","protected":false},"featured_media":5281,"comment_status":"open","ping_status":"closed","template":"","meta":{"_acf_changed":false,"inline_featured_image":false},"product_cat":[105],"product_tag":[3078,2103,1339,887,934,958,1341,344,3079,1349,3080,3081,1698,331,700,3082],"genre":[],"class_list":{"0":"post-5960","1":"product","2":"type-product","3":"status-publish","4":"has-post-thumbnail","6":"product_cat-salud","7":"product_tag-agudeza","8":"product_tag-arandano","9":"product_tag-azucar","10":"product_tag-capsulas","11":"product_tag-circulacion","12":"product_tag-colesterol","13":"product_tag-diabetes","14":"product_tag-eladiet","15":"product_tag-fitotablet","16":"product_tag-glucosa","17":"product_tag-microvasos","18":"product_tag-nocturna","19":"product_tag-ocular","20":"product_tag-ojos","21":"product_tag-sangre","22":"product_tag-visual","24":"first","25":"instock","26":"taxable","27":"shipping-taxable","28":"purchasable","29":"product-type-simple","30":"add-to-wishlist-after_add_to_cart"},"acf":[],"_links":{"self":[{"href":"https:\/\/compraencieza.es\/en\/wp-json\/wp\/v2\/product\/5960","targetHints":{"allow":["GET"]}}],"collection":[{"href":"https:\/\/compraencieza.es\/en\/wp-json\/wp\/v2\/product"}],"about":[{"href":"https:\/\/compraencieza.es\/en\/wp-json\/wp\/v2\/types\/product"}],"replies":[{"embeddable":true,"href":"https:\/\/compraencieza.es\/en\/wp-json\/wp\/v2\/comments?post=5960"}],"wp:featuredmedia":[{"embeddable":true,"href":"https:\/\/compraencieza.es\/en\/wp-json\/wp\/v2\/media\/5281"}],"wp:attachment":[{"href":"https:\/\/compraencieza.es\/en\/wp-json\/wp\/v2\/media?parent=5960"}],"wp:term":[{"taxonomy":"product_cat","embeddable":true,"href":"https:\/\/compraencieza.es\/en\/wp-json\/wp\/v2\/product_cat?post=5960"},{"taxonomy":"product_tag","embeddable":true,"href":"https:\/\/compraencieza.es\/en\/wp-json\/wp\/v2\/product_tag?post=5960"},{"taxonomy":"product_brand","embeddable":true,"href":"https:\/\/compraencieza.es\/en\/wp-json\/wp\/v2\/genre?post=5960"}],"curies":[{"name":"wp","href":"https:\/\/api.w.org\/{rel}","templated":true}]}}