{"id":5961,"date":"2025-01-09T17:10:51","date_gmt":"2025-01-09T16:10:51","guid":{"rendered":"https:\/\/compraencieza.es\/?post_type=product&#038;p=5961"},"modified":"2025-01-09T17:24:31","modified_gmt":"2025-01-09T16:24:31","slug":"castano-de-indias-200mg","status":"publish","type":"product","link":"https:\/\/compraencieza.es\/en\/product\/castano-de-indias-200mg\/","title":{"rendered":"Horse Chestnut 200mg"},"content":{"rendered":"<p>Complemento alimenticio a base de casta\u00f1o de indias. El casta\u00f1o de indias ayuda a mantener una circulaci\u00f3n sangu\u00ednea saludable, favoreciendo la reducci\u00f3n de sensaci\u00f3n de piernas cansadas.<\/p>\n<p>Tomar 3 comprimidos al d\u00eda.<\/p>\n<p>Por 1 comprimido: semillas de casta\u00f1o de indias (200 mg). 3 comprimidos aportan 600 mg de casta\u00f1o de indias.<\/p>\n<p>No sobrepasar la dosis diaria expresamente establecida. Conservar en lugar seco y fresco. Conservar fuera del alcance y de la vista de los ni\u00f1os m\u00e1s peque\u00f1os. Los complementos alimenticios no deben utilizarse como sustitutos de una dieta equilibrada. Eladiet recomienda seguir una dieta variada y equilibrada y un estilo de vida saludable.<\/p>","protected":false},"excerpt":{"rendered":"<p>El casta\u00f1o de indias ayuda a mantener una circulaci\u00f3n sangu\u00ednea normal.<\/p>\n<p>&nbsp;<\/p>","protected":false},"featured_media":5282,"comment_status":"open","ping_status":"closed","template":"","meta":{"_acf_changed":false,"inline_featured_image":false},"product_cat":[105],"product_tag":[1339,3083,887,933,934,3084,958,3085,1341,344,3079,942,3086,150,570,3087],"genre":[],"class_list":{"0":"post-5961","1":"product","2":"type-product","3":"status-publish","4":"has-post-thumbnail","6":"product_cat-salud","7":"product_tag-azucar","8":"product_tag-cansadas","9":"product_tag-capsulas","10":"product_tag-castano","11":"product_tag-circulacion","12":"product_tag-ciruculatorio","13":"product_tag-colesterol","14":"product_tag-de","15":"product_tag-diabetes","16":"product_tag-eladiet","17":"product_tag-fitotablet","18":"product_tag-indias","19":"product_tag-piernas","20":"product_tag-reduce","21":"product_tag-sensacion","22":"product_tag-tableta","24":"first","25":"instock","26":"taxable","27":"shipping-taxable","28":"purchasable","29":"product-type-simple","30":"add-to-wishlist-after_add_to_cart"},"acf":[],"_links":{"self":[{"href":"https:\/\/compraencieza.es\/en\/wp-json\/wp\/v2\/product\/5961","targetHints":{"allow":["GET"]}}],"collection":[{"href":"https:\/\/compraencieza.es\/en\/wp-json\/wp\/v2\/product"}],"about":[{"href":"https:\/\/compraencieza.es\/en\/wp-json\/wp\/v2\/types\/product"}],"replies":[{"embeddable":true,"href":"https:\/\/compraencieza.es\/en\/wp-json\/wp\/v2\/comments?post=5961"}],"wp:featuredmedia":[{"embeddable":true,"href":"https:\/\/compraencieza.es\/en\/wp-json\/wp\/v2\/media\/5282"}],"wp:attachment":[{"href":"https:\/\/compraencieza.es\/en\/wp-json\/wp\/v2\/media?parent=5961"}],"wp:term":[{"taxonomy":"product_cat","embeddable":true,"href":"https:\/\/compraencieza.es\/en\/wp-json\/wp\/v2\/product_cat?post=5961"},{"taxonomy":"product_tag","embeddable":true,"href":"https:\/\/compraencieza.es\/en\/wp-json\/wp\/v2\/product_tag?post=5961"},{"taxonomy":"product_brand","embeddable":true,"href":"https:\/\/compraencieza.es\/en\/wp-json\/wp\/v2\/genre?post=5961"}],"curies":[{"name":"wp","href":"https:\/\/api.w.org\/{rel}","templated":true}]}}