{"id":5963,"date":"2025-01-09T17:10:51","date_gmt":"2025-01-09T16:10:51","guid":{"rendered":"https:\/\/compraencieza.es\/?post_type=product&#038;p=5963"},"modified":"2025-01-09T17:24:31","modified_gmt":"2025-01-09T16:24:31","slug":"set-de-2-conchas-protectoras-y-2-conchas-recolectoras","status":"publish","type":"product","link":"https:\/\/compraencieza.es\/en\/product\/set-de-2-conchas-protectoras-y-2-conchas-recolectoras\/","title":{"rendered":"Set de 2 Conchas Protectoras y 2 Conchas Recolectoras"},"content":{"rendered":"<p><strong>Pack de 2 conchas protectoras y 2 conchas recolectoras.<\/strong><\/p>\n<ul>\n<li><strong>Conchas protectoras:\u00a0<\/strong>las distinguir\u00e1s por su color piel. Colocadas dentro del sujetador, las conchas protectoras evitan el roce de la ropa sobre el pecho sensible o da\u00f1ado por las grietas o irritaciones. Sus almohadillas de silicona se apoyan suavemente sobre el pecho para proporcionar la m\u00e1xima suavidad.<br \/>\nAdem\u00e1s, cuentan con orificios de ventilaci\u00f3n en la parte superior para que el pecho este aireado y facilitar as\u00ed su curaci\u00f3n y recuperaci\u00f3n.<\/li>\n<li><strong>Conchas recolectoras<\/strong>: las distinguir\u00e1s porque no tienen ni color ni orificios. Colocadas en el pecho, recoger\u00e1n los excesos de leche para que posteriormente puedas volcarla en el biber\u00f3n o almacenarla. Para ello, tienen una peque\u00f1a muesca en la parte superior que facilita su vaciado.<br \/>\nPuedes colocarlas en el pecho opuesto cuando est\u00e1s amamantado al beb\u00e9, durante la extracci\u00f3n o en cualquier momento en el que tengas un exceso de leche.<\/li>\n<\/ul>\n<p>&nbsp;<\/p>\n<ul>\n<li>En cada pack encontrar\u00e1s dos unidades de cada tipo de concha y un par de almohadillas de silicona.<\/li>\n<li>S\u00faper discretas.<\/li>\n<li>Conchas de polipropileno y almohadillas de silicona.<\/li>\n<\/ul>\n<p>Consejos de uso:<\/p>\n<ul>\n<li>Usa las conchas protectoras para evitar las molestias que puede causar la ropa o los roces en los pechos sensibles o da\u00f1ados por grietas o irritaciones.<\/li>\n<li>Usa las conchas recolectoras para recoger los excesos de leche, \u00a1cada gota cuenta!<\/li>\n<\/ul>","protected":false},"excerpt":{"rendered":"<p>Las conchas pueden colocarse\u00a0<strong>dentro del sujetador<\/strong>. Gracias a sus almohadillas de silicona, suave y flexible, se quedar\u00e1n acopladas al pecho sin molestias. Adem\u00e1s, se quitan y se ponen con facilidad.<\/p>\n<p>Tanto las conchas protectoras como las conchas recolectoras son s\u00faper discretas.<\/p>","protected":false},"featured_media":5284,"comment_status":"open","ping_status":"closed","template":"","meta":{"_acf_changed":false,"inline_featured_image":false},"product_cat":[105],"product_tag":[3091,3092,159,934,3093,3094,3095,3096,3097,3098,1485,2100,161,163,165,1486,250,3099,184,1507,1920,3100,3101,3102,332,186,3103,2459,3104,3105,1256,188,205,172,3106,1923],"genre":[],"class_list":{"0":"post-5963","1":"product","2":"type-product","3":"status-publish","4":"has-post-thumbnail","6":"product_cat-salud","7":"product_tag-aireado","8":"product_tag-almohadillas","9":"product_tag-bebe","10":"product_tag-circulacion","11":"product_tag-conchas","12":"product_tag-danodado","13":"product_tag-discretas","14":"product_tag-excesos","15":"product_tag-facilidad","16":"product_tag-grietas","17":"product_tag-irritaciones","18":"product_tag-lactancia","19":"product_tag-leche","20":"product_tag-madre","21":"product_tag-materna","22":"product_tag-maxima","23":"product_tag-nacido","24":"product_tag-orificios","25":"product_tag-pack","26":"product_tag-pecho","27":"product_tag-pezon","28":"product_tag-polipropileno","29":"product_tag-pon","30":"product_tag-protectoras","31":"product_tag-quita","32":"product_tag-recien","33":"product_tag-recoletctoras","34":"product_tag-recuperacion","35":"product_tag-roce","36":"product_tag-ropa","37":"product_tag-sensible","38":"product_tag-set","39":"product_tag-suavidad","40":"product_tag-suavinex","41":"product_tag-sujetador","42":"product_tag-ventilacion","44":"first","45":"instock","46":"taxable","47":"shipping-taxable","48":"purchasable","49":"product-type-simple","50":"add-to-wishlist-after_add_to_cart"},"acf":[],"_links":{"self":[{"href":"https:\/\/compraencieza.es\/en\/wp-json\/wp\/v2\/product\/5963","targetHints":{"allow":["GET"]}}],"collection":[{"href":"https:\/\/compraencieza.es\/en\/wp-json\/wp\/v2\/product"}],"about":[{"href":"https:\/\/compraencieza.es\/en\/wp-json\/wp\/v2\/types\/product"}],"replies":[{"embeddable":true,"href":"https:\/\/compraencieza.es\/en\/wp-json\/wp\/v2\/comments?post=5963"}],"wp:featuredmedia":[{"embeddable":true,"href":"https:\/\/compraencieza.es\/en\/wp-json\/wp\/v2\/media\/5284"}],"wp:attachment":[{"href":"https:\/\/compraencieza.es\/en\/wp-json\/wp\/v2\/media?parent=5963"}],"wp:term":[{"taxonomy":"product_cat","embeddable":true,"href":"https:\/\/compraencieza.es\/en\/wp-json\/wp\/v2\/product_cat?post=5963"},{"taxonomy":"product_tag","embeddable":true,"href":"https:\/\/compraencieza.es\/en\/wp-json\/wp\/v2\/product_tag?post=5963"},{"taxonomy":"product_brand","embeddable":true,"href":"https:\/\/compraencieza.es\/en\/wp-json\/wp\/v2\/genre?post=5963"}],"curies":[{"name":"wp","href":"https:\/\/api.w.org\/{rel}","templated":true}]}}