{"id":5964,"date":"2025-01-09T17:10:51","date_gmt":"2025-01-09T16:10:51","guid":{"rendered":"https:\/\/compraencieza.es\/?post_type=product&#038;p=5964"},"modified":"2025-01-09T17:24:30","modified_gmt":"2025-01-09T16:24:30","slug":"pasta-dentifrica-orthodontic-vitis","status":"publish","type":"product","link":"https:\/\/compraencieza.es\/en\/product\/pasta-dentifrica-orthodontic-vitis\/","title":{"rendered":"Pasta Dent\u00edfrica Orthodontic &#8211; Vitis"},"content":{"rendered":"<h4>F\u00d3RMULA<\/h4>\n<h4>Cloruro de cetilpiridinio (CPC) Antis\u00e9ptico de uso diario que inhibe la formaci\u00f3n del biofilm oral (placa bacteriana) y reduce su acumulaci\u00f3n, controlando as\u00ed la aparici\u00f3n o el desarrollo de gingivitis.<\/h4>\n<h4>Fluoruro s\u00f3dico Remineraliza el esmalte y previene la caries dental.<\/h4>\n<h4>Aloe vera Protege boca, dientes y enc\u00edas.Protege la mucosa oral.<\/h4>\n<h4>INDICACIONES<\/h4>\n<h4>La pasta dent\u00edfrica es adecuada para los portadores de aparatos de ortodoncia. Tambi\u00e9n est\u00e1 indicada para las personas propensas a tener aftas bucales, llagas y heridas. Es apta para cel\u00edacos.<\/h4>\n<h4>MODO DE EMPLEO<\/h4>\n<h4>Limpiar los dientes un m\u00ednimo de tres veces al d\u00eda y utilizar un cepillo adecuado para portadores de ortodoncia.<\/h4>","protected":false},"excerpt":{"rendered":"<h4>El dent\u00edfrico VITIS Orthodontic ofrece una prevenci\u00f3n diaria frente a problemas frecuentes derivados del tratamiento ortod\u00f3ntico: heridas, llagas, acumulaci\u00f3n de biofilm oral (placa bacteriana), gingivitis, desmineralizaci\u00f3n del esmalte dental, halitosis, etc. As\u00ed pues, proporciona diariamente los principios activos necesarios para mantener una boca sana: inhibe la formaci\u00f3n de biofilm oral, protege la boca, los dientes, las enc\u00edas y la mucosa oral, a la vez que remineraliza el esmalte y previene la caries dental.<\/h4>\n<h4>Su uso diario permite disfrutar de una boca limpia y sana durante el tratamiento ortod\u00f3ntico. Tiene un agradable sabor a manzana-menta. Y adem\u00e1s, su innovadora textura favorece el r\u00e1pido acceso entre los espacios de la ortodoncia. Producto distribuido en Espa\u00f1a<\/h4>","protected":false},"featured_media":5286,"comment_status":"open","ping_status":"closed","template":"","meta":{"_acf_changed":false,"inline_featured_image":false},"product_cat":[105],"product_tag":[153,2270,2144,2271,1295,2272,132,2273,1339,504,1955,1672,2274,1926,507,177,540,1614,2275,2276,509,3088,3089,2277,2278,511,457,512,2279,460,680,2280,2281,1117,198,515,2338,224,346,560,2282,2283,2284,2285,2150,2286,2287,519,161,227,476,2288,1026,2289,216,2290,543,522,2291,3107,2292,3108,524,657,1930,393,2293,2294,812,539,2295],"genre":[],"class_list":{"0":"post-5964","1":"product","2":"type-product","3":"status-publish","4":"has-post-thumbnail","6":"product_cat-salud","7":"product_tag-153","8":"product_tag-acceso","9":"product_tag-acero","10":"product_tag-agarre","11":"product_tag-agradable","12":"product_tag-alambre","13":"product_tag-anti","14":"product_tag-antideslizante","15":"product_tag-azucar","16":"product_tag-b","17":"product_tag-bacteriana","18":"product_tag-bacterias","19":"product_tag-biofilm","20":"product_tag-bucal","21":"product_tag-caries","22":"product_tag-cepillo","23":"product_tag-control","24":"product_tag-cosmetica","25":"product_tag-dano","26":"product_tag-dentaid","27":"product_tag-dental","28":"product_tag-dentifrico","29":"product_tag-dentista","30":"product_tag-deslizante","31":"product_tag-diastemas","32":"product_tag-dientes","33":"product_tag-dulce","34":"product_tag-encias","35":"product_tag-espacios","36":"product_tag-evita","37":"product_tag-facil","38":"product_tag-facilita","39":"product_tag-fijas","40":"product_tag-flexibilidad","41":"product_tag-flexible","42":"product_tag-fluor","43":"product_tag-fresco","44":"product_tag-gel","45":"product_tag-gluten","46":"product_tag-higiene","47":"product_tag-higienista","48":"product_tag-hilo","49":"product_tag-huella","50":"product_tag-implantes","51":"product_tag-inoxidable","52":"product_tag-interprox","53":"product_tag-interproximales","54":"product_tag-lacer","55":"product_tag-leche","56":"product_tag-manzana","57":"product_tag-menta","58":"product_tag-micro","59":"product_tag-mucosa","60":"product_tag-muelas","61":"product_tag-natural","62":"product_tag-negros","63":"product_tag-ninos","64":"product_tag-oral","65":"product_tag-oros","66":"product_tag-orthodontic","67":"product_tag-ortodoncia","68":"product_tag-ortodontic","69":"product_tag-placa","70":"product_tag-previene","71":"product_tag-riesgo","72":"product_tag-sabor","73":"product_tag-sangrado","74":"product_tag-seda","75":"product_tag-super","76":"product_tag-vitis","77":"product_tag-zona","79":"first","80":"instock","81":"taxable","82":"shipping-taxable","83":"purchasable","84":"product-type-simple","85":"add-to-wishlist-after_add_to_cart"},"acf":[],"_links":{"self":[{"href":"https:\/\/compraencieza.es\/en\/wp-json\/wp\/v2\/product\/5964","targetHints":{"allow":["GET"]}}],"collection":[{"href":"https:\/\/compraencieza.es\/en\/wp-json\/wp\/v2\/product"}],"about":[{"href":"https:\/\/compraencieza.es\/en\/wp-json\/wp\/v2\/types\/product"}],"replies":[{"embeddable":true,"href":"https:\/\/compraencieza.es\/en\/wp-json\/wp\/v2\/comments?post=5964"}],"wp:featuredmedia":[{"embeddable":true,"href":"https:\/\/compraencieza.es\/en\/wp-json\/wp\/v2\/media\/5286"}],"wp:attachment":[{"href":"https:\/\/compraencieza.es\/en\/wp-json\/wp\/v2\/media?parent=5964"}],"wp:term":[{"taxonomy":"product_cat","embeddable":true,"href":"https:\/\/compraencieza.es\/en\/wp-json\/wp\/v2\/product_cat?post=5964"},{"taxonomy":"product_tag","embeddable":true,"href":"https:\/\/compraencieza.es\/en\/wp-json\/wp\/v2\/product_tag?post=5964"},{"taxonomy":"product_brand","embeddable":true,"href":"https:\/\/compraencieza.es\/en\/wp-json\/wp\/v2\/genre?post=5964"}],"curies":[{"name":"wp","href":"https:\/\/api.w.org\/{rel}","templated":true}]}}