{"id":5965,"date":"2025-01-09T17:10:51","date_gmt":"2025-01-09T16:10:51","guid":{"rendered":"https:\/\/compraencieza.es\/?post_type=product&#038;p=5965"},"modified":"2025-01-09T17:24:31","modified_gmt":"2025-01-09T16:24:31","slug":"canela-molida-ceylan-150g","status":"publish","type":"product","link":"https:\/\/compraencieza.es\/en\/product\/canela-molida-ceylan-150g\/","title":{"rendered":"CANELA MOLIDA CEYLAN 150g"},"content":{"rendered":"<h2>Canela Ceylan, Canela Fina<\/h2>\n<div class=\"row\">\n<div class=\"wpb_column vc_column_container vc_col-sm-12\">\n<div class=\"vc_column-inner\">\n<div class=\"wpb_wrapper\">\n<div class=\"wpb_text_column wpb_content_element\">\n<div class=\"wpb_wrapper\">\n<p>Aroma embriagador, sensaciones de oriente y corteza en la piel; dulce y fina, fragante y c\u00e1lida, de sabor sugerente y notas de madera tan intensas como delicadas.\u00a0 Fue una de las primeras especias que los exploradores de los siglos XV y XVI descubrieron en Sri Lanka (Ceil\u00e1n), y a pesar de que, con el tiempo, su cultivo se ha extendido a otras partes del mundo, como Brasil, India e Indonesia, la canela (<em>cinnamomum verum\u00a0<\/em>o\u00a0<em>C. zeylanicus<\/em>) de mayor calidad sigue siendo la de Sri Lanka. No debe confundirse con la casia (<em>cinnamomum casia<\/em>) \u2013\u2013tambi\u00e9n llamada canela bastarda, cuyo coste es notablemente menor. La aut\u00e9ntica canela siempre ha sido, es y ser\u00e1 una de las especias m\u00e1s lujosas y codiciadas del mundo.<\/p>\n<p><a href=\"https:\/\/naturcid.com\/producto\/canela-ceylan-molida-eco\/\" target=\"_blank\" rel=\"noopener\"><strong>La joya de Ceil\u00e1n<\/strong><\/a>\u00a0tiene unas propiedades altamente atractivas. De acuerdo con la Agencia de Seguridad Alimentaria Europea, posee propiedades antioxidantes, es beneficiosa para la salud intestinal, la piel, las membranas mucosas, el aparato genitourinario, el sistema cardiovascular y digestivo-intestinal, por mencionar tan solo algunas de sus virtudes, aunque lo que realmente la ha convertido en un condimento la mar de interesante para nuestra salud es su excelente capacidad para regular los niveles de glucosa en sangre. Desde este punto de vista, aquellos que prescinden de ciertos endulzantes \u2013\u2013ya sea por problemas diab\u00e9ticos o por el \u00e1nimo de llevar una dieta sin a\u00f1adidos\u2013\u2013, tienen en la canela un poderoso aliado a la hora de endulzar su t\u00e9 negro al estilo pakistan\u00ed, su humeante taza de cacao puro y otras bebidas y postres dif\u00edciles de imaginar sin canela, como el tradicional arroz con leche y las natillas, por no hablar de algunas de las recetas m\u00e1s sabrosas y saludables a las que la canela aporta un sabor \u00fanico. En los \u00faltimos a\u00f1os, adem\u00e1s, en uno de los superalimentos m\u00e1s habituales en zumos, smoothies y t\u00e9s y caf\u00e9s.<\/p>\n<\/div>\n<\/div>\n<\/div>\n<\/div>\n<\/div>\n<\/div>","protected":false},"excerpt":{"rendered":"<p>Functions:<\/p>\n<p>1.\u00a0<b>Sabor y Aroma<\/b>: La canela es conocida por su sabor dulce y c\u00e1lido, lo que la convierte en un ingrediente popular en postres, bebidas y platos salados.<\/p>\n<p>2.\u00a0<b>Propiedades Antioxidantes<\/b>: Contiene compuestos antioxidantes que ayudan a combatir el da\u00f1o causado por los radicales libres en el cuerpo.<\/p>\n<p>3.\u00a0<b>Regulaci\u00f3n del Az\u00facar en Sangre<\/b>: Algunos estudios sugieren que la canela puede ayudar a mejorar la sensibilidad a la insulina y a regular los niveles de az\u00facar en sangre, lo que puede ser beneficioso para personas con diabetes tipo 2.<\/p>\n<p>4.\u00a0<b>Propiedades Antiinflamatorias<\/b>: La canela tiene propiedades antiinflamatorias que pueden ayudar a reducir la inflamaci\u00f3n en el cuerpo.<\/p>\n<p>5.\u00a0<b>Mejora de la Digesti\u00f3n<\/b>: Se ha utilizado tradicionalmente para aliviar problemas digestivos, como gases y malestar estomacal.<\/p>\n<p>6.\u00a0<b>Antimicrobiana<\/b>: La canela tiene propiedades antimicrobianas que pueden ayudar a combatir ciertos tipos de bacterias y hongos.<\/p>\n<p>7.\u00a0<b>Aumento de la Circulaci\u00f3n<\/b>: Se cree que la canela puede ayudar a mejorar la circulaci\u00f3n sangu\u00ednea, lo que puede ser beneficioso para la salud cardiovascular.<\/p>\n<p>8.\u00a0<b>Uso en Aromaterapia<\/b>: Su aroma c\u00e1lido y reconfortante la hace popular en la aromaterapia, donde se utiliza para crear un ambiente relajante.<\/p>","protected":false},"featured_media":5287,"comment_status":"open","ping_status":"closed","template":"","meta":{"_acf_changed":false,"inline_featured_image":false},"product_cat":[105],"product_tag":[1599,3109,364,1446,3110,1060,1927,3111,3112,3113,934,1341,1861,871,895,457,3114,3004,3115,3116,1349,2539,912,913,3117,1025,3118,1912,3119,1329,590,700,2084],"genre":[],"class_list":{"0":"post-5965","1":"product","2":"type-product","3":"status-publish","4":"has-post-thumbnail","6":"product_cat-salud","7":"product_tag-antioxidante","8":"product_tag-bastarda","9":"product_tag-cacao","10":"product_tag-cafe","11":"product_tag-cafes","12":"product_tag-canela","13":"product_tag-cardiovascular","14":"product_tag-cedian","15":"product_tag-ceilan","16":"product_tag-ceylan","17":"product_tag-circulacion","18":"product_tag-diabetes","19":"product_tag-diabeticos","20":"product_tag-dieta","21":"product_tag-digestivo","22":"product_tag-dulce","23":"product_tag-especias","24":"product_tag-fina","25":"product_tag-genial","26":"product_tag-genitourinario","27":"product_tag-glucosa","28":"product_tag-insulina","29":"product_tag-intestinal","30":"product_tag-intestino","31":"product_tag-membrranas","32":"product_tag-mocos","33":"product_tag-molida","34":"product_tag-mucosas","35":"product_tag-natillas","36":"product_tag-naturcid","37":"product_tag-salud","38":"product_tag-sangre","39":"product_tag-urinario","41":"first","42":"outofstock","43":"taxable","44":"shipping-taxable","45":"purchasable","46":"product-type-simple","47":"add-to-wishlist-after_add_to_cart"},"acf":[],"_links":{"self":[{"href":"https:\/\/compraencieza.es\/en\/wp-json\/wp\/v2\/product\/5965","targetHints":{"allow":["GET"]}}],"collection":[{"href":"https:\/\/compraencieza.es\/en\/wp-json\/wp\/v2\/product"}],"about":[{"href":"https:\/\/compraencieza.es\/en\/wp-json\/wp\/v2\/types\/product"}],"replies":[{"embeddable":true,"href":"https:\/\/compraencieza.es\/en\/wp-json\/wp\/v2\/comments?post=5965"}],"wp:featuredmedia":[{"embeddable":true,"href":"https:\/\/compraencieza.es\/en\/wp-json\/wp\/v2\/media\/5287"}],"wp:attachment":[{"href":"https:\/\/compraencieza.es\/en\/wp-json\/wp\/v2\/media?parent=5965"}],"wp:term":[{"taxonomy":"product_cat","embeddable":true,"href":"https:\/\/compraencieza.es\/en\/wp-json\/wp\/v2\/product_cat?post=5965"},{"taxonomy":"product_tag","embeddable":true,"href":"https:\/\/compraencieza.es\/en\/wp-json\/wp\/v2\/product_tag?post=5965"},{"taxonomy":"product_brand","embeddable":true,"href":"https:\/\/compraencieza.es\/en\/wp-json\/wp\/v2\/genre?post=5965"}],"curies":[{"name":"wp","href":"https:\/\/api.w.org\/{rel}","templated":true}]}}