{"id":5966,"date":"2025-01-09T17:10:51","date_gmt":"2025-01-09T16:10:51","guid":{"rendered":"https:\/\/compraencieza.es\/?post_type=product&#038;p=5966"},"modified":"2025-01-09T17:24:31","modified_gmt":"2025-01-09T16:24:31","slug":"cortaunas-manicura-con-lima-cromado-corte-curvo","status":"publish","type":"product","link":"https:\/\/compraencieza.es\/en\/product\/cortaunas-manicura-con-lima-cromado-corte-curvo\/","title":{"rendered":"Manicure Nail Clippers With File Chrome Plated - Curved Cut"},"content":{"rendered":"<p>Fabricado en acero y afilado de alta calidad garantiza un corte firme y preciso. Dise\u00f1ado para cortar de manera f\u00e1cil y c\u00f3moda las u\u00f1as de las manos. Su \u00e1ngulo de corte curvo respeta la forma natural de tus u\u00f1as. Dispone de una peque\u00f1a lima.<\/p>","protected":false},"excerpt":{"rendered":"<p>Fabricado en acero y afilado de alta calidad garantiza un corte firme y preciso. Dise\u00f1ado para cortar de manera f\u00e1cil y c\u00f3moda las u\u00f1as de las manos. Su \u00e1ngulo de corte curvo respeta la forma natural de tus u\u00f1as. Dispone de una peque\u00f1a lima.<\/p>","protected":false},"featured_media":5288,"comment_status":"open","ping_status":"closed","template":"","meta":{"_acf_changed":false,"inline_featured_image":false},"product_cat":[106],"product_tag":[2144,176,1846,178,3120,3121,3005,2642,1856,3122,479,216,623,693,190],"genre":[],"class_list":{"0":"post-5966","1":"product","2":"type-product","3":"status-publish","4":"has-post-thumbnail","6":"product_cat-belleza","7":"product_tag-acero","8":"product_tag-beter","9":"product_tag-better","10":"product_tag-corta","11":"product_tag-cortaunas","12":"product_tag-cromado","13":"product_tag-firme","14":"product_tag-manicura","15":"product_tag-manos","16":"product_tag-nail","17":"product_tag-nails","18":"product_tag-natural","19":"product_tag-pies","20":"product_tag-preciso","21":"product_tag-unas","23":"first","24":"instock","25":"taxable","26":"shipping-taxable","27":"purchasable","28":"product-type-simple","29":"add-to-wishlist-after_add_to_cart"},"acf":[],"_links":{"self":[{"href":"https:\/\/compraencieza.es\/en\/wp-json\/wp\/v2\/product\/5966","targetHints":{"allow":["GET"]}}],"collection":[{"href":"https:\/\/compraencieza.es\/en\/wp-json\/wp\/v2\/product"}],"about":[{"href":"https:\/\/compraencieza.es\/en\/wp-json\/wp\/v2\/types\/product"}],"replies":[{"embeddable":true,"href":"https:\/\/compraencieza.es\/en\/wp-json\/wp\/v2\/comments?post=5966"}],"wp:featuredmedia":[{"embeddable":true,"href":"https:\/\/compraencieza.es\/en\/wp-json\/wp\/v2\/media\/5288"}],"wp:attachment":[{"href":"https:\/\/compraencieza.es\/en\/wp-json\/wp\/v2\/media?parent=5966"}],"wp:term":[{"taxonomy":"product_cat","embeddable":true,"href":"https:\/\/compraencieza.es\/en\/wp-json\/wp\/v2\/product_cat?post=5966"},{"taxonomy":"product_tag","embeddable":true,"href":"https:\/\/compraencieza.es\/en\/wp-json\/wp\/v2\/product_tag?post=5966"},{"taxonomy":"product_brand","embeddable":true,"href":"https:\/\/compraencieza.es\/en\/wp-json\/wp\/v2\/genre?post=5966"}],"curies":[{"name":"wp","href":"https:\/\/api.w.org\/{rel}","templated":true}]}}