{"id":5967,"date":"2025-01-09T17:10:51","date_gmt":"2025-01-09T16:10:51","guid":{"rendered":"https:\/\/compraencieza.es\/?post_type=product&#038;p=5967"},"modified":"2025-01-09T17:24:30","modified_gmt":"2025-01-09T16:24:30","slug":"ginkgo-biloba-6000mg-30-capsulas","status":"publish","type":"product","link":"https:\/\/compraencieza.es\/en\/product\/ginkgo-biloba-6000mg-30-capsulas\/","title":{"rendered":"Ginkgo Biloba 6000mg 30 capsules"},"content":{"rendered":"<h2>Descripci\u00f3n<\/h2>\n<p><strong>Ginkgo Biloba 6.000 mg c\u00e1psulas<\/strong>\u00a0de Nature Essential Bl\u00edster est\u00e1 formulado con Ginkgo Biloba, Vid roja, Vitamina B-1, B-2 y B-12 que tienen propiedades que aumentan la circulaci\u00f3n y adem\u00e1s ayuda a la memoria.<\/p>\n<p>El Ginkgo biloba es una planta muy recomendada para aumentar la energ\u00eda y retrasar la p\u00e9rdida de memoria, favoreciendo la concentraci\u00f3n y disminuyendo el cansancio. Uno de los principales beneficios del Ginkgo biloba es la mejora de la circulaci\u00f3n sangu\u00ednea gracias a sus principios activos. Debido a ello, ayuda a disminuir la sensaci\u00f3n de hormigueo en manos y pies. La vid roja tiene propiedades vasodilatadoras, lo que nos ayuda en la circulaci\u00f3n, ayuda a ralentizar la aparici\u00f3n de varices y las piernas cansadas. Las vitaminas B-1, B-2 y B-12, entre su multitud de propiedades, contribuyen al buen funcionamiento del sistema nervioso y de la memoria.<\/p>\n<p><strong>Active nutrients:<\/strong>\u00a0Ginkgo Biloba extracto seco de hojas (<em>Ginkgo biloba<\/em>\u00a0L.), Vid Roja extracto seco de hojas (<em>Vitis vin\u00edfera<\/em> L.), Vitamina B-2 (Riboflavina), Vitamina B-1 (Tiamina) y Vitamina B-12 (Cobalamina).<\/p>\n<table border=\"1\" cellspacing=\"0\">\n<tbody>\n<tr>\n<td><strong>NUTRIENTS<\/strong><\/td>\n<td><strong>AMOUNT<\/strong><\/td>\n<td><strong>WEALTH<\/strong><\/td>\n<td><strong>CONTRIBUTE<\/strong><\/td>\n<td><strong>*%VRN<\/strong><\/td>\n<\/tr>\n<tr>\n<td>Ginkgo Biloba 50:1 Extracto seco (<em>Ginkgo biloba<\/em>)<\/td>\n<td>120 mg<\/td>\n<td>24% \/ 6%<\/td>\n<td>28,8 mg Flavoglic\u00f3sidos \/ 7,2 mg Lactonas<\/td>\n<td>\u2013<\/td>\n<\/tr>\n<tr>\n<td>Vid Roja 10:1 Extracto seco (<em>Vitis vinifera<\/em>)<\/td>\n<td>100 mg<\/td>\n<td>5%<\/td>\n<td>5 mg Polifenoles<\/td>\n<td>\u2013<\/td>\n<\/tr>\n<tr>\n<td>Vitamina B-2 (Rivoflavina)<\/td>\n<td>1,4 mg<\/td>\n<td>\u2013<\/td>\n<td>\u2013<\/td>\n<td>100%<\/td>\n<\/tr>\n<tr>\n<td>Vitamina B-1 (Tiamina)<\/td>\n<td>1,1 mg<\/td>\n<td>\u2013<\/td>\n<td>\u2013<\/td>\n<td>100%<\/td>\n<\/tr>\n<tr>\n<td>Vitamina B-12 (Cianocobalamina)<\/td>\n<td>2,5 \u00b5g<\/td>\n<td>\u2013<\/td>\n<td>\u2013<\/td>\n<td>100%<\/td>\n<\/tr>\n<\/tbody>\n<\/table>\n<p>*VRN: Valores de Referencia de Nutrientes<\/p>\n<p><strong>Instructions for Use:<\/strong>\u00a0Como complemento en la dieta tomar una (1) c\u00e1psula vegetal al d\u00eda, despu\u00e9s de la comida. En periodos prolongados de tratamiento se recomienda hacer descansos de consumo, para garantizar el efecto deseado.<\/p>\n<p>Caracter\u00edsticas principales de Ginkgo Biloba 6.000 mg c\u00e1psulas:<\/p>\n<p>&nbsp;<\/p>\n<div class=\"et-custom-list etlist-check\">\n<ul>\n<li>Allergen-free product in accordance with Regulation (EU) No. 1169\/2011.<\/li>\n<li>No contiene gluten ni lactosa.<\/li>\n<li>Extractos secos valorados en principio activo.<\/li>\n<li>Complemento alimenticios a base de plantas naturales y vitaminas.<\/li>\n<li>Envase para 30 d\u00edas de uso.<\/li>\n<li><img decoding=\"async\" class=\"wp-image-9758 alignleft\" src=\"https:\/\/pedidosbiodis.com\/wp-content\/uploads\/capsula-vegetal-4-300x84.png\" alt=\"\" width=\"143\" height=\"40\" \/><\/li>\n<\/ul>\n<p>&nbsp;<\/p>\n<\/div>\n<p>&nbsp;<\/p>\n<p>Advertencias: Los complementos alimenticios no deben utilizarse como sustitutos de una dieta variada y equilibrada. Se recomienda un estilo de vida saludable. No sobrepasar la cantidad diaria recomendada. Conservar en lugar seco, fresco y protegido de la luz solar. Mantener fuera del alcance de los ni\u00f1os m\u00e1s peque\u00f1os. No recomendado en mujeres embarazadas o en periodo de lactancia. Se recomienda consultar al m\u00e9dico antes de su uso si se est\u00e1 tomando medicamentos anticoagulantes o antiagregantes plaquetarios.<\/p>\n<p>&nbsp;<\/p>\n<p><a class=\"elemento_familia\" href=\"mailto:comercial1@bio-dis.com\">comercial1@bio-dis.com<\/a><\/p>\n<p>LABORATORIOS BIO-DIS PHARMA S.L<\/p>\n<p>Pol\u00edgono Industrial Majaravique, 30-D<\/p>\n<p>41309 La Rinconada, Sevilla.<\/p>","protected":false},"excerpt":{"rendered":"<p>Beneficios:<\/p>\n<ul class=\"listado_caracteristicas-producto\">\n<li class=\"caracteristica-producto\">Contribuye al buen funcionamiento del sistema nervioso.<\/li>\n<li class=\"caracteristica-producto\">Mejora la circulaci\u00f3n.<\/li>\n<li class=\"caracteristica-producto\">Mejora la memoria y concentraci\u00f3n.<\/li>\n<\/ul>","protected":false},"featured_media":5289,"comment_status":"open","ping_status":"closed","template":"","meta":{"_acf_changed":false,"inline_featured_image":false},"product_cat":[105],"product_tag":[504,133,955,989,934,2071,1176,1177,730,734,1180,1652,1182,1183,1190,346,538,1193,1194,1093,1095,351,2866,216,739,1200,352,1201,822,1653,970,355,986,422,358],"genre":[],"class_list":{"0":"post-5967","1":"product","2":"type-product","3":"status-publish","4":"has-post-thumbnail","6":"product_cat-salud","7":"product_tag-b","8":"product_tag-bio","9":"product_tag-bio-dis","10":"product_tag-biodis","11":"product_tag-circulacion","12":"product_tag-cognitiva","13":"product_tag-cognitivo","14":"product_tag-concentracion","15":"product_tag-dis","16":"product_tag-essential","17":"product_tag-estudiar","18":"product_tag-estudios","19":"product_tag-examen","20":"product_tag-examenes","21":"product_tag-ginkgo","22":"product_tag-gluten","23":"product_tag-lactosa","24":"product_tag-libre","25":"product_tag-memoria","26":"product_tag-mental","27":"product_tag-mente","28":"product_tag-minerales","29":"product_tag-nanture","30":"product_tag-natural","31":"product_tag-obire","32":"product_tag-planta","33":"product_tag-plantas","34":"product_tag-psicologica","35":"product_tag-rendimiento","36":"product_tag-reto","37":"product_tag-roja","38":"product_tag-sin","39":"product_tag-vid","40":"product_tag-vitamina","41":"product_tag-vitaminas","43":"first","44":"instock","45":"taxable","46":"shipping-taxable","47":"purchasable","48":"product-type-simple","49":"add-to-wishlist-after_add_to_cart"},"acf":[],"_links":{"self":[{"href":"https:\/\/compraencieza.es\/en\/wp-json\/wp\/v2\/product\/5967","targetHints":{"allow":["GET"]}}],"collection":[{"href":"https:\/\/compraencieza.es\/en\/wp-json\/wp\/v2\/product"}],"about":[{"href":"https:\/\/compraencieza.es\/en\/wp-json\/wp\/v2\/types\/product"}],"replies":[{"embeddable":true,"href":"https:\/\/compraencieza.es\/en\/wp-json\/wp\/v2\/comments?post=5967"}],"wp:featuredmedia":[{"embeddable":true,"href":"https:\/\/compraencieza.es\/en\/wp-json\/wp\/v2\/media\/5289"}],"wp:attachment":[{"href":"https:\/\/compraencieza.es\/en\/wp-json\/wp\/v2\/media?parent=5967"}],"wp:term":[{"taxonomy":"product_cat","embeddable":true,"href":"https:\/\/compraencieza.es\/en\/wp-json\/wp\/v2\/product_cat?post=5967"},{"taxonomy":"product_tag","embeddable":true,"href":"https:\/\/compraencieza.es\/en\/wp-json\/wp\/v2\/product_tag?post=5967"},{"taxonomy":"product_brand","embeddable":true,"href":"https:\/\/compraencieza.es\/en\/wp-json\/wp\/v2\/genre?post=5967"}],"curies":[{"name":"wp","href":"https:\/\/api.w.org\/{rel}","templated":true}]}}