{"id":5968,"date":"2025-01-09T17:10:51","date_gmt":"2025-01-09T16:10:51","guid":{"rendered":"https:\/\/compraencieza.es\/?post_type=product&#038;p=5968"},"modified":"2025-01-09T17:24:31","modified_gmt":"2025-01-09T16:24:31","slug":"epaplus-sleepcare-melatonina-family-50-gummies","status":"publish","type":"product","link":"https:\/\/compraencieza.es\/en\/product\/epaplus-sleepcare-melatonina-family-50-gummies\/","title":{"rendered":"Epaplus Sleepcare Melatonina Family- 50 Gummies"},"content":{"rendered":"<p><b>Epaplus Sleepcare Melatonina Family Gummies\u00a0<\/b>es un complemento alimenticio a base de melatonina y vitamina B6. Para el sue\u00f1o de toda la familia. Su sabor dulce a frambuesa y su formato divertido hace que sea muy f\u00e1cil de tomar. 1 gummy equivale a 1mg de melatonina, cantidad necesaria para ayudar a disminuir el tiempo de conciliaci\u00f3n del sue\u00f1o. Su contenido en vitamina B6, ayuda a disminuir el cansancio y la fatiga.<\/p>\n<ul>\n<li><b>Melatonina:<\/b>\u00a01 mg de\u00a0<b>melatonina<\/b>\u00a0contribuye a disminuir el tiempo necesario para\u00a0<b>conciliar el sue\u00f1o.<\/b><\/li>\n<li><b>Vitamina B6:<\/b> Contribuye al funcionamiento normal del sistema nervioso y ayuda a disminuir el cansancio y la fatiga<\/li>\n<\/ul>\n<p>Dosis recomendada: 1 al d\u00eda 3 minutos antes de dormir, equivale a 1mg de melatonina.<\/p>\n<p><strong>Ingredientes:\u00a0Jarabe de glucosa, az\u00facar, agua purificada, gelificante (pectina), maltodextrina,\u00a0acidulante (\u00e1cido c\u00edtrico), corrector de acidez (citrato tris\u00f3dico), agente de recubrimiento (aceite de coco), aroma natural, vitamina B6 (piridoxina clorhidrato), melatonina, antiaglomerante (cera carnauba), colorante (azul brillante FCF)<\/strong><\/p>\n<p>&nbsp;<\/p>\n<p>Suitable for vegans.<\/p>\n<div>\n<p>&nbsp;<\/p>\n<p>info@peroxfarma.com<\/p>\n<p>Espa\u00f1a<\/p>\n<p>Proven\u00e7a, 32808037, Barcelona.<\/p>\n<\/div>","protected":false},"excerpt":{"rendered":"<p>Concilia el sue\u00f1o de forma r\u00e1pida y disfruta de su agradable sabor a frambuesa.<\/p>","protected":false},"featured_media":5290,"comment_status":"open","ping_status":"closed","template":"","meta":{"_acf_changed":false,"inline_featured_image":false},"product_cat":[105],"product_tag":[322,1626,1295,114,1627,1144,1628,324,824,890,1630,1631,1632,1633,1634,118,1635,852,3123,827,1839,346,1638,1639,1091,538,1125,122,785,216,125,352,1642,696,1508,127,1101,393,355,3124,1643,1644,3125,256,1645,130,422,358],"genre":[],"class_list":{"0":"post-5968","1":"product","2":"type-product","3":"status-publish","4":"has-post-thumbnail","6":"product_cat-salud","7":"product_tag-322","8":"product_tag-1mg","9":"product_tag-agradable","10":"product_tag-amapola","11":"product_tag-ayuda","12":"product_tag-b6","13":"product_tag-bien","14":"product_tag-camomila","15":"product_tag-cansancio","16":"product_tag-care","17":"product_tag-ciclo","18":"product_tag-circadiano","19":"product_tag-colorante","20":"product_tag-colorantes","21":"product_tag-conciliar","22":"product_tag-dormir","23":"product_tag-energetico","24":"product_tag-epaplus","25":"product_tag-family","26":"product_tag-fatiga","27":"product_tag-frambuesa","28":"product_tag-gluten","29":"product_tag-gumis","30":"product_tag-gummies","31":"product_tag-insomnio","32":"product_tag-lactosa","33":"product_tag-lavanda","34":"product_tag-melatonina","35":"product_tag-metabolismo","36":"product_tag-natural","37":"product_tag-pasiflora","38":"product_tag-plantas","39":"product_tag-rapidamente","40":"product_tag-rapido","41":"product_tag-reducir","42":"product_tag-relajacion","43":"product_tag-relajarse","44":"product_tag-sabor","45":"product_tag-sin","46":"product_tag-sleep","47":"product_tag-somnolencia","48":"product_tag-sonar","49":"product_tag-spleepcare","50":"product_tag-sueno","51":"product_tag-textura","52":"product_tag-valeriana","53":"product_tag-vitamina","54":"product_tag-vitaminas","56":"first","57":"instock","58":"taxable","59":"shipping-taxable","60":"purchasable","61":"product-type-simple","62":"add-to-wishlist-after_add_to_cart"},"acf":[],"_links":{"self":[{"href":"https:\/\/compraencieza.es\/en\/wp-json\/wp\/v2\/product\/5968","targetHints":{"allow":["GET"]}}],"collection":[{"href":"https:\/\/compraencieza.es\/en\/wp-json\/wp\/v2\/product"}],"about":[{"href":"https:\/\/compraencieza.es\/en\/wp-json\/wp\/v2\/types\/product"}],"replies":[{"embeddable":true,"href":"https:\/\/compraencieza.es\/en\/wp-json\/wp\/v2\/comments?post=5968"}],"wp:featuredmedia":[{"embeddable":true,"href":"https:\/\/compraencieza.es\/en\/wp-json\/wp\/v2\/media\/5290"}],"wp:attachment":[{"href":"https:\/\/compraencieza.es\/en\/wp-json\/wp\/v2\/media?parent=5968"}],"wp:term":[{"taxonomy":"product_cat","embeddable":true,"href":"https:\/\/compraencieza.es\/en\/wp-json\/wp\/v2\/product_cat?post=5968"},{"taxonomy":"product_tag","embeddable":true,"href":"https:\/\/compraencieza.es\/en\/wp-json\/wp\/v2\/product_tag?post=5968"},{"taxonomy":"product_brand","embeddable":true,"href":"https:\/\/compraencieza.es\/en\/wp-json\/wp\/v2\/genre?post=5968"}],"curies":[{"name":"wp","href":"https:\/\/api.w.org\/{rel}","templated":true}]}}