{"id":5969,"date":"2025-01-09T17:10:51","date_gmt":"2025-01-09T16:10:51","guid":{"rendered":"https:\/\/compraencieza.es\/?post_type=product&#038;p=5969"},"modified":"2025-01-09T17:24:30","modified_gmt":"2025-01-09T16:24:30","slug":"epaplus-sleepcare-melatonina-retard-60-comprimidos","status":"publish","type":"product","link":"https:\/\/compraencieza.es\/en\/product\/epaplus-sleepcare-melatonina-retard-60-comprimidos\/","title":{"rendered":"Epaplus Sleepcare Melatonina Retard 60 comprimidos"},"content":{"rendered":"<p><b>Epaplus Sleepcare Melatonina Retard\u00a0<\/b>es un complemento alimenticio a base de melatonina (1,98 mg), TRP, vitaminas y minerales. Para el sue\u00f1o de noche. La melatonina contribuye a reducir el tiempo necesario para conciliar el sue\u00f1o. Adem\u00e1s, su innovadora f\u00f3rmula en comprimidos RETARD facilita la liberaci\u00f3n prolongada y sostenida de melatonina durante toda la noche (8 horas) seg\u00fan el estudio de disoluci\u00f3n realizado por el Instituto Universitario de Ciencia y Tecnolog\u00eda de Barcelona.<\/p>\n<ul>\n<li><b>Melatonina:<\/b>\u00a0<b>Epaplus Sleepcare Melatonina Retard\u00a0<\/b>contiene 1,98 mg de\u00a0<b>melatonina<\/b>. Se ha demostrado que 1 mg de\u00a0<b>melatonina\u00a0<\/b>contribuye a disminuir el tiempo necesario para\u00a0<b>conciliar el sue\u00f1o<\/b>. Adem\u00e1s, la f\u00f3rmula en comprimidos RETARD facilita la liberaci\u00f3n prolongada y sostenida durante toda la noche (8 horas).<\/li>\n<li><b>TRP:<\/b>\u00a0Fisiol\u00f3gicamente, act\u00faa en numerosos procesos biol\u00f3gicos y participa en la producci\u00f3n de serotonina, precursora de la hormona\u00a0<b>melatonina.<\/b><\/li>\n<li><b>Magnesio, Vitamina B3 y Vitamina B6:<\/b>\u00a0Contribuyen al funcionamiento normal del sistema nervioso y ayudan a reducir el cansancio y la fatiga.<\/li>\n<\/ul>\n<p>&nbsp;<\/p>\n<p>Tomar 1 comprimido al d\u00eda 30 minutos antes de acostarse.<br \/>\nTomar 1 comprimido el primer d\u00eda de un viaje y unos d\u00edas despu\u00e9s de la llegada al lugar de destino.<br \/>\nLos comprimidos deben tomarse enteros.<\/p>\n<p><strong>Ingredients:\u00a0<\/strong>\u00d3xido de magnesio, agente de carga (celulosa microcristalina), estabilizante (hidroxipropilmetilcelulosa), L-TRP, antiaglomerantes (talco, estearato de magnesio), vitamina B3 (niacina), melatonina, vitamina B6 (piridoxina clorhidrato).<\/p>\n<p>&nbsp;<\/p>\n<div>\n<p><b>Epaplus:<\/b><\/p>\n<p>info@peroxfarma.com<\/p>\n<p>Proven\u00e7a, 32808037, Barcelona Espa\u00f1a<\/p>\n<\/div>","protected":false},"excerpt":{"rendered":"<p>Reduce el tiempo necesario para conciliar el sue\u00f1o y favorece la liberaci\u00f3n prolongada de melatonina a lo largo de la noche para evitar que te desveles.<\/p>","protected":false},"featured_media":5292,"comment_status":"open","ping_status":"closed","template":"","meta":{"_acf_changed":false,"inline_featured_image":false},"product_cat":[105],"product_tag":[322,1626,1295,114,1627,1144,1628,324,824,1630,1631,1632,1633,1634,3126,3127,118,1635,827,346,1638,1639,1091,538,1125,122,785,216,3049,125,352,1642,696,1508,127,1101,3128,393,355,3129,1643,1644,256,1645,3130,130,422,358],"genre":[],"class_list":{"0":"post-5969","1":"product","2":"type-product","3":"status-publish","4":"has-post-thumbnail","6":"product_cat-salud","7":"product_tag-322","8":"product_tag-1mg","9":"product_tag-agradable","10":"product_tag-amapola","11":"product_tag-ayuda","12":"product_tag-b6","13":"product_tag-bien","14":"product_tag-camomila","15":"product_tag-cansancio","16":"product_tag-ciclo","17":"product_tag-circadiano","18":"product_tag-colorante","19":"product_tag-colorantes","20":"product_tag-conciliar","21":"product_tag-desvelar","22":"product_tag-desvelarte","23":"product_tag-dormir","24":"product_tag-energetico","25":"product_tag-fatiga","26":"product_tag-gluten","27":"product_tag-gumis","28":"product_tag-gummies","29":"product_tag-insomnio","30":"product_tag-lactosa","31":"product_tag-lavanda","32":"product_tag-melatonina","33":"product_tag-metabolismo","34":"product_tag-natural","35":"product_tag-noche","36":"product_tag-pasiflora","37":"product_tag-plantas","38":"product_tag-rapidamente","39":"product_tag-rapido","40":"product_tag-reducir","41":"product_tag-relajacion","42":"product_tag-relajarse","43":"product_tag-retard","44":"product_tag-sabor","45":"product_tag-sin","46":"product_tag-sleepcare","47":"product_tag-somnolencia","48":"product_tag-sonar","49":"product_tag-sueno","50":"product_tag-textura","51":"product_tag-toda","52":"product_tag-valeriana","53":"product_tag-vitamina","54":"product_tag-vitaminas","56":"first","57":"instock","58":"taxable","59":"shipping-taxable","60":"purchasable","61":"product-type-simple","62":"add-to-wishlist-after_add_to_cart"},"acf":[],"_links":{"self":[{"href":"https:\/\/compraencieza.es\/en\/wp-json\/wp\/v2\/product\/5969","targetHints":{"allow":["GET"]}}],"collection":[{"href":"https:\/\/compraencieza.es\/en\/wp-json\/wp\/v2\/product"}],"about":[{"href":"https:\/\/compraencieza.es\/en\/wp-json\/wp\/v2\/types\/product"}],"replies":[{"embeddable":true,"href":"https:\/\/compraencieza.es\/en\/wp-json\/wp\/v2\/comments?post=5969"}],"wp:featuredmedia":[{"embeddable":true,"href":"https:\/\/compraencieza.es\/en\/wp-json\/wp\/v2\/media\/5292"}],"wp:attachment":[{"href":"https:\/\/compraencieza.es\/en\/wp-json\/wp\/v2\/media?parent=5969"}],"wp:term":[{"taxonomy":"product_cat","embeddable":true,"href":"https:\/\/compraencieza.es\/en\/wp-json\/wp\/v2\/product_cat?post=5969"},{"taxonomy":"product_tag","embeddable":true,"href":"https:\/\/compraencieza.es\/en\/wp-json\/wp\/v2\/product_tag?post=5969"},{"taxonomy":"product_brand","embeddable":true,"href":"https:\/\/compraencieza.es\/en\/wp-json\/wp\/v2\/genre?post=5969"}],"curies":[{"name":"wp","href":"https:\/\/api.w.org\/{rel}","templated":true}]}}