{"id":5985,"date":"2025-01-09T18:01:14","date_gmt":"2025-01-09T17:01:14","guid":{"rendered":"https:\/\/compraencieza.es\/product\/collar-viceroy-aro-plata-con-circonitas-2312c000-30\/"},"modified":"2025-01-09T18:02:15","modified_gmt":"2025-01-09T17:02:15","slug":"collar-viceroy-aro-plata-con-circonitas-2312c000-30","status":"publish","type":"product","link":"https:\/\/compraencieza.es\/en\/product\/collar-viceroy-aro-plata-con-circonitas-2312c000-30\/","title":{"rendered":"Viceroy Silver Hoop Necklace with Zircons 2312C000-30"},"content":{"rendered":"<p>Este impresionante collar de Viceroy es una pieza que no puede faltar en la colecci\u00f3n de joyas de cualquier mujer que aprecie el estilo y la sofisticaci\u00f3n. Confeccionado en plata de ley y adornado con circonitas, este collar aporta un toque de brillo y glamour a cualquier conjunto.<\/p>\n<p>Cada detalle de este collar ha sido cuidadosamente dise\u00f1ado para asegurar que no solo complemente tu look, sino que tambi\u00e9n cuente una historia de artesan\u00eda y dedicaci\u00f3n. El acabado brillante y pulido resalta la belleza de las circonitas, mientras que el ba\u00f1o de rodio garantiza durabilidad y resistencia a la pieza.<\/p>\n<p>El collar tiene un largo de 42 cm con una extensi\u00f3n de 3 cm, lo que te permite ajustarlo a la medida perfecta para ti. Ya sea que lo uses para una ocasi\u00f3n especial o para el d\u00eda a d\u00eda, este collar de Viceroy seguramente te har\u00e1 destacar.<\/p>\n<p>No importa si eres una amante de la moda o simplemente buscas una joya elegante para complementar tu estilo, este collar de Viceroy es la elecci\u00f3n perfecta. Atr\u00e9vete a lucir esta pieza \u00fanica y a\u00f1ade un toque de lujo a tu colecci\u00f3n de joyas.<\/p>","protected":false},"excerpt":{"rendered":"<p>Transf\u00f3rmate con este collar de plata de ley con motivo de circonitas. Esta joya irradia estilo y sofisticaci\u00f3n, perfecta para quienes buscan destacar. Cada pieza de Viceroy est\u00e1 dise\u00f1ada con una atenci\u00f3n meticulosa al detalle, asegurando que cada joya no solo complemente tu look, sino que tambi\u00e9n cuente una historia de artesan\u00eda y dedicaci\u00f3n. Largo 42 + 3 cm.<\/p>\n<p>Detalles del producto:<\/p>\n<p>Acabado: Brillo \/ Pulido<br \/>Usuario: Mujer<br \/>Otros Materiales: Circonita<br \/>Ba\u00f1o \/ Chapado: Ba\u00f1o de Rodio<br \/>Material Principal: Plata de Ley 925<br \/>Color: Plateado<br \/>Metal: Plata de Ley 925<br \/>Largo : 42+3 CM<\/p>","protected":false},"featured_media":5984,"comment_status":"open","ping_status":"closed","template":"","meta":{"_acf_changed":false,"inline_featured_image":false},"product_cat":[103],"product_tag":[],"genre":[],"class_list":{"0":"post-5985","1":"product","2":"type-product","3":"status-publish","4":"has-post-thumbnail","6":"product_cat-joyerias","8":"first","9":"instock","10":"sale","11":"taxable","12":"shipping-taxable","13":"purchasable","14":"product-type-simple","15":"add-to-wishlist-after_add_to_cart"},"acf":[],"_links":{"self":[{"href":"https:\/\/compraencieza.es\/en\/wp-json\/wp\/v2\/product\/5985","targetHints":{"allow":["GET"]}}],"collection":[{"href":"https:\/\/compraencieza.es\/en\/wp-json\/wp\/v2\/product"}],"about":[{"href":"https:\/\/compraencieza.es\/en\/wp-json\/wp\/v2\/types\/product"}],"replies":[{"embeddable":true,"href":"https:\/\/compraencieza.es\/en\/wp-json\/wp\/v2\/comments?post=5985"}],"wp:featuredmedia":[{"embeddable":true,"href":"https:\/\/compraencieza.es\/en\/wp-json\/wp\/v2\/media\/5984"}],"wp:attachment":[{"href":"https:\/\/compraencieza.es\/en\/wp-json\/wp\/v2\/media?parent=5985"}],"wp:term":[{"taxonomy":"product_cat","embeddable":true,"href":"https:\/\/compraencieza.es\/en\/wp-json\/wp\/v2\/product_cat?post=5985"},{"taxonomy":"product_tag","embeddable":true,"href":"https:\/\/compraencieza.es\/en\/wp-json\/wp\/v2\/product_tag?post=5985"},{"taxonomy":"product_brand","embeddable":true,"href":"https:\/\/compraencieza.es\/en\/wp-json\/wp\/v2\/genre?post=5985"}],"curies":[{"name":"wp","href":"https:\/\/api.w.org\/{rel}","templated":true}]}}