{"id":6043,"date":"2025-01-10T10:49:54","date_gmt":"2025-01-10T09:49:54","guid":{"rendered":"https:\/\/compraencieza.es\/?post_type=product&#038;p=6043"},"modified":"2025-01-10T11:06:25","modified_gmt":"2025-01-10T10:06:25","slug":"ziaja-crema-de-pies","status":"publish","type":"product","link":"https:\/\/compraencieza.es\/en\/product\/ziaja-crema-de-pies\/","title":{"rendered":"Ziaja Foot Cream"},"content":{"rendered":"<div id=\"main-product-wrapper\">\n<div class=\"tabs product-tabs\">\n<div id=\"product-infos-tabs-content\" class=\"tab-content\">\n<div id=\"description\" class=\"tab-pane in active\">\n<div class=\"product-description\">\n<div class=\"rte-content\">\n<p>Crema de pies especial para talones agrietados.<\/p>\n<p>Especialmente indicada para piel seca con talones agrietados.<br \/>\nRecomendada a partir de 17 a\u00f1os.<\/p>\n<p>Nutre y previene el agrietamiento de los talones, suavizando la piel.<\/p>\n<p>Es apta para diab\u00e9ticos.<\/p>\n<p>Con ingredientes activos: oligop\u00e9ptidos, hidroxiprolina, oligosac\u00e1ridos del altramuz.<\/p>\n<p>Modo de empleo: Aplicar 1-2 veces al d\u00eda sobre los pies limpios y secos y masajear suavemente.<\/p>\n<\/div>\n<\/div>\n<\/div>\n<div id=\"product-details-tab\" class=\"tab-pane\">\n<div id=\"product-details\" class=\"clearfix\" style=\"box-sizing: border-box;\" data-product=\"{&quot;id_shop_default&quot;:&quot;2&quot;,&quot;id_manufacturer&quot;:&quot;4&quot;,&quot;id_supplier&quot;:&quot;3&quot;,&quot;reference&quot;:&quot;ZCP15828&quot;,&quot;is_virtual&quot;:&quot;0&quot;,&quot;delivery_in_stock&quot;:&quot;&quot;,&quot;delivery_out_stock&quot;:&quot;&quot;,&quot;id_category_default&quot;:&quot;1487&quot;,&quot;on_sale&quot;:&quot;0&quot;,&quot;online_only&quot;:&quot;0&quot;,&quot;ecotax&quot;:0,&quot;minimal_quantity&quot;:&quot;1&quot;,&quot;low_stock_threshold&quot;:null,&quot;low_stock_alert&quot;:&quot;0&quot;,&quot;price&quot;:&quot;3,10u00a0u20ac&quot;,&quot;unity&quot;:&quot;&quot;,&quot;unit_price_ratio&quot;:&quot;0.000000&quot;,&quot;additional_shipping_cost&quot;:&quot;0.00&quot;,&quot;customizable&quot;:&quot;0&quot;,&quot;text_fields&quot;:&quot;0&quot;,&quot;uploadable_files&quot;:&quot;0&quot;,&quot;redirect_type&quot;:&quot;404&quot;,&quot;id_type_redirected&quot;:&quot;0&quot;,&quot;available_for_order&quot;:&quot;1&quot;,&quot;available_date&quot;:&quot;0000-00-00&quot;,&quot;show_condition&quot;:&quot;&quot;,&quot;condition&quot;:&quot;new&quot;,&quot;show_price&quot;:&quot;1&quot;,&quot;indexed&quot;:&quot;1&quot;,&quot;visibility&quot;:&quot;both&quot;,&quot;cache_default_attribute&quot;:&quot;0&quot;,&quot;advanced_stock_management&quot;:&quot;0&quot;,&quot;date_add&quot;:&quot;2013-04-30 11:51:52&quot;,&quot;date_upd&quot;:&quot;2024-08-08 11:30:43&quot;,&quot;pack_stock_type&quot;:&quot;3&quot;,&quot;meta_description&quot;:&quot;Crema de pies para talones agrietados. Nutre y previene el agrietado de los talones.&quot;,&quot;meta_keywords&quot;:&quot;ZIAJA Crema de pies para talones agrietados&quot;,&quot;meta_title&quot;:&quot;Crema de pies para talones agrietados - ZIAJA&quot;,&quot;link_rewrite&quot;:&quot;ziaja-crema-de-pies-para-talones-agrietados&quot;,&quot;name&quot;:&quot;Crema de pies para talones agrietados&quot;,&quot;description&quot;:&quot;&lt;p&gt;Crema de pies especial para talones agrietados.&lt;br \/&gt;&lt;br \/&gt;Especialmente indicada para piel seca con talones agrietados.&lt;br \/&gt;Recomendada a partir de 17 au00f1os.&lt;br \/&gt;&lt;br \/&gt;Nutre y previene el agrietamiento de los talones, suavizando la piel.&lt;br \/&gt;&lt;br \/&gt;Es apta para diabu00e9ticos.&lt;br \/&gt;&lt;br \/&gt;Con ingredientes activos: oligopu00e9ptidos, hidroxiprolina, oligosacu00e1ridos del altramuz.&lt;br \/&gt;&lt;br \/&gt;&lt;br \/&gt;Modo de empleo: Aplicar 1-2 veces al du00eda sobre los pies limpios y secos y masajear suavemente.&lt;br \/&gt;&lt;\/p&gt;&quot;,&quot;description_short&quot;:&quot;\\nCrema de pies para talones agrietados. Nutre y previene el agrietado de los talones.&quot;,&quot;available_now&quot;:&quot;&quot;,&quot;available_later&quot;:&quot;&quot;,&quot;id&quot;:369,&quot;id_product&quot;:369,&quot;out_of_stock&quot;:2,&quot;new&quot;:0,&quot;id_product_attribute&quot;:&quot;0&quot;,&quot;quantity_wanted&quot;:1,&quot;extraContent&quot;:[],&quot;allow_oosp&quot;:0,&quot;category&quot;:&quot;pies&quot;,&quot;category_name&quot;:&quot;Pies&quot;,&quot;link&quot;:&quot;https:\/\/ziajashop.es\/369-ziaja-crema-de-pies-para-talones-agrietados.html&quot;,&quot;attribute_price&quot;:0,&quot;price_tax_exc&quot;:2.561983,&quot;price_without_reduction&quot;:3.099999,&quot;reduction&quot;:0,&quot;specific_prices&quot;:false,&quot;quantity&quot;:261,&quot;quantity_all_versions&quot;:261,&quot;id_image&quot;:&quot;es-default&quot;,&quot;features&quot;:[{&quot;name&quot;:&quot;Ingredientes&quot;,&quot;value&quot;:&quot;Aqua (Water), PPG-15 Stearyl Ether, Elaeis Guineensis (Palm) Oil, Glycerin, Steareth-2, Propylene Glycol, Steareth-21, Cetyl Alcohol, Methylsilanol Hydroxyproline Aspartate, Dimethicone, Polyacrylamide, C13-14 Isoalkane, Laureth-7, Panthenol, Urea, Lecithin, Hydrolyzed Lupine Protein, Tocopheryl Acetate, Sodium Polyacrylate, Phenoxyethanol, Ethylhexylglycerin, Cymbopogon Schoenanthus Oil, Citral, Geraniol, Citric Acid.&quot;,&quot;id_feature&quot;:&quot;29&quot;,&quot;position&quot;:&quot;1&quot;},{&quot;name&quot;:&quot;Ingredientes&quot;,&quot;value&quot;:&quot;Aqua (Water), Propylene Glycol, Aesculus Hippocastanum (Horse Chestnut) Seed Extract, Glycerin, Carbomer, Panthenol, Phenoxyethanol, Ethylhexylglycerin, Parfum (Fragrance), Hexyl Cinnamal, Eugenol, Citronellol, Linalool, Sodium Hydroxide.&quot;,&quot;id_feature&quot;:&quot;29&quot;,&quot;position&quot;:&quot;1&quot;},{&quot;name&quot;:&quot;Capacidad&quot;,&quot;value&quot;:&quot;60 ml&quot;,&quot;id_feature&quot;:&quot;1&quot;,&quot;position&quot;:&quot;8&quot;},{&quot;name&quot;:&quot;Tipo de piel&quot;,&quot;value&quot;:&quot;seca&quot;,&quot;id_feature&quot;:&quot;18&quot;,&quot;position&quot;:&quot;19&quot;},{&quot;name&quot;:&quot;Caracteru00edstica&quot;,&quot;value&quot;:&quot;Vegano&quot;,&quot;id_feature&quot;:&quot;33&quot;,&quot;position&quot;:&quot;24&quot;}],&quot;attachments&quot;:[],&quot;virtual&quot;:0,&quot;pack&quot;:0,&quot;packItems&quot;:[],&quot;nopackprice&quot;:0,&quot;customization_required&quot;:false,&quot;rate&quot;:21,&quot;tax_name&quot;:&quot;IVA ES 21%&quot;,&quot;ecotax_rate&quot;:0,&quot;unit_price&quot;:&quot;&quot;,&quot;customizations&quot;:{&quot;fields&quot;:[]},&quot;id_customization&quot;:0,&quot;is_customizable&quot;:false,&quot;show_quantities&quot;:false,&quot;quantity_label&quot;:&quot;Artu00edculos&quot;,&quot;quantity_discounts&quot;:[],&quot;customer_group_discount&quot;:0,&quot;images&quot;:[{&quot;bySize&quot;:{&quot;small_default&quot;:{&quot;url&quot;:&quot;https:\/\/ziajashop.es\/8591-small_default\/ziaja-crema-de-pies-para-talones-agrietados.jpg&quot;,&quot;width&quot;:98,&quot;height&quot;:127},&quot;cart_default&quot;:{&quot;url&quot;:&quot;https:\/\/ziajashop.es\/8591-cart_default\/ziaja-crema-de-pies-para-talones-agrietados.jpg&quot;,&quot;width&quot;:125,&quot;height&quot;:162},&quot;large_default&quot;:{&quot;url&quot;:&quot;https:\/\/ziajashop.es\/8591-large_default\/ziaja-crema-de-pies-para-talones-agrietados.jpg&quot;,&quot;width&quot;:381,&quot;height&quot;:492},&quot;medium_default&quot;:{&quot;url&quot;:&quot;https:\/\/ziajashop.es\/8591-medium_default\/ziaja-crema-de-pies-para-talones-agrietados.jpg&quot;,&quot;width&quot;:452,&quot;height&quot;:584},&quot;home_default&quot;:{&quot;url&quot;:&quot;https:\/\/ziajashop.es\/8591-home_default\/ziaja-crema-de-pies-para-talones-agrietados.jpg&quot;,&quot;width&quot;:800,&quot;height&quot;:800},&quot;thickbox_default&quot;:{&quot;url&quot;:&quot;https:\/\/ziajashop.es\/8591-thickbox_default\/ziaja-crema-de-pies-para-talones-agrietados.jpg&quot;,&quot;width&quot;:1100,&quot;height&quot;:1422}},&quot;small&quot;:{&quot;url&quot;:&quot;https:\/\/ziajashop.es\/8591-small_default\/ziaja-crema-de-pies-para-talones-agrietados.jpg&quot;,&quot;width&quot;:98,&quot;height&quot;:127},&quot;medium&quot;:{&quot;url&quot;:&quot;https:\/\/ziajashop.es\/8591-medium_default\/ziaja-crema-de-pies-para-talones-agrietados.jpg&quot;,&quot;width&quot;:452,&quot;height&quot;:584},&quot;large&quot;:{&quot;url&quot;:&quot;https:\/\/ziajashop.es\/8591-thickbox_default\/ziaja-crema-de-pies-para-talones-agrietados.jpg&quot;,&quot;width&quot;:1100,&quot;height&quot;:1422},&quot;legend&quot;:&quot;&quot;,&quot;cover&quot;:&quot;1&quot;,&quot;id_image&quot;:&quot;8591&quot;,&quot;position&quot;:&quot;1&quot;,&quot;associatedVariants&quot;:[]},{&quot;bySize&quot;:{&quot;small_default&quot;:{&quot;url&quot;:&quot;https:\/\/ziajashop.es\/11023-small_default\/ziaja-crema-de-pies-para-talones-agrietados.jpg&quot;,&quot;width&quot;:98,&quot;height&quot;:127},&quot;cart_default&quot;:{&quot;url&quot;:&quot;https:\/\/ziajashop.es\/11023-cart_default\/ziaja-crema-de-pies-para-talones-agrietados.jpg&quot;,&quot;width&quot;:125,&quot;height&quot;:162},&quot;large_default&quot;:{&quot;url&quot;:&quot;https:\/\/ziajashop.es\/11023-large_default\/ziaja-crema-de-pies-para-talones-agrietados.jpg&quot;,&quot;width&quot;:381,&quot;height&quot;:492},&quot;medium_default&quot;:{&quot;url&quot;:&quot;https:\/\/ziajashop.es\/11023-medium_default\/ziaja-crema-de-pies-para-talones-agrietados.jpg&quot;,&quot;width&quot;:452,&quot;height&quot;:584},&quot;home_default&quot;:{&quot;url&quot;:&quot;https:\/\/ziajashop.es\/11023-home_default\/ziaja-crema-de-pies-para-talones-agrietados.jpg&quot;,&quot;width&quot;:800,&quot;height&quot;:800},&quot;thickbox_default&quot;:{&quot;url&quot;:&quot;https:\/\/ziajashop.es\/11023-thickbox_default\/ziaja-crema-de-pies-para-talones-agrietados.jpg&quot;,&quot;width&quot;:1100,&quot;height&quot;:1422}},&quot;small&quot;:{&quot;url&quot;:&quot;https:\/\/ziajashop.es\/11023-small_default\/ziaja-crema-de-pies-para-talones-agrietados.jpg&quot;,&quot;width&quot;:98,&quot;height&quot;:127},&quot;medium&quot;:{&quot;url&quot;:&quot;https:\/\/ziajashop.es\/11023-medium_default\/ziaja-crema-de-pies-para-talones-agrietados.jpg&quot;,&quot;width&quot;:452,&quot;height&quot;:584},&quot;large&quot;:{&quot;url&quot;:&quot;https:\/\/ziajashop.es\/11023-thickbox_default\/ziaja-crema-de-pies-para-talones-agrietados.jpg&quot;,&quot;width&quot;:1100,&quot;height&quot;:1422},&quot;legend&quot;:&quot;&quot;,&quot;cover&quot;:null,&quot;id_image&quot;:&quot;11023&quot;,&quot;position&quot;:&quot;2&quot;,&quot;associatedVariants&quot;:[]}],&quot;cover&quot;:{&quot;bySize&quot;:{&quot;small_default&quot;:{&quot;url&quot;:&quot;https:\/\/ziajashop.es\/8591-small_default\/ziaja-crema-de-pies-para-talones-agrietados.jpg&quot;,&quot;width&quot;:98,&quot;height&quot;:127},&quot;cart_default&quot;:{&quot;url&quot;:&quot;https:\/\/ziajashop.es\/8591-cart_default\/ziaja-crema-de-pies-para-talones-agrietados.jpg&quot;,&quot;width&quot;:125,&quot;height&quot;:162},&quot;large_default&quot;:{&quot;url&quot;:&quot;https:\/\/ziajashop.es\/8591-large_default\/ziaja-crema-de-pies-para-talones-agrietados.jpg&quot;,&quot;width&quot;:381,&quot;height&quot;:492},&quot;medium_default&quot;:{&quot;url&quot;:&quot;https:\/\/ziajashop.es\/8591-medium_default\/ziaja-crema-de-pies-para-talones-agrietados.jpg&quot;,&quot;width&quot;:452,&quot;height&quot;:584},&quot;home_default&quot;:{&quot;url&quot;:&quot;https:\/\/ziajashop.es\/8591-home_default\/ziaja-crema-de-pies-para-talones-agrietados.jpg&quot;,&quot;width&quot;:800,&quot;height&quot;:800},&quot;thickbox_default&quot;:{&quot;url&quot;:&quot;https:\/\/ziajashop.es\/8591-thickbox_default\/ziaja-crema-de-pies-para-talones-agrietados.jpg&quot;,&quot;width&quot;:1100,&quot;height&quot;:1422}},&quot;small&quot;:{&quot;url&quot;:&quot;https:\/\/ziajashop.es\/8591-small_default\/ziaja-crema-de-pies-para-talones-agrietados.jpg&quot;,&quot;width&quot;:98,&quot;height&quot;:127},&quot;medium&quot;:{&quot;url&quot;:&quot;https:\/\/ziajashop.es\/8591-medium_default\/ziaja-crema-de-pies-para-talones-agrietados.jpg&quot;,&quot;width&quot;:452,&quot;height&quot;:584},&quot;large&quot;:{&quot;url&quot;:&quot;https:\/\/ziajashop.es\/8591-thickbox_default\/ziaja-crema-de-pies-para-talones-agrietados.jpg&quot;,&quot;width&quot;:1100,&quot;height&quot;:1422},&quot;legend&quot;:&quot;&quot;,&quot;cover&quot;:&quot;1&quot;,&quot;id_image&quot;:&quot;8591&quot;,&quot;position&quot;:&quot;1&quot;,&quot;associatedVariants&quot;:[]},&quot;has_discount&quot;:false,&quot;discount_type&quot;:null,&quot;discount_percentage&quot;:null,&quot;discount_percentage_absolute&quot;:null,&quot;discount_amount&quot;:null,&quot;discount_amount_to_display&quot;:null,&quot;price_amount&quot;:3.1,&quot;unit_price_full&quot;:&quot;&quot;,&quot;show_availability&quot;:true,&quot;availability_date&quot;:null,&quot;availability_message&quot;:&quot;&quot;,&quot;availability&quot;:&quot;available&quot;}\">\n<section class=\"product-features\">\n<dl class=\"data-sheet\">\n<dt class=\"name\"><\/dt>\n<dd class=\"value\"><\/dd>\n<dt class=\"name\"><\/dt>\n<dd class=\"value\"><\/dd>\n<dt class=\"name\"><\/dt>\n<dd class=\"value\"><\/dd>\n<dt class=\"name\"><\/dt>\n<dd class=\"value\"><\/dd>\n<\/dl>\n<\/section>\n<div class=\"product-manufacturer float-right\"><label class=\"label\"><\/label><a href=\"https:\/\/ziajashop.es\/brand\/4-ziaja\" target=\"_blank\" rel=\"noopener\"><img decoding=\"async\" class=\"img-fluid manufacturer-logo\" src=\"https:\/\/ziajashop.es\/img\/m\/4.jpg\" alt=\"ZIAJA\" \/><\/a><\/div>\n<div class=\"product-reference\"><\/div>\n<div class=\"product-out-of-stock\"><\/div>\n<\/div>\n<\/div>\n<\/div>\n<\/div>\n<div id=\"product-infos-accordion-mobile\" class=\"iqit-accordion\" role=\"tablist\" aria-multiselectable=\"true\"><\/div>\n<\/div>","protected":false},"excerpt":{"rendered":"<p>Crema de pies especial para talones agrietados. Especialmente indicada para piel seca con talones agrietados. Recomendada a partir de 17 a\u00f1os. Nutre y previene el agrietamiento de los talones, suavizando la piel. Es apta para diab\u00e9ticos. Con ingredientes activos: oligop\u00e9ptidos, hidroxiprolina, oligosac\u00e1ridos del altramuz. Modo de empleo: Aplicar 1-2 veces al d\u00eda sobre los pies [&hellip;]<\/p>","protected":false},"featured_media":6088,"comment_status":"open","ping_status":"closed","template":"","meta":{"_acf_changed":false,"inline_featured_image":false},"product_cat":[105],"product_tag":[],"genre":[],"class_list":{"0":"post-6043","1":"product","2":"type-product","3":"status-publish","4":"has-post-thumbnail","6":"product_cat-salud","8":"first","9":"instock","10":"taxable","11":"shipping-taxable","12":"purchasable","13":"product-type-simple","14":"add-to-wishlist-after_add_to_cart"},"acf":[],"_links":{"self":[{"href":"https:\/\/compraencieza.es\/en\/wp-json\/wp\/v2\/product\/6043","targetHints":{"allow":["GET"]}}],"collection":[{"href":"https:\/\/compraencieza.es\/en\/wp-json\/wp\/v2\/product"}],"about":[{"href":"https:\/\/compraencieza.es\/en\/wp-json\/wp\/v2\/types\/product"}],"replies":[{"embeddable":true,"href":"https:\/\/compraencieza.es\/en\/wp-json\/wp\/v2\/comments?post=6043"}],"wp:featuredmedia":[{"embeddable":true,"href":"https:\/\/compraencieza.es\/en\/wp-json\/wp\/v2\/media\/6088"}],"wp:attachment":[{"href":"https:\/\/compraencieza.es\/en\/wp-json\/wp\/v2\/media?parent=6043"}],"wp:term":[{"taxonomy":"product_cat","embeddable":true,"href":"https:\/\/compraencieza.es\/en\/wp-json\/wp\/v2\/product_cat?post=6043"},{"taxonomy":"product_tag","embeddable":true,"href":"https:\/\/compraencieza.es\/en\/wp-json\/wp\/v2\/product_tag?post=6043"},{"taxonomy":"product_brand","embeddable":true,"href":"https:\/\/compraencieza.es\/en\/wp-json\/wp\/v2\/genre?post=6043"}],"curies":[{"name":"wp","href":"https:\/\/api.w.org\/{rel}","templated":true}]}}