{"id":6044,"date":"2025-01-10T10:49:54","date_gmt":"2025-01-10T09:49:54","guid":{"rendered":"https:\/\/compraencieza.es\/?post_type=product&#038;p=6044"},"modified":"2025-01-10T11:06:25","modified_gmt":"2025-01-10T10:06:25","slug":"ziaja-crema-solar-spf-50","status":"publish","type":"product","link":"https:\/\/compraencieza.es\/en\/product\/ziaja-crema-solar-spf-50\/","title":{"rendered":"Ziaja Sun Cream SPF 50+"},"content":{"rendered":"<p>Crema facial antioxidante con vitamina C y protecci\u00f3n solar muy alta SPF 50+, que protege de rayos UVA+UVB.<br \/>\nLos rayos UVA provocan el envejecimiento prematuro de la piel, mientras que los rayos UVB son los causantes del bronceado y tambi\u00e9n de las quemaduras solares.<\/p>\n<p>Es apta para todo tipo de pieles, aunque se recomienda principalmente para piel seca, deshidratada, sensible, irritada, madura o con manchas de pigmentaci\u00f3n.<br \/>\nApta a partir de 17 a\u00f1os.<\/p>\n<p>Ingredientes activos: filtros org\u00e1nicos UVA\/UVB, provitamina B5 (d-panthenol), vitamina C y vitamina E.<\/p>\n<p>Modo de empleo: Aplicar sobre la piel 15 minutos antes de la exposici\u00f3n solar. Repetir la aplicaci\u00f3n frecuentemente, especialmente despu\u00e9s de nadar, secarse o de sudoraci\u00f3n.<\/p>\n<p>\u00a1PRECAUCI\u00d3N! Una excesiva exposici\u00f3n solar puede ser un riesgo para la salud. El producto no garantiza un 100% de protecci\u00f3n contra los rayos UV.<\/p>","protected":false},"excerpt":{"rendered":"<p>Crema facial antioxidante con vitamina C y protecci\u00f3n solar muy alta SPF 50+, que protege de rayos UVA+UVB. Los rayos UVA provocan el envejecimiento prematuro de la piel, mientras que los rayos UVB son los causantes del bronceado y tambi\u00e9n de las quemaduras solares. Es apta para todo tipo de pieles, aunque se recomienda principalmente [&hellip;]<\/p>","protected":false},"featured_media":6094,"comment_status":"open","ping_status":"closed","template":"","meta":{"_acf_changed":false,"inline_featured_image":false},"product_cat":[105],"product_tag":[],"genre":[],"class_list":{"0":"post-6044","1":"product","2":"type-product","3":"status-publish","4":"has-post-thumbnail","6":"product_cat-salud","8":"first","9":"instock","10":"taxable","11":"shipping-taxable","12":"purchasable","13":"product-type-simple","14":"add-to-wishlist-after_add_to_cart"},"acf":[],"_links":{"self":[{"href":"https:\/\/compraencieza.es\/en\/wp-json\/wp\/v2\/product\/6044","targetHints":{"allow":["GET"]}}],"collection":[{"href":"https:\/\/compraencieza.es\/en\/wp-json\/wp\/v2\/product"}],"about":[{"href":"https:\/\/compraencieza.es\/en\/wp-json\/wp\/v2\/types\/product"}],"replies":[{"embeddable":true,"href":"https:\/\/compraencieza.es\/en\/wp-json\/wp\/v2\/comments?post=6044"}],"wp:featuredmedia":[{"embeddable":true,"href":"https:\/\/compraencieza.es\/en\/wp-json\/wp\/v2\/media\/6094"}],"wp:attachment":[{"href":"https:\/\/compraencieza.es\/en\/wp-json\/wp\/v2\/media?parent=6044"}],"wp:term":[{"taxonomy":"product_cat","embeddable":true,"href":"https:\/\/compraencieza.es\/en\/wp-json\/wp\/v2\/product_cat?post=6044"},{"taxonomy":"product_tag","embeddable":true,"href":"https:\/\/compraencieza.es\/en\/wp-json\/wp\/v2\/product_tag?post=6044"},{"taxonomy":"product_brand","embeddable":true,"href":"https:\/\/compraencieza.es\/en\/wp-json\/wp\/v2\/genre?post=6044"}],"curies":[{"name":"wp","href":"https:\/\/api.w.org\/{rel}","templated":true}]}}